{"id":297,"date":"2020-10-08T20:46:10","date_gmt":"2020-10-08T20:46:10","guid":{"rendered":"http:\/\/www.iac.com.uy\/iac\/?page_id=297"},"modified":"2025-06-26T16:40:52","modified_gmt":"2025-06-26T19:40:52","slug":"nuestras-instalaciones","status":"publish","type":"page","link":"https:\/\/www.iac.com.uy\/iac\/nuestras-instalaciones\/","title":{"rendered":"Nuestras instalaciones"},"content":{"rendered":"<p>[et_pb_section fb_built=\u00bb1&#8243; fullwidth=\u00bbon\u00bb _builder_version=\u00bb4.16&#8243; background_enable_image=\u00bboff\u00bb bottom_divider_color=\u00bb#f4d5be\u00bb bottom_divider_flip=\u00bbhorizontal\u00bb animation_style=\u00bbslide\u00bb animation_direction=\u00bbtop\u00bb animation_intensity_slide=\u00bb2%\u00bb global_colors_info=\u00bb{}\u00bb][et_pb_fullwidth_header title=\u00bbNuestras instalaciones\u00bb text_orientation=\u00bbcenter\u00bb background_overlay_color=\u00bbrgba(96,0,0,0.45)\u00bb _builder_version=\u00bb4.16&#8243; title_font=\u00bbLato|700|||||||\u00bb title_font_size=\u00bb46px\u00bb title_line_height=\u00bb1.5em\u00bb content_font=\u00bbLato||||||||\u00bb content_font_size=\u00bb20px\u00bb content_line_height=\u00bb1.8em\u00bb subhead_font=\u00bbLato|700|||||||\u00bb subhead_font_size=\u00bb25px\u00bb subhead_line_height=\u00bb1.5em\u00bb background_enable_color=\u00bboff\u00bb background_image=\u00bbhttps:\/\/www.iac.com.uy\/iac\/wp-content\/uploads\/2020\/09\/117387573_2818161548413632_1608503919729560036_o.jpg\u00bb custom_margin=\u00bb||1px|||\u00bb custom_padding=\u00bb2vw||30px||false|\u00bb title_font_size_tablet=\u00bb36px\u00bb title_font_size_phone=\u00bb\u00bb title_font_size_last_edited=\u00bbon|phone\u00bb global_colors_info=\u00bb{}\u00bb button_one_text_size__hover_enabled=\u00bboff\u00bb button_two_text_size__hover_enabled=\u00bboff\u00bb button_one_text_color__hover_enabled=\u00bboff\u00bb button_two_text_color__hover_enabled=\u00bboff\u00bb button_one_border_width__hover_enabled=\u00bboff\u00bb button_two_border_width__hover_enabled=\u00bboff\u00bb button_one_border_color__hover_enabled=\u00bboff\u00bb button_two_border_color__hover_enabled=\u00bboff\u00bb button_one_border_radius__hover_enabled=\u00bboff\u00bb button_two_border_radius__hover_enabled=\u00bboff\u00bb button_one_letter_spacing__hover_enabled=\u00bboff\u00bb button_two_letter_spacing__hover_enabled=\u00bboff\u00bb button_one_bg_color__hover_enabled=\u00bboff\u00bb button_two_bg_color__hover_enabled=\u00bboff\u00bb][\/et_pb_fullwidth_header][\/et_pb_section][et_pb_section fb_built=\u00bb1&#8243; admin_label=\u00bbPublications\u00bb _builder_version=\u00bb4.16&#8243; background_enable_color=\u00bboff\u00bb background_enable_image=\u00bboff\u00bb custom_margin=\u00bb|||\u00bb custom_padding=\u00bb22px||22px||true|false\u00bb top_divider_style=\u00bbarrow3&#8243; top_divider_color=\u00bb#622626&#8243; top_divider_height=\u00bb77px\u00bb top_divider_flip=\u00bbvertical\u00bb top_divider_arrangement=\u00bbabove_content\u00bb bottom_divider_color=\u00bb#f4d5be\u00bb bottom_divider_flip=\u00bbvertical\u00bb bottom_divider_arrangement=\u00bbabove_content\u00bb locked=\u00bboff\u00bb global_colors_info=\u00bb{}\u00bb][et_pb_row _builder_version=\u00bb4.16&#8243; custom_margin_tablet=\u00bb0px||||false|false\u00bb custom_margin_phone=\u00bb\u00bb custom_margin_last_edited=\u00bbon|tablet\u00bb custom_padding=\u00bb95px||45px|||\u00bb animation_direction=\u00bbbottom\u00bb use_custom_width=\u00bbon\u00bb global_colors_info=\u00bb{}\u00bb][et_pb_column type=\u00bb4_4&#8243; _builder_version=\u00bb4.16&#8243; custom_padding=\u00bb|||\u00bb global_colors_info=\u00bb{}\u00bb custom_padding__hover=\u00bb|||\u00bb][et_pb_text _builder_version=\u00bb4.21.0&#8243; _module_preset=\u00bbdefault\u00bb text_font=\u00bbRoboto||||||||\u00bb text_text_color=\u00bb#363636&#8243; text_font_size=\u00bb17px\u00bb header_2_font=\u00bbGlacial Indifference|600|||||||\u00bb header_2_text_align=\u00bbcenter\u00bb header_2_text_color=\u00bb#702f29&#8243; header_2_font_size=\u00bb52px\u00bb text_orientation=\u00bbcenter\u00bb custom_margin=\u00bb||-21px|||\u00bb custom_padding=\u00bb||7px|||\u00bb hover_enabled=\u00bb0&#8243; global_colors_info=\u00bb{}\u00bb sticky_enabled=\u00bb0&#8243;]<\/p>\n<h3>Los mejores <span style=\"color: #CD7220;\">equipos y servicios<\/span> a su disposici\u00f3n.<\/h3>\n<p>[\/et_pb_text][\/et_pb_column][\/et_pb_row][et_pb_row _builder_version=\u00bb4.16&#8243; custom_margin=\u00bb10px|auto||auto||\u00bb custom_padding=\u00bb3px||1px|||\u00bb animation_direction=\u00bbbottom\u00bb use_custom_width=\u00bbon\u00bb global_colors_info=\u00bb{}\u00bb][et_pb_column type=\u00bb4_4&#8243; _builder_version=\u00bb4.16&#8243; custom_padding=\u00bb|||\u00bb global_colors_info=\u00bb{}\u00bb custom_padding__hover=\u00bb|||\u00bb][et_pb_text _builder_version=\u00bb4.16&#8243; _module_preset=\u00bbdefault\u00bb text_font=\u00bbArimo||||||||\u00bb text_text_color=\u00bb#363636&#8243; text_font_size=\u00bb16px\u00bb text_orientation=\u00bbjustified\u00bb custom_margin=\u00bb-3px|||||\u00bb custom_padding=\u00bb15px|||||\u00bb global_colors_info=\u00bb{}\u00bb]El\u00a0<strong>Instituto Asistencial Colectivo<\/strong>\u00a0cuenta con un Sanatorio de Internaci\u00f3n m\u00e9dico-quir\u00fargico y pedi\u00e1trico, con 37 camas de cuidados convencionales, \u00c1rea del Reci\u00e9n Nacido, CTI y Block Quir\u00fargico totalmente equipados, Sala de Partos con equipamiento acorde a las necesidades y o requerimientos.<\/p>\n<p>Centro de Cuidados Intensivos (CTI) remodelado totalmente, con capacidad para 6 camas y segunda planta con Block Quir\u00fargico, y Centro de Materiales nuevo, con tecnolog\u00eda de \u00faltima generaci\u00f3n para cirug\u00edas convencionales y especializadas.[\/et_pb_text][\/et_pb_column][\/et_pb_row][et_pb_row column_structure=\u00bb1_2,1_2&#8243; _builder_version=\u00bb4.16&#8243; _module_preset=\u00bbdefault\u00bb custom_padding=\u00bb||2px|||\u00bb global_colors_info=\u00bb{}\u00bb][et_pb_column type=\u00bb1_2&#8243; _builder_version=\u00bb4.16&#8243; _module_preset=\u00bbdefault\u00bb global_colors_info=\u00bb{}\u00bb][et_pb_video src=\u00bbhttps:\/\/youtu.be\/sluP3ErpJ-0&#8243; _builder_version=\u00bb4.16&#8243; _module_preset=\u00bbdefault\u00bb custom_margin=\u00bb5px|||||\u00bb animation_style=\u00bbbounce\u00bb global_colors_info=\u00bb{}\u00bb][\/et_pb_video][\/et_pb_column][et_pb_column type=\u00bb1_2&#8243; _builder_version=\u00bb4.16&#8243; _module_preset=\u00bbdefault\u00bb global_colors_info=\u00bb{}\u00bb][et_pb_text _builder_version=\u00bb4.21.0&#8243; _module_preset=\u00bbdefault\u00bb text_font=\u00bbRoboto||||||||\u00bb text_text_color=\u00bb#363636&#8243; text_font_size=\u00bb17px\u00bb custom_padding=\u00bb||0px|||\u00bb hover_enabled=\u00bb0&#8243; global_colors_info=\u00bb{}\u00bb sticky_enabled=\u00bb0&#8243;]<span style=\"color: #CD7220;\"><strong>Infraestructura<\/strong><\/span><\/p>\n<ul>\n<li>37 camas de cuidados convencionales, polivalente de adulto y pedi\u00e1trico.<\/li>\n<li>2 salas de Block Quir\u00fargico y Sala de Partos<\/li>\n<li>Servicio de Emergencia para adultos y ni\u00f1os, con apoyo de Unidad de Emergencia M\u00f3vil y unidades de traslados complejos y comunes.<\/li>\n<li>Centro de Imagenolog\u00eda: centraliza las Salas de Rayos X, Ecograf\u00edas y Tom\u00f3grafo<\/li>\n<li>M\u00e1s de 80 m\u00e9dicos radicados en Treinta y Tres<\/li>\n<li>M\u00e1s de 400 funcionarios<\/li>\n<li>5 policl\u00ednicos en las principales localidades de la regi\u00f3n<\/li>\n<\/ul>\n<p>[\/et_pb_text][\/et_pb_column][\/et_pb_row][\/et_pb_section][et_pb_section fb_built=\u00bb1&#8243; specialty=\u00bbon\u00bb _builder_version=\u00bb4.16&#8243; _module_preset=\u00bbdefault\u00bb custom_padding=\u00bb2px||0px|||\u00bb global_colors_info=\u00bb{}\u00bb][et_pb_column type=\u00bb1_2&#8243; _builder_version=\u00bb4.16&#8243; custom_padding=\u00bb|||\u00bb global_colors_info=\u00bb{}\u00bb custom_padding__hover=\u00bb|||\u00bb][et_pb_blurb image=\u00bbhttps:\/\/www.iac.com.uy\/iac\/wp-content\/uploads\/2020\/11\/fotoextra3.jpg\u00bb _builder_version=\u00bb4.21.0&#8243; _module_preset=\u00bbdefault\u00bb header_font=\u00bbRoboto||||||||\u00bb body_font=\u00bbRoboto||||||||\u00bb body_text_align=\u00bbleft\u00bb body_text_color=\u00bb#363636&#8243; body_font_size=\u00bb17px\u00bb custom_margin=\u00bb-26px|||||\u00bb border_radii_image=\u00bbon|5px|5px|5px|5px\u00bb border_color_bottom_image=\u00bb#ff6000&#8243; box_shadow_style_image=\u00bbpreset1&#8243; global_colors_info=\u00bb{}\u00bb]<\/p>\n<p>El Policl\u00ednico Central \u201cDr. Eduardo P\u00e9rez\u201d cuenta con 21 consultorios, funcionales y modernamente equipados dispuestos en una espaciosa \u00e1rea con sus diferentes sectores diferenciados por especialidades.<br \/>En el mismo espacio se ubica el sector Expedici\u00f3n de Medicamentos, Atenci\u00f3n al Usuario y Expedici\u00f3n de \u00d3rdenes, mientras que en la parte superior se encuentra el \u00c1rea Administrativa y Contable.<\/p>\n<p>[\/et_pb_blurb][\/et_pb_column][et_pb_column type=\u00bb1_2&#8243; specialty_columns=\u00bb2&#8243; _builder_version=\u00bb4.16&#8243; custom_padding=\u00bb|||\u00bb global_colors_info=\u00bb{}\u00bb custom_padding__hover=\u00bb|||\u00bb][et_pb_row_inner _builder_version=\u00bb4.16&#8243; _module_preset=\u00bbdefault\u00bb custom_margin=\u00bb|3px||||\u00bb custom_padding=\u00bb4px|||||\u00bb global_colors_info=\u00bb{}\u00bb][et_pb_column_inner saved_specialty_column_type=\u00bb1_2&#8243; _builder_version=\u00bb4.16&#8243; _module_preset=\u00bbdefault\u00bb global_colors_info=\u00bb{}\u00bb][et_pb_image src=\u00bbhttps:\/\/www.iac.com.uy\/iac\/wp-content\/uploads\/2020\/11\/fotoextra.jpg\u00bb title_text=\u00bbfotoextra\u00bb align=\u00bbcenter\u00bb _builder_version=\u00bb4.16&#8243; _module_preset=\u00bbdefault\u00bb animation_style=\u00bbbounce\u00bb border_radii=\u00bbon|5px|5px|5px|5px\u00bb border_color_bottom=\u00bb#ff6000&#8243; box_shadow_style=\u00bbpreset1&#8243; global_colors_info=\u00bb{}\u00bb][\/et_pb_image][et_pb_text _builder_version=\u00bb4.21.0&#8243; _module_preset=\u00bbdefault\u00bb text_font=\u00bbRoboto||||||||\u00bb text_text_color=\u00bb#363636&#8243; text_font_size=\u00bb17px\u00bb width=\u00bb100%\u00bb max_width=\u00bb1280px\u00bb module_alignment=\u00bbcenter\u00bb custom_margin=\u00bb0px|||-1px|false|false\u00bb custom_padding=\u00bb0px|0px||0px|false|false\u00bb global_colors_info=\u00bb{}\u00bb]<\/p>\n<p>IAC dispone de recursos humanos capacitados, entre ellos m\u00e9dicos que abarcan la totalidad de las especialidades m\u00e1s requeridas.<br \/>Laboratorio de An\u00e1lisis Cl\u00ednicos, Laboratorio de Anatom\u00eda Patol\u00f3gica y Hemoterapia,\u00a0que funcionan en un edificio anexo al Policl\u00ednico Central.<\/p>\n<p>[\/et_pb_text][\/et_pb_column_inner][\/et_pb_row_inner][\/et_pb_column][\/et_pb_section][et_pb_section fb_built=\u00bb1&#8243; _builder_version=\u00bb4.16&#8243; _module_preset=\u00bbdefault\u00bb custom_padding=\u00bb2px||0px|||\u00bb global_colors_info=\u00bb{}\u00bb][et_pb_row column_structure=\u00bb1_4,3_4&#8243; _builder_version=\u00bb4.16&#8243; _module_preset=\u00bbdefault\u00bb global_colors_info=\u00bb{}\u00bb][et_pb_column type=\u00bb1_4&#8243; _builder_version=\u00bb4.16&#8243; _module_preset=\u00bbdefault\u00bb global_colors_info=\u00bb{}\u00bb][et_pb_image src=\u00bbhttps:\/\/www.iac.com.uy\/iac\/wp-content\/uploads\/2020\/11\/fotoextra4.jpg\u00bb title_text=\u00bbfotoextra4&#8243; align=\u00bbcenter\u00bb _builder_version=\u00bb4.16&#8243; _module_preset=\u00bbdefault\u00bb animation_style=\u00bbbounce\u00bb border_radii=\u00bbon|5px|5px|5px|5px\u00bb border_color_bottom=\u00bb#ff6000&#8243; box_shadow_style=\u00bbpreset1&#8243; global_colors_info=\u00bb{}\u00bb][\/et_pb_image][\/et_pb_column][et_pb_column type=\u00bb3_4&#8243; _builder_version=\u00bb4.16&#8243; _module_preset=\u00bbdefault\u00bb global_colors_info=\u00bb{}\u00bb][et_pb_text _builder_version=\u00bb4.21.0&#8243; _module_preset=\u00bbdefault\u00bb text_font=\u00bbRoboto||||||||\u00bb text_text_color=\u00bb#363636&#8243; text_font_size=\u00bb17px\u00bb width=\u00bb100%\u00bb max_width=\u00bb1280px\u00bb module_alignment=\u00bbcenter\u00bb custom_margin=\u00bb29px|||-1px|false|false\u00bb custom_padding=\u00bb0px|0px||0px|false|false\u00bb locked=\u00bboff\u00bb global_colors_info=\u00bb{}\u00bb]<\/p>\n<p>Para dar cumplimiento a los requerimientos de rehabilitaci\u00f3n se encuentra, en un \u00e1rea independiente, el Departamento de\u00a0Fisioterapia y Fisiatr\u00eda.<\/p>\n<p>Los\u00a0cinco policl\u00ednicos\u00a0cuentan con atenci\u00f3n permanente en las principales localidades: Vergara, Santa Clara de Olimar, Cerro Chato, Charqueada y Jos\u00e9 Pedro Varela, todas ellas con m\u00e9dicos y enfermeros residentes.<\/p>\n<p>[\/et_pb_text][\/et_pb_column][\/et_pb_row][\/et_pb_section][et_pb_section fb_built=\u00bb1&#8243; _builder_version=\u00bb4.16&#8243; _module_preset=\u00bbdefault\u00bb custom_margin=\u00bb-4px||||false|false\u00bb custom_margin_tablet=\u00bb-15px||||false|false\u00bb custom_margin_phone=\u00bb\u00bb custom_margin_last_edited=\u00bbon|tablet\u00bb custom_padding=\u00bb4px||3px|||\u00bb global_colors_info=\u00bb{}\u00bb][et_pb_row _builder_version=\u00bb4.16&#8243; _module_preset=\u00bbdefault\u00bb custom_padding=\u00bb3px|||||\u00bb global_colors_info=\u00bb{}\u00bb][et_pb_column type=\u00bb4_4&#8243; _builder_version=\u00bb4.16&#8243; _module_preset=\u00bbdefault\u00bb global_colors_info=\u00bb{}\u00bb][et_pb_text _builder_version=\u00bb4.21.0&#8243; _module_preset=\u00bbdefault\u00bb text_font=\u00bbRoboto||||||||\u00bb text_text_color=\u00bb#363636&#8243; text_font_size=\u00bb17px\u00bb global_colors_info=\u00bb{}\u00bb]<\/p>\n<p>Adem\u00e1s, IAC dispone de dos divisiones, que cumplen con tareas esenciales para que el servicio de atenci\u00f3n m\u00e9dica-hospitalaria tenga las garant\u00edas necesarias, ellas son: la energ\u00e9tica, cuenta con dos equipos de generaci\u00f3n propia; y la F\u00e1brica de Ox\u00edgeno, de generaci\u00f3n y distribuci\u00f3n sanatorial.<\/p>\n<p>[\/et_pb_text][\/et_pb_column][\/et_pb_row][\/et_pb_section]<\/p>\n","protected":false},"excerpt":{"rendered":"<p>Los mejores equipos y servicios a su disposici\u00f3n.El\u00a0Instituto Asistencial Colectivo\u00a0cuenta con un Sanatorio de Internaci\u00f3n m\u00e9dico-quir\u00fargico y pedi\u00e1trico, con 37 camas de cuidados convencionales, \u00c1rea del Reci\u00e9n Nacido, CTI y Block Quir\u00fargico totalmente equipados, Sala de Partos con equipamiento acorde a las necesidades y o requerimientos. Centro de Cuidados Intensivos (CTI) remodelado totalmente, con capacidad [&hellip;]<\/p>\n","protected":false},"author":1,"featured_media":0,"parent":0,"menu_order":0,"comment_status":"closed","ping_status":"closed","template":"","meta":{"_et_pb_use_builder":"on","_et_pb_old_content":"","_et_gb_content_width":"","footnotes":""},"class_list":["post-297","page","type-page","status-publish","hentry"],"_links":{"self":[{"href":"https:\/\/www.iac.com.uy\/iac\/wp-json\/wp\/v2\/pages\/297","targetHints":{"allow":["GET"]}}],"collection":[{"href":"https:\/\/www.iac.com.uy\/iac\/wp-json\/wp\/v2\/pages"}],"about":[{"href":"https:\/\/www.iac.com.uy\/iac\/wp-json\/wp\/v2\/types\/page"}],"author":[{"embeddable":true,"href":"https:\/\/www.iac.com.uy\/iac\/wp-json\/wp\/v2\/users\/1"}],"replies":[{"embeddable":true,"href":"https:\/\/www.iac.com.uy\/iac\/wp-json\/wp\/v2\/comments?post=297"}],"version-history":[{"count":36,"href":"https:\/\/www.iac.com.uy\/iac\/wp-json\/wp\/v2\/pages\/297\/revisions"}],"predecessor-version":[{"id":2513,"href":"https:\/\/www.iac.com.uy\/iac\/wp-json\/wp\/v2\/pages\/297\/revisions\/2513"}],"wp:attachment":[{"href":"https:\/\/www.iac.com.uy\/iac\/wp-json\/wp\/v2\/media?parent=297"}],"curies":[{"name":"wp","href":"https:\/\/api.w.org\/{rel}","templated":true}]}}