{"id":272,"date":"2020-09-29T21:41:00","date_gmt":"2020-09-29T21:41:00","guid":{"rendered":"http:\/\/www.iac.com.uy\/iac\/?page_id=272"},"modified":"2025-06-26T16:54:13","modified_gmt":"2025-06-26T19:54:13","slug":"policlinicos","status":"publish","type":"page","link":"https:\/\/www.iac.com.uy\/iac\/policlinicos\/","title":{"rendered":"Policl\u00ednicos"},"content":{"rendered":"<p>[et_pb_section fb_built=\u00bb1&#8243; fullwidth=\u00bbon\u00bb next_background_color=\u00bb#ffffff\u00bb _builder_version=\u00bb4.16&#8243; background_enable_color=\u00bboff\u00bb background_image=\u00bbhttps:\/\/www.iac.com.uy\/iac\/wp-content\/uploads\/2020\/09\/img-ambulancia-2.jpeg\u00bb bottom_divider_style=\u00bbslant\u00bb bottom_divider_height=\u00bb44px\u00bb global_colors_info=\u00bb{}\u00bb][et_pb_fullwidth_header title=\u00bbPolicl\u00ednicos\u00bb text_orientation=\u00bbcenter\u00bb background_overlay_color=\u00bbrgba(96,0,0,0.45)\u00bb _builder_version=\u00bb4.16&#8243; title_font=\u00bbGlacial Indifference|700|||||||\u00bb title_text_color=\u00bb#ffffff\u00bb title_font_size=\u00bb46px\u00bb title_line_height=\u00bb1.5em\u00bb content_font=\u00bbArimo||||||||\u00bb content_text_align=\u00bbcenter\u00bb content_text_color=\u00bb#ffffff\u00bb content_font_size=\u00bb18px\u00bb content_letter_spacing=\u00bb1px\u00bb content_line_height=\u00bb1em\u00bb subhead_font=\u00bbLato|700|||||||\u00bb subhead_text_color=\u00bb#000000&#8243; subhead_font_size=\u00bb25px\u00bb subhead_line_height=\u00bb1.5em\u00bb background_enable_color=\u00bboff\u00bb background_enable_image=\u00bboff\u00bb custom_margin=\u00bb|||\u00bb custom_padding=\u00bb2vw||73px||false|\u00bb animation_style=\u00bbslide\u00bb animation_direction=\u00bbtop\u00bb animation_intensity_slide=\u00bb2%\u00bb title_font_size_tablet=\u00bb36px\u00bb title_font_size_phone=\u00bb\u00bb title_font_size_last_edited=\u00bbon|phone\u00bb title_text_shadow_style=\u00bbpreset2&#8243; content_text_shadow_style=\u00bbpreset2&#8243; global_colors_info=\u00bb{}\u00bb button_one_text_size__hover_enabled=\u00bboff\u00bb button_two_text_size__hover_enabled=\u00bboff\u00bb button_one_text_color__hover_enabled=\u00bboff\u00bb button_two_text_color__hover_enabled=\u00bboff\u00bb button_one_border_width__hover_enabled=\u00bboff\u00bb button_two_border_width__hover_enabled=\u00bboff\u00bb button_one_border_color__hover_enabled=\u00bboff\u00bb button_two_border_color__hover_enabled=\u00bboff\u00bb button_one_border_radius__hover_enabled=\u00bboff\u00bb button_two_border_radius__hover_enabled=\u00bboff\u00bb button_one_letter_spacing__hover_enabled=\u00bboff\u00bb button_two_letter_spacing__hover_enabled=\u00bboff\u00bb button_one_bg_color__hover_enabled=\u00bboff\u00bb button_two_bg_color__hover_enabled=\u00bboff\u00bb]<\/p>\n<p>Llegando a toda la regi\u00f3n<\/p>\n<p>[\/et_pb_fullwidth_header][\/et_pb_section][et_pb_section fb_built=\u00bb1&#8243; admin_label=\u00bbAbout Me\u00bb _builder_version=\u00bb4.16&#8243; background_enable_color=\u00bboff\u00bb custom_padding=\u00bb28px||4px||false|false\u00bb bottom_divider_color=\u00bb#000000&#8243; bottom_divider_flip=\u00bbhorizontal\u00bb global_colors_info=\u00bb{}\u00bb][et_pb_row _builder_version=\u00bb4.16&#8243; _module_preset=\u00bbdefault\u00bb global_colors_info=\u00bb{}\u00bb][et_pb_column type=\u00bb4_4&#8243; _builder_version=\u00bb4.16&#8243; _module_preset=\u00bbdefault\u00bb global_colors_info=\u00bb{}\u00bb][et_pb_blurb title=\u00bbVERGARA | Cnel. Marcelo Barreto 1101&#8243; _builder_version=\u00bb4.21.0&#8243; _module_preset=\u00bbdefault\u00bb header_level=\u00bbh2&#8243; header_font=\u00bbGlacial Indifference|700|||||||\u00bb header_text_color=\u00bb#cd7220&#8243; header_font_size=\u00bb27px\u00bb body_font=\u00bbArimo||||||||\u00bb body_text_align=\u00bbcenter\u00bb body_text_color=\u00bb#363636&#8243; body_font_size=\u00bb18px\u00bb text_orientation=\u00bbcenter\u00bb custom_padding=\u00bb18px|||||\u00bb hover_enabled=\u00bb0&#8243; global_colors_info=\u00bb{}\u00bb sticky_enabled=\u00bb0&#8243;]<\/p>\n<p><strong>Horarios de Atenci\u00f3n<\/strong><br \/>Lunes a Viernes de 06:30 a 21:30 horas<br \/>S\u00e1bados de 10:00 a 16:00 horas<\/p>\n<p>[\/et_pb_blurb][et_pb_image src=\u00bbhttps:\/\/www.iac.com.uy\/iac\/wp-content\/uploads\/2020\/10\/polivergara1.jpeg\u00bb title_text=\u00bbpolivergara1&#8243; _builder_version=\u00bb4.16&#8243; _module_preset=\u00bbdefault\u00bb global_colors_info=\u00bb{}\u00bb][\/et_pb_image][\/et_pb_column][\/et_pb_row][et_pb_row _builder_version=\u00bb4.16&#8243; _module_preset=\u00bbdefault\u00bb custom_padding=\u00bb6px|||||\u00bb locked=\u00bboff\u00bb global_colors_info=\u00bb{}\u00bb][et_pb_column type=\u00bb4_4&#8243; _builder_version=\u00bb4.16&#8243; _module_preset=\u00bbdefault\u00bb global_colors_info=\u00bb{}\u00bb][et_pb_code _builder_version=\u00bb4.16&#8243; _module_preset=\u00bbdefault\u00bb text_orientation=\u00bbcenter\u00bb module_alignment=\u00bbcenter\u00bb box_shadow_style=\u00bbpreset3&#8243; global_colors_info=\u00bb{}\u00bb]<iframe loading=\"lazy\" src=\"https:\/\/www.google.com\/maps\/embed?pb=!1m18!1m12!1m3!1d1674.2601507486713!2d-53.9396181865038!3d-32.937269983030404!2m3!1f0!2f0!3f0!3m2!1i1024!2i768!4f13.1!3m3!1m2!1s0x950c031115b0a1a3%3A0x614637ae29d4e6f1!2sPoliclinico%20De%20I.A.C%20(Instituto%20Asistencial%20Colectivo)!5e0!3m2!1ses!2suy!4v1602858993737!5m2!1ses!2suy\" width=\"900\" height=\"400\" frameborder=\"0\" style=\"border:0;\" allowfullscreen=\"\" aria-hidden=\"false\" tabindex=\"0\"><\/iframe>[\/et_pb_code][\/et_pb_column][\/et_pb_row][et_pb_row column_structure=\u00bb1_2,1_2&#8243; _builder_version=\u00bb4.16&#8243; _module_preset=\u00bbdefault\u00bb custom_padding=\u00bb1px|||||\u00bb global_colors_info=\u00bb{}\u00bb][et_pb_column type=\u00bb1_2&#8243; _builder_version=\u00bb4.16&#8243; _module_preset=\u00bbdefault\u00bb global_colors_info=\u00bb{}\u00bb][et_pb_text _builder_version=\u00bb4.16&#8243; _module_preset=\u00bbdefault\u00bb text_font=\u00bbArimo||||||||\u00bb text_text_color=\u00bb#363636&#8243; text_font_size=\u00bb15px\u00bb text_line_height=\u00bb1.2em\u00bb text_orientation=\u00bbjustified\u00bb global_colors_info=\u00bb{}\u00bb]<\/p>\n<blockquote>\n<p><strong>Medicina General<\/strong><\/p>\n<\/blockquote>\n<p>Dra. Dom\u00ednguez | Lunes 14:30, Martes 8:30 y Viernes 8:30 y 14:30 horas<br \/> Dr. Bentancur | Lunes 8:30, Martes 15:30, Jueves 15:30 horas<br \/> Dr. Medeiros | Jueves 08:30, Mi\u00e9rcoles 08:30 y 15:30 horas<\/p>\n<blockquote>\n<p><strong>Policl\u00ednica de Especialistas<\/strong><\/p>\n<\/blockquote>\n<p style=\"text-align: left;\">Otorrinolaring\u00f3logo \/ Ginecolog\u00eda \/ Endocrinolog\u00eda \/ Neumolog\u00eda \/ Cardiolog\u00eda \/ Urolog\u00eda \/ Gastroenterolog\u00eda \/ Oftalmolog\u00eda \/ Cirug\u00eda \/ Traumatolog\u00eda<\/p>\n<blockquote>\n<p><strong>An\u00e1lisis Cl\u00ednicos<\/strong><\/p>\n<\/blockquote>\n<p>Lunes a Viernes de 07:00 a 08:00 horas<\/p>\n<p>[\/et_pb_text][\/et_pb_column][et_pb_column type=\u00bb1_2&#8243; _builder_version=\u00bb4.16&#8243; _module_preset=\u00bbdefault\u00bb global_colors_info=\u00bb{}\u00bb][et_pb_text _builder_version=\u00bb4.16&#8243; _module_preset=\u00bbdefault\u00bb text_font=\u00bbArimo||||||||\u00bb text_text_color=\u00bb#363636&#8243; text_font_size=\u00bb15px\u00bb text_line_height=\u00bb1.2em\u00bb text_orientation=\u00bbjustified\u00bb locked=\u00bboff\u00bb global_colors_info=\u00bb{}\u00bb]<\/p>\n<blockquote>\n<p><strong>Odontolog\u00eda<\/strong><\/p>\n<\/blockquote>\n<p>Dr. Becerra | Mi\u00e9rcoles, Jueves y Viernes de 17:00 a 19:00 horas<\/p>\n<blockquote>\n<p><strong>Laboratorio<\/strong><\/p>\n<\/blockquote>\n<p>Extracciones | Lunes a viernes de 07:00 a 08:00 horas<br \/> Fisioterapia | Lunes a Viernes de 08:00 a 13:00 horas<\/p>\n<blockquote>\n<p><strong>Vacunaciones<\/strong><\/p>\n<\/blockquote>\n<p>Martes y Viernes de 14:00 a 16:45 horas<\/p>\n<p>[\/et_pb_text][\/et_pb_column][\/et_pb_row][\/et_pb_section][et_pb_section fb_built=\u00bb1&#8243; admin_label=\u00bbAbout Me\u00bb _builder_version=\u00bb4.16&#8243; background_enable_color=\u00bboff\u00bb custom_padding=\u00bb4px||28px||false|false\u00bb bottom_divider_color=\u00bb#000000&#8243; bottom_divider_flip=\u00bbhorizontal\u00bb locked=\u00bboff\u00bb global_colors_info=\u00bb{}\u00bb][et_pb_row column_structure=\u00bb1_3,2_3&#8243; _builder_version=\u00bb4.16&#8243; _module_preset=\u00bbdefault\u00bb custom_margin_tablet=\u00bb\u00bb custom_margin_phone=\u00bb-44px||||false|false\u00bb custom_margin_last_edited=\u00bbon|phone\u00bb global_colors_info=\u00bb{}\u00bb][et_pb_column type=\u00bb1_3&#8243; _builder_version=\u00bb4.16&#8243; _module_preset=\u00bbdefault\u00bb global_colors_info=\u00bb{}\u00bb][et_pb_blurb title=\u00bbCHARQUEADA | Gral. Leonardo Olivera s\/n\u00bb _builder_version=\u00bb4.21.0&#8243; _module_preset=\u00bbdefault\u00bb header_level=\u00bbh2&#8243; header_font=\u00bbGlacial Indifference|700|||||||\u00bb header_text_color=\u00bb#cd7220&#8243; header_font_size=\u00bb27px\u00bb body_font=\u00bbArimo||||||||\u00bb body_text_align=\u00bbleft\u00bb body_text_color=\u00bb#363636&#8243; body_font_size=\u00bb15px\u00bb custom_padding=\u00bb15px|||||\u00bb hover_enabled=\u00bb0&#8243; locked=\u00bboff\u00bb global_colors_info=\u00bb{}\u00bb sticky_enabled=\u00bb0&#8243;]<\/p>\n<blockquote>\n<p><strong>Medicina General<\/strong><\/p>\n<\/blockquote>\n<p>Dra.Conde | Lunes a Viernes 14:15 horas<\/p>\n<blockquote>\n<p><strong>Laboratorio<\/strong><\/p>\n<\/blockquote>\n<p>Extracciones | Lunes a Viernes de 07:30 a 10:30 horas<\/p>\n<p>[\/et_pb_blurb][\/et_pb_column][et_pb_column type=\u00bb2_3&#8243; _builder_version=\u00bb4.16&#8243; _module_preset=\u00bbdefault\u00bb global_colors_info=\u00bb{}\u00bb][et_pb_image src=\u00bbhttps:\/\/www.iac.com.uy\/iac\/wp-content\/uploads\/2020\/10\/policharqueada1.jpeg\u00bb title_text=\u00bbpolicharqueada1&#8243; _builder_version=\u00bb4.16&#8243; _module_preset=\u00bbdefault\u00bb global_colors_info=\u00bb{}\u00bb][\/et_pb_image][\/et_pb_column][\/et_pb_row][et_pb_row _builder_version=\u00bb4.16&#8243; _module_preset=\u00bbdefault\u00bb custom_padding=\u00bb13px|||||\u00bb locked=\u00bboff\u00bb global_colors_info=\u00bb{}\u00bb][et_pb_column type=\u00bb4_4&#8243; _builder_version=\u00bb4.16&#8243; _module_preset=\u00bbdefault\u00bb global_colors_info=\u00bb{}\u00bb][et_pb_code _builder_version=\u00bb4.16&#8243; _module_preset=\u00bbdefault\u00bb text_orientation=\u00bbcenter\u00bb module_alignment=\u00bbcenter\u00bb box_shadow_style=\u00bbpreset3&#8243; global_colors_info=\u00bb{}\u00bb]<iframe loading=\"lazy\" src=\"https:\/\/www.google.com\/maps\/embed?pb=!1m18!1m12!1m3!1d834.5844740873353!2d-53.80536957074621!3d-33.2052367766813!2m3!1f0!2f0!3f0!3m2!1i1024!2i768!4f13.1!3m3!1m2!1s0x950c6b96f7b7096d%3A0x8fd32c598a83a8f7!2sPoliclinico%20IAC-FEMI!5e0!3m2!1ses!2suy!4v1602859781986!5m2!1ses!2suy\" width=\"900\" height=\"400\" frameborder=\"0\" style=\"border:0;\" allowfullscreen=\"\" aria-hidden=\"false\" tabindex=\"0\"><\/iframe>[\/et_pb_code][\/et_pb_column][\/et_pb_row][\/et_pb_section][et_pb_section fb_built=\u00bb1&#8243; admin_label=\u00bbAbout Me\u00bb _builder_version=\u00bb4.16&#8243; background_enable_color=\u00bboff\u00bb custom_margin=\u00bb-3px|||||\u00bb custom_padding=\u00bb4px||28px||false|false\u00bb bottom_divider_color=\u00bb#000000&#8243; bottom_divider_flip=\u00bbhorizontal\u00bb locked=\u00bboff\u00bb global_colors_info=\u00bb{}\u00bb][et_pb_row column_structure=\u00bb3_5,2_5&#8243; _builder_version=\u00bb4.16&#8243; _module_preset=\u00bbdefault\u00bb global_colors_info=\u00bb{}\u00bb][et_pb_column type=\u00bb3_5&#8243; _builder_version=\u00bb4.16&#8243; _module_preset=\u00bbdefault\u00bb global_colors_info=\u00bb{}\u00bb][et_pb_image src=\u00bbhttps:\/\/www.iac.com.uy\/iac\/wp-content\/uploads\/2020\/10\/polisantaclara1.jpeg\u00bb title_text=\u00bbpolisantaclara1&#8243; _builder_version=\u00bb4.16&#8243; _module_preset=\u00bbdefault\u00bb global_colors_info=\u00bb{}\u00bb][\/et_pb_image][\/et_pb_column][et_pb_column type=\u00bb2_5&#8243; _builder_version=\u00bb4.16&#8243; _module_preset=\u00bbdefault\u00bb global_colors_info=\u00bb{}\u00bb][et_pb_blurb title=\u00bbSANTA CLARA | 25 de Agosto s\/n\u00bb _builder_version=\u00bb4.21.0&#8243; _module_preset=\u00bbdefault\u00bb header_level=\u00bbh2&#8243; header_font=\u00bbGlacial Indifference|700|||||||\u00bb header_text_color=\u00bb#cd7220&#8243; header_font_size=\u00bb27px\u00bb body_font=\u00bbArimo||||||||\u00bb body_text_align=\u00bbleft\u00bb body_text_color=\u00bb#363636&#8243; body_font_size=\u00bb15px\u00bb custom_padding=\u00bb15px|||||\u00bb hover_enabled=\u00bb0&#8243; locked=\u00bboff\u00bb global_colors_info=\u00bb{}\u00bb sticky_enabled=\u00bb0&#8243;]<\/p>\n<blockquote>\n<p><strong>Policlinica Medicina General<\/strong><\/p>\n<\/blockquote>\n<p>Lunes a Jueves 15:00 horas<br \/>Viernes 09:00 horas<\/p>\n<blockquote>\n<p><strong>Odontolog\u00eda<\/strong><\/p>\n<\/blockquote>\n<p>Dra. Irabedra | Martes y Mi\u00e9rcoles de 08:00 a 12:00 horas<br \/>Lunes de 10:00 a 21:00 horas<\/p>\n<p>[\/et_pb_blurb][\/et_pb_column][\/et_pb_row][et_pb_row column_structure=\u00bb1_2,1_2&#8243; _builder_version=\u00bb4.16&#8243; _module_preset=\u00bbdefault\u00bb custom_margin_tablet=\u00bb\u00bb custom_margin_phone=\u00bb-51px||||false|false\u00bb custom_margin_last_edited=\u00bbon|phone\u00bb global_colors_info=\u00bb{}\u00bb][et_pb_column type=\u00bb1_2&#8243; _builder_version=\u00bb4.16&#8243; _module_preset=\u00bbdefault\u00bb global_colors_info=\u00bb{}\u00bb][et_pb_text _builder_version=\u00bb4.16&#8243; _module_preset=\u00bbdefault\u00bb text_font=\u00bbArimo||||||||\u00bb text_text_color=\u00bb#363636&#8243; text_font_size=\u00bb15px\u00bb global_colors_info=\u00bb{}\u00bb]<\/p>\n<blockquote>\n<p><strong>Psiquiatr\u00eda<\/strong><\/p>\n<\/blockquote>\n<p>Dr. Alvarez: 2\u00b0 Viernes &#8211; 09:00<\/p>\n<blockquote>\n<p><strong>Traumatolog\u00eda<\/strong><\/p>\n<\/blockquote>\n<p>Dr. Casta\u00f1o: 3\u00b0 Jueves &#8211; 12:30<\/p>\n<p>[\/et_pb_text][\/et_pb_column][et_pb_column type=\u00bb1_2&#8243; _builder_version=\u00bb4.16&#8243; _module_preset=\u00bbdefault\u00bb global_colors_info=\u00bb{}\u00bb][et_pb_text _builder_version=\u00bb4.16&#8243; _module_preset=\u00bbdefault\u00bb text_font=\u00bbArimo||||||||\u00bb text_text_color=\u00bb#363636&#8243; text_font_size=\u00bb15px\u00bb custom_margin_tablet=\u00bb\u00bb custom_margin_phone=\u00bb-25px||||false|false\u00bb custom_margin_last_edited=\u00bbon|phone\u00bb global_colors_info=\u00bb{}\u00bb]<\/p>\n<blockquote>\n<p><strong>Oftalmolog\u00eda<\/strong><\/p>\n<\/blockquote>\n<p>Dr. Silveira: 2\u00b0 Lunes &#8211; 11:00<\/p>\n<blockquote>\n<p><strong>Laboratorio<\/strong><\/p>\n<\/blockquote>\n<p>Extracciones | Lunes a Viernes de 06:00 a 07:00 horas<\/p>\n<p>[\/et_pb_text][\/et_pb_column][\/et_pb_row][et_pb_row _builder_version=\u00bb4.16&#8243; _module_preset=\u00bbdefault\u00bb locked=\u00bboff\u00bb global_colors_info=\u00bb{}\u00bb][et_pb_column type=\u00bb4_4&#8243; _builder_version=\u00bb4.16&#8243; _module_preset=\u00bbdefault\u00bb global_colors_info=\u00bb{}\u00bb][et_pb_code _builder_version=\u00bb4.16&#8243; _module_preset=\u00bbdefault\u00bb text_orientation=\u00bbcenter\u00bb module_alignment=\u00bbcenter\u00bb custom_margin=\u00bb-7px|||||\u00bb custom_padding=\u00bb12px|||||\u00bb box_shadow_style=\u00bbpreset3&#8243; global_colors_info=\u00bb{}\u00bb]<iframe loading=\"lazy\" src=\"https:\/\/www.google.com\/maps\/embed?pb=!1m18!1m12!1m3!1d3349.029398808156!2d-54.94631575658674!3d-32.923821500072556!2m3!1f0!2f0!3f0!3m2!1i1024!2i768!4f13.1!3m3!1m2!1s0x9509983966bc419f%3A0xe18e46b1f157d0ca!2s25%20de%20Agosto%2C%2037007%20Santa%20Clara%20De%20Olimar%2C%20Departamento%20de%20Treinta%20y%20Tres!5e0!3m2!1ses!2suy!4v1602860121281!5m2!1ses!2suy\" width=\"900\" height=\"400\" frameborder=\"0\" style=\"border:0;\" allowfullscreen=\"\" aria-hidden=\"false\" tabindex=\"0\"><\/iframe>[\/et_pb_code][\/et_pb_column][\/et_pb_row][\/et_pb_section][et_pb_section fb_built=\u00bb1&#8243; admin_label=\u00bbAbout Me\u00bb _builder_version=\u00bb4.16&#8243; background_enable_color=\u00bboff\u00bb custom_margin=\u00bb-6px|||||\u00bb custom_padding=\u00bb4px||2px||false|false\u00bb bottom_divider_color=\u00bb#000000&#8243; bottom_divider_flip=\u00bbhorizontal\u00bb locked=\u00bboff\u00bb global_colors_info=\u00bb{}\u00bb][et_pb_row column_structure=\u00bb1_3,2_3&#8243; _builder_version=\u00bb4.16&#8243; _module_preset=\u00bbdefault\u00bb custom_padding=\u00bb||4px|||\u00bb global_colors_info=\u00bb{}\u00bb][et_pb_column type=\u00bb1_3&#8243; _builder_version=\u00bb4.16&#8243; _module_preset=\u00bbdefault\u00bb global_colors_info=\u00bb{}\u00bb][et_pb_blurb title=\u00bbCERRO CHATO | Julio Alberto Godoy s\/n\u00bb _builder_version=\u00bb4.21.0&#8243; _module_preset=\u00bbdefault\u00bb header_level=\u00bbh2&#8243; header_font=\u00bbGlacial Indifference|700|||||||\u00bb header_text_color=\u00bb#cd7220&#8243; header_font_size=\u00bb27px\u00bb body_font=\u00bbArimo||||||||\u00bb body_text_align=\u00bbleft\u00bb body_text_color=\u00bb#363636&#8243; body_font_size=\u00bb15px\u00bb custom_padding=\u00bb2px|||||\u00bb hover_enabled=\u00bb0&#8243; locked=\u00bboff\u00bb global_colors_info=\u00bb{}\u00bb sticky_enabled=\u00bb0&#8243;]<\/p>\n<blockquote>\n<p><strong>Medicina General<\/strong><\/p>\n<\/blockquote>\n<p>Dr. Soto | Martes, Mi\u00e9rcoles, Jueves y Viernes 15:00<br \/>Dr. Gorgoroso | Lunes 16:00<\/p>\n<blockquote>\n<p><strong>Odontolog\u00eda<\/strong><\/p>\n<\/blockquote>\n<p>Dra. Irabedra | Martes y Mi\u00e9rcoles de 14:00 a 21:00 horas<\/p>\n<blockquote>\n<p><strong>Laboratorio<\/strong><\/p>\n<\/blockquote>\n<p>Extracciones | Martes y jueves de 06:00 a 07:00 horas<\/p>\n<p>[\/et_pb_blurb][\/et_pb_column][et_pb_column type=\u00bb2_3&#8243; _builder_version=\u00bb4.16&#8243; _module_preset=\u00bbdefault\u00bb global_colors_info=\u00bb{}\u00bb][et_pb_image src=\u00bbhttps:\/\/www.iac.com.uy\/iac\/wp-content\/uploads\/2020\/10\/policerrochato1.jpeg\u00bb title_text=\u00bbpolicerrochato1&#8243; _builder_version=\u00bb4.16&#8243; _module_preset=\u00bbdefault\u00bb global_colors_info=\u00bb{}\u00bb][\/et_pb_image][\/et_pb_column][\/et_pb_row][et_pb_row _builder_version=\u00bb4.16&#8243; _module_preset=\u00bbdefault\u00bb custom_margin=\u00bb5px||||false|false\u00bb custom_margin_tablet=\u00bb\u00bb custom_margin_phone=\u00bb\u00bb custom_margin_last_edited=\u00bbon|desktop\u00bb custom_padding=\u00bb0px|||||\u00bb locked=\u00bboff\u00bb global_colors_info=\u00bb{}\u00bb][et_pb_column type=\u00bb4_4&#8243; _builder_version=\u00bb4.16&#8243; _module_preset=\u00bbdefault\u00bb global_colors_info=\u00bb{}\u00bb][et_pb_code _builder_version=\u00bb4.16&#8243; _module_preset=\u00bbdefault\u00bb text_orientation=\u00bbcenter\u00bb module_alignment=\u00bbcenter\u00bb custom_padding=\u00bb7px|||||\u00bb box_shadow_style=\u00bbpreset3&#8243; global_colors_info=\u00bb{}\u00bb]<iframe loading=\"lazy\" src=\"https:\/\/www.google.com\/maps\/embed?pb=!1m18!1m12!1m3!1d835.5743757460838!2d-55.13171837076245!3d-33.10126167535222!2m3!1f0!2f0!3f0!3m2!1i1024!2i768!4f13.1!3m3!1m2!1s0x950992b14f8bdcf9%3A0xec9f2098eafff6c8!2sJulio%20A.%20Godoy%20Etchenique%2C%2030204%20Cerro%20Chato%2C%20Departamento%20de%20Florida!5e0!3m2!1ses!2suy!4v1602860415489!5m2!1ses!2suy\" width=\"900\" height=\"400\" frameborder=\"0\" style=\"border:0;\" allowfullscreen=\"\" aria-hidden=\"false\" tabindex=\"0\"><\/iframe>[\/et_pb_code][\/et_pb_column][\/et_pb_row][\/et_pb_section][et_pb_section fb_built=\u00bb1&#8243; admin_label=\u00bbAbout Me\u00bb _builder_version=\u00bb4.16&#8243; background_enable_color=\u00bboff\u00bb custom_margin=\u00bb-3px|||||\u00bb custom_padding=\u00bb28px||28px||false|false\u00bb bottom_divider_color=\u00bb#000000&#8243; bottom_divider_flip=\u00bbhorizontal\u00bb locked=\u00bboff\u00bb global_colors_info=\u00bb{}\u00bb][et_pb_row column_structure=\u00bb3_5,2_5&#8243; _builder_version=\u00bb4.16&#8243; _module_preset=\u00bbdefault\u00bb custom_padding=\u00bb||0px|||\u00bb global_colors_info=\u00bb{}\u00bb][et_pb_column type=\u00bb3_5&#8243; _builder_version=\u00bb4.16&#8243; _module_preset=\u00bbdefault\u00bb global_colors_info=\u00bb{}\u00bb][et_pb_image src=\u00bbhttps:\/\/www.iac.com.uy\/iac\/wp-content\/uploads\/2020\/10\/polivarela1.jpeg\u00bb title_text=\u00bbpolivarela1&#8243; _builder_version=\u00bb4.16&#8243; _module_preset=\u00bbdefault\u00bb global_colors_info=\u00bb{}\u00bb][\/et_pb_image][\/et_pb_column][et_pb_column type=\u00bb2_5&#8243; _builder_version=\u00bb4.16&#8243; _module_preset=\u00bbdefault\u00bb global_colors_info=\u00bb{}\u00bb][et_pb_blurb title=\u00bbJOS\u00c9 PEDRO VARELA | Soriano S\/N\u00bb _builder_version=\u00bb4.21.0&#8243; _module_preset=\u00bbdefault\u00bb header_level=\u00bbh2&#8243; header_font=\u00bbGlacial Indifference|700|||||||\u00bb header_text_color=\u00bb#cd7220&#8243; header_font_size=\u00bb27px\u00bb body_font=\u00bbArimo||||||||\u00bb body_text_align=\u00bbleft\u00bb body_text_color=\u00bb#363636&#8243; body_font_size=\u00bb15px\u00bb custom_padding=\u00bb0px|||||\u00bb hover_enabled=\u00bb0&#8243; locked=\u00bboff\u00bb global_colors_info=\u00bb{}\u00bb sticky_enabled=\u00bb0&#8243;]<\/p>\n<blockquote>\n<p><strong>Medicina General<\/strong><\/p>\n<\/blockquote>\n<p>Dr. Pereira | Jueves 15:00 horas<br \/>Dra. Cabral | Martes y Mi\u00e9rcoles 15:30 horas<br \/>Dra. Jure | Jueves 10:30 \/ Viernes 14:30 horas<\/p>\n<blockquote>\n<p><strong>Ginecolog\u00eda<\/strong><\/p>\n<\/blockquote>\n<p>Dra.Tr\u00edpodi | Martes 14:30 y 16:30 horas<\/p>\n<p>[\/et_pb_blurb][\/et_pb_column][\/et_pb_row][et_pb_row column_structure=\u00bb1_2,1_2&#8243; _builder_version=\u00bb4.16&#8243; _module_preset=\u00bbdefault\u00bb global_colors_info=\u00bb{}\u00bb][et_pb_column type=\u00bb1_2&#8243; _builder_version=\u00bb4.16&#8243; _module_preset=\u00bbdefault\u00bb global_colors_info=\u00bb{}\u00bb][et_pb_text _builder_version=\u00bb4.16&#8243; _module_preset=\u00bbdefault\u00bb text_font=\u00bbArimo||||||||\u00bb text_text_color=\u00bb#363636&#8243; text_font_size=\u00bb15px\u00bb header_font=\u00bbGlacial Indifference||||||||\u00bb header_text_color=\u00bbrgba(0,0,0,0)\u00bb custom_margin=\u00bb|||9px|false|false\u00bb global_colors_info=\u00bb{}\u00bb]<\/p>\n<blockquote>\n<p><strong>Pediatr\u00eda<\/strong><\/p>\n<\/blockquote>\n<p>Dra. Ferrari<\/p>\n<p>[\/et_pb_text][\/et_pb_column][et_pb_column type=\u00bb1_2&#8243; _builder_version=\u00bb4.16&#8243; _module_preset=\u00bbdefault\u00bb global_colors_info=\u00bb{}\u00bb][et_pb_text _builder_version=\u00bb4.16&#8243; _module_preset=\u00bbdefault\u00bb text_font=\u00bbArimo||||||||\u00bb text_text_color=\u00bb#363636&#8243; text_font_size=\u00bb15px\u00bb header_font=\u00bbGlacial Indifference||||||||\u00bb header_text_color=\u00bbrgba(0,0,0,0)\u00bb global_colors_info=\u00bb{}\u00bb]<\/p>\n<blockquote><p><strong>Odontolog\u00eda<\/strong><\/p><\/blockquote>\n<p>Dra. Rocha | Lunes a Viernes 08:00 y 15:00 horas[\/et_pb_text][\/et_pb_column][\/et_pb_row][et_pb_row _builder_version=\u00bb4.16&#8243; _module_preset=\u00bbdefault\u00bb locked=\u00bboff\u00bb global_colors_info=\u00bb{}\u00bb][et_pb_column type=\u00bb4_4&#8243; _builder_version=\u00bb4.16&#8243; _module_preset=\u00bbdefault\u00bb global_colors_info=\u00bb{}\u00bb][et_pb_code _builder_version=\u00bb4.16&#8243; _module_preset=\u00bbdefault\u00bb text_orientation=\u00bbcenter\u00bb module_alignment=\u00bbcenter\u00bb custom_margin=\u00bb0px||||false|false\u00bb custom_margin_tablet=\u00bb-16px||||false|false\u00bb custom_margin_phone=\u00bb-15px||||false|false\u00bb custom_margin_last_edited=\u00bbon|phone\u00bb custom_padding=\u00bb0px|||||\u00bb box_shadow_style=\u00bbpreset3&#8243; global_colors_info=\u00bb{}\u00bb]<iframe loading=\"lazy\" src=\"https:\/\/www.google.com\/maps\/embed?pb=!1m18!1m12!1m3!1d3328.8464145687385!2d-54.53850548609545!3d-33.45330771169101!2m3!1f0!2f0!3f0!3m2!1i1024!2i768!4f13.1!3m3!1m2!1s0x950bb93895779b65%3A0x6b48e0d8776f9ae4!2sSoriano%20901-849%2C%2030300%20Jos%C3%A9%20Pedro%20Varela%2C%20Departamento%20de%20Lavalleja!5e0!3m2!1ses!2suy!4v1602860801604!5m2!1ses!2suy\" width=\"900\" height=\"400\" frameborder=\"0\" style=\"border:0;\" allowfullscreen=\"\" aria-hidden=\"false\" tabindex=\"0\"><\/iframe>[\/et_pb_code][\/et_pb_column][\/et_pb_row][\/et_pb_section]<\/p>\n","protected":false},"excerpt":{"rendered":"<p>Llegando a toda la regi\u00f3nHorarios de Atenci\u00f3nLunes a Viernes de 06:30 a 21:30 horasS\u00e1bados de 10:00 a 16:00 horas Medicina General Dra. Dom\u00ednguez | Lunes 14:30, Martes 8:30 y Viernes 8:30 y 14:30 horas Dr. Bentancur | Lunes 8:30, Martes 15:30, Jueves 15:30 horas Dr. Medeiros | Jueves 08:30, Mi\u00e9rcoles 08:30 y 15:30 horas Policl\u00ednica [&hellip;]<\/p>\n","protected":false},"author":1,"featured_media":0,"parent":0,"menu_order":0,"comment_status":"closed","ping_status":"closed","template":"","meta":{"_et_pb_use_builder":"on","_et_pb_old_content":"<!-- wp:divi\/placeholder \/-->","_et_gb_content_width":"","footnotes":""},"class_list":["post-272","page","type-page","status-publish","hentry"],"_links":{"self":[{"href":"https:\/\/www.iac.com.uy\/iac\/wp-json\/wp\/v2\/pages\/272","targetHints":{"allow":["GET"]}}],"collection":[{"href":"https:\/\/www.iac.com.uy\/iac\/wp-json\/wp\/v2\/pages"}],"about":[{"href":"https:\/\/www.iac.com.uy\/iac\/wp-json\/wp\/v2\/types\/page"}],"author":[{"embeddable":true,"href":"https:\/\/www.iac.com.uy\/iac\/wp-json\/wp\/v2\/users\/1"}],"replies":[{"embeddable":true,"href":"https:\/\/www.iac.com.uy\/iac\/wp-json\/wp\/v2\/comments?post=272"}],"version-history":[{"count":31,"href":"https:\/\/www.iac.com.uy\/iac\/wp-json\/wp\/v2\/pages\/272\/revisions"}],"predecessor-version":[{"id":2522,"href":"https:\/\/www.iac.com.uy\/iac\/wp-json\/wp\/v2\/pages\/272\/revisions\/2522"}],"wp:attachment":[{"href":"https:\/\/www.iac.com.uy\/iac\/wp-json\/wp\/v2\/media?parent=272"}],"curies":[{"name":"wp","href":"https:\/\/api.w.org\/{rel}","templated":true}]}}