{"id":2054,"date":"2024-05-10T13:54:51","date_gmt":"2024-05-10T13:54:51","guid":{"rendered":"https:\/\/www.iac.com.uy\/iac\/?page_id=2054"},"modified":"2025-06-24T15:45:40","modified_gmt":"2025-06-24T18:45:40","slug":"campana-de-vacunacion","status":"publish","type":"page","link":"https:\/\/www.iac.com.uy\/iac\/campana-de-vacunacion\/","title":{"rendered":"Campa\u00f1a de Vacunaci\u00f3n"},"content":{"rendered":"<p>[et_pb_section fb_built=\u00bb1&#8243; fullwidth=\u00bbon\u00bb _builder_version=\u00bb4.16&#8243; bottom_divider_color=\u00bb#ff6000&#8243; bottom_divider_flip=\u00bbhorizontal\u00bb global_colors_info=\u00bb{}\u00bb][et_pb_fullwidth_header title=\u00bbIAC VACUNACI\u00d3N\u00bb text_orientation=\u00bbcenter\u00bb background_overlay_color=\u00bbrgba(96,0,0,0.45)\u00bb _builder_version=\u00bb4.21.0&#8243; title_font=\u00bbRoboto||||||||\u00bb title_text_align=\u00bbcenter\u00bb title_font_size=\u00bb46px\u00bb title_letter_spacing=\u00bb3px\u00bb title_line_height=\u00bb1.5em\u00bb content_font=\u00bbLato||||||||\u00bb content_font_size=\u00bb20px\u00bb content_line_height=\u00bb1.8em\u00bb subhead_font=\u00bbLato|700|||||||\u00bb subhead_font_size=\u00bb25px\u00bb subhead_line_height=\u00bb1.5em\u00bb background_enable_color=\u00bboff\u00bb background_image=\u00bbhttps:\/\/www.iac.com.uy\/iac\/wp-content\/uploads\/2024\/02\/51001885990_244ad00743_k-1-660&#215;350-1.jpg\u00bb custom_margin=\u00bb|||\u00bb custom_padding=\u00bb5vw||74px||false|\u00bb animation_style=\u00bbslide\u00bb animation_direction=\u00bbtop\u00bb animation_intensity_slide=\u00bb2%\u00bb title_font_size_tablet=\u00bb36px\u00bb title_font_size_phone=\u00bb30px\u00bb title_font_size_last_edited=\u00bbon|phone\u00bb title_text_shadow_style=\u00bbpreset5&#8243; global_colors_info=\u00bb{}\u00bb button_one_text_size__hover_enabled=\u00bboff\u00bb button_two_text_size__hover_enabled=\u00bboff\u00bb button_one_text_color__hover_enabled=\u00bboff\u00bb button_two_text_color__hover_enabled=\u00bboff\u00bb button_one_border_width__hover_enabled=\u00bboff\u00bb button_two_border_width__hover_enabled=\u00bboff\u00bb button_one_border_color__hover_enabled=\u00bboff\u00bb button_two_border_color__hover_enabled=\u00bboff\u00bb button_one_border_radius__hover_enabled=\u00bboff\u00bb button_two_border_radius__hover_enabled=\u00bboff\u00bb button_one_letter_spacing__hover_enabled=\u00bboff\u00bb button_two_letter_spacing__hover_enabled=\u00bboff\u00bb button_one_bg_color__hover_enabled=\u00bboff\u00bb button_two_bg_color__hover_enabled=\u00bboff\u00bb][\/et_pb_fullwidth_header][\/et_pb_section][et_pb_section fb_built=\u00bb1&#8243; admin_label=\u00bbAbout Me\u00bb _builder_version=\u00bb4.16&#8243; background_color=\u00bb#ffffff\u00bb custom_margin=\u00bb2px||-43px|||\u00bb custom_padding=\u00bb||4px||false|false\u00bb bottom_divider_color=\u00bb#ff6000&#8243; bottom_divider_height=\u00bb55px\u00bb bottom_divider_flip=\u00bbvertical\u00bb global_colors_info=\u00bb{}\u00bb][et_pb_row _builder_version=\u00bb4.21.0&#8243; custom_margin=\u00bb|auto|30px|auto||\u00bb global_colors_info=\u00bb{}\u00bb][et_pb_column type=\u00bb4_4&#8243; _builder_version=\u00bb4.16&#8243; custom_padding=\u00bb|||\u00bb global_colors_info=\u00bb{}\u00bb custom_padding__hover=\u00bb|||\u00bb][et_pb_text _builder_version=\u00bb4.21.0&#8243; _module_preset=\u00bbdefault\u00bb text_font=\u00bbRoboto||||||||\u00bb text_text_color=\u00bb#FFFFFF\u00bb text_font_size=\u00bb18px\u00bb header_font=\u00bbRoboto||||||||\u00bb header_text_color=\u00bb#FFFFFF\u00bb background_color=\u00bb#ce721f\u00bb custom_margin=\u00bb||-2px||false|false\u00bb custom_padding=\u00bb12px||3px|10px|false|false\u00bb hover_enabled=\u00bb0&#8243; global_colors_info=\u00bb{}\u00bb sticky_enabled=\u00bb0&#8243;]<\/p>\n<h1>\u00a0Acciones en instituciones educativas<\/h1>\n<p>[\/et_pb_text][et_pb_text _builder_version=\u00bb4.21.0&#8243; _module_preset=\u00bbdefault\u00bb text_font=\u00bbRoboto||||||||\u00bb text_font_size=\u00bb18px\u00bb header_font=\u00bbRoboto||||||||\u00bb custom_padding=\u00bb11px|||16px||\u00bb global_colors_info=\u00bb{}\u00bb]<\/p>\n<div><\/div>\n<div>Se realizaron durante el mes de abril charlas de promoci\u00f3n e informaci\u00f3n sobre\u00a0la vacunaci\u00f3n y la importancia de mantener el esquema al d\u00eda, en jardines y centros CAIF.<\/div>\n<div><\/div>\n<div>Las mismas fueron brindadas por el equipo de Pediatr\u00eda y Metas de IAC a padres y docentes de las instituciones.<\/div>\n<div><\/div>\n<div><\/div>\n<p>[\/et_pb_text][\/et_pb_column][\/et_pb_row][et_pb_row _builder_version=\u00bb4.21.0&#8243; _module_preset=\u00bbdefault\u00bb global_colors_info=\u00bb{}\u00bb][et_pb_column type=\u00bb4_4&#8243; _builder_version=\u00bb4.21.0&#8243; _module_preset=\u00bbdefault\u00bb global_colors_info=\u00bb{}\u00bb][et_pb_text _builder_version=\u00bb4.21.0&#8243; _module_preset=\u00bbdefault\u00bb text_font=\u00bbRoboto||||||||\u00bb text_font_size=\u00bb18px\u00bb header_font=\u00bbRoboto||||||||\u00bb custom_padding=\u00bb||23px|||\u00bb global_colors_info=\u00bb{}\u00bb]<\/p>\n<h2>Jard\u00edn 81<\/h2>\n<p>Jueves 11 de abril <\/p>\n<p>[\/et_pb_text][et_pb_gallery gallery_ids=\u00bb2069,2070,2071,2072&#8243; show_title_and_caption=\u00bboff\u00bb _builder_version=\u00bb4.21.0&#8243; _module_preset=\u00bbdefault\u00bb global_colors_info=\u00bb{}\u00bb][\/et_pb_gallery][\/et_pb_column][\/et_pb_row][et_pb_row _builder_version=\u00bb4.21.0&#8243; _module_preset=\u00bbdefault\u00bb global_colors_info=\u00bb{}\u00bb][et_pb_column type=\u00bb4_4&#8243; _builder_version=\u00bb4.21.0&#8243; _module_preset=\u00bbdefault\u00bb global_colors_info=\u00bb{}\u00bb][et_pb_text _builder_version=\u00bb4.21.0&#8243; _module_preset=\u00bbdefault\u00bb text_font=\u00bbRoboto||||||||\u00bb text_font_size=\u00bb18px\u00bb header_font=\u00bbRoboto||||||||\u00bb custom_padding=\u00bb||23px|||\u00bb global_colors_info=\u00bb{}\u00bb]<\/p>\n<h2>Colegio Gloria Est\u00e1dez<\/h2>\n<p>Jueves 11 de abril\u00a0<\/p>\n<div><\/div>\n<p>[\/et_pb_text][et_pb_gallery gallery_ids=\u00bb2058,2059,2057,2073&#8243; show_title_and_caption=\u00bboff\u00bb _builder_version=\u00bb4.21.0&#8243; _module_preset=\u00bbdefault\u00bb global_colors_info=\u00bb{}\u00bb][\/et_pb_gallery][\/et_pb_column][\/et_pb_row][et_pb_row _builder_version=\u00bb4.21.0&#8243; _module_preset=\u00bbdefault\u00bb global_colors_info=\u00bb{}\u00bb][et_pb_column type=\u00bb4_4&#8243; _builder_version=\u00bb4.21.0&#8243; _module_preset=\u00bbdefault\u00bb global_colors_info=\u00bb{}\u00bb][et_pb_text _builder_version=\u00bb4.21.0&#8243; _module_preset=\u00bbdefault\u00bb text_font_size=\u00bb18px\u00bb global_colors_info=\u00bb{}\u00bb]<\/p>\n<h2>CAIF Los Arrayanes<\/h2>\n<p>Martes 23 de abril<\/p>\n<p>[\/et_pb_text][et_pb_gallery gallery_ids=\u00bb2060,2061,2062,2063&#8243; show_title_and_caption=\u00bboff\u00bb _builder_version=\u00bb4.21.0&#8243; _module_preset=\u00bbdefault\u00bb global_colors_info=\u00bb{}\u00bb][\/et_pb_gallery][\/et_pb_column][\/et_pb_row][et_pb_row _builder_version=\u00bb4.21.0&#8243; _module_preset=\u00bbdefault\u00bb global_colors_info=\u00bb{}\u00bb][et_pb_column type=\u00bb4_4&#8243; _builder_version=\u00bb4.21.0&#8243; _module_preset=\u00bbdefault\u00bb global_colors_info=\u00bb{}\u00bb][et_pb_text _builder_version=\u00bb4.21.0&#8243; _module_preset=\u00bbdefault\u00bb text_font_size=\u00bb18px\u00bb global_colors_info=\u00bb{}\u00bb]<\/p>\n<h2>CAIF Azahares<\/h2>\n<p>Viernes 26 de abril\u00a0<\/p>\n<p>[\/et_pb_text][et_pb_gallery gallery_ids=\u00bb2064,2065,2066,2067&#8243; show_title_and_caption=\u00bboff\u00bb _builder_version=\u00bb4.21.0&#8243; _module_preset=\u00bbdefault\u00bb global_colors_info=\u00bb{}\u00bb][\/et_pb_gallery][\/et_pb_column][\/et_pb_row][et_pb_row _builder_version=\u00bb4.21.0&#8243; _module_preset=\u00bbdefault\u00bb global_colors_info=\u00bb{}\u00bb][et_pb_column type=\u00bb4_4&#8243; _builder_version=\u00bb4.21.0&#8243; _module_preset=\u00bbdefault\u00bb global_colors_info=\u00bb{}\u00bb][et_pb_text _builder_version=\u00bb4.21.0&#8243; _module_preset=\u00bbdefault\u00bb text_font_size=\u00bb18px\u00bb global_colors_info=\u00bb{}\u00bb]<\/p>\n<h2>CAIF Los Cascabeles &#8211; Jos\u00e9 Pedro Varela<\/h2>\n<p>Martes 30 de Abril\u00a0<\/p>\n<p>[\/et_pb_text][et_pb_gallery gallery_ids=\u00bb2068&#8243; show_title_and_caption=\u00bboff\u00bb _builder_version=\u00bb4.21.0&#8243; _module_preset=\u00bbdefault\u00bb global_colors_info=\u00bb{}\u00bb][\/et_pb_gallery][\/et_pb_column][\/et_pb_row][et_pb_row _builder_version=\u00bb4.21.0&#8243; _module_preset=\u00bbdefault\u00bb global_colors_info=\u00bb{}\u00bb][et_pb_column type=\u00bb4_4&#8243; _builder_version=\u00bb4.21.0&#8243; _module_preset=\u00bbdefault\u00bb global_colors_info=\u00bb{}\u00bb][et_pb_text _builder_version=\u00bb4.21.0&#8243; _module_preset=\u00bbdefault\u00bb text_font_size=\u00bb18px\u00bb global_colors_info=\u00bb{}\u00bb]<\/p>\n<h2>Jard\u00edn y Sala Maternal Casa de los Ni\u00f1os<\/h2>\n<p>Mi\u00e9rcoles 14 de agosto<\/p>\n<p>[\/et_pb_text][et_pb_gallery gallery_ids=\u00bb2230,2231,2232,2233,2234&#8243; show_title_and_caption=\u00bboff\u00bb _builder_version=\u00bb4.21.0&#8243; _module_preset=\u00bbdefault\u00bb global_colors_info=\u00bb{}\u00bb][\/et_pb_gallery][\/et_pb_column][\/et_pb_row][et_pb_row _builder_version=\u00bb4.21.0&#8243; _module_preset=\u00bbdefault\u00bb global_colors_info=\u00bb{}\u00bb][et_pb_column type=\u00bb4_4&#8243; _builder_version=\u00bb4.21.0&#8243; _module_preset=\u00bbdefault\u00bb global_colors_info=\u00bb{}\u00bb][et_pb_text _builder_version=\u00bb4.21.0&#8243; _module_preset=\u00bbdefault\u00bb text_font_size=\u00bb18px\u00bb global_colors_info=\u00bb{}\u00bb]<\/p>\n<h2>CAIF Lavalleja &#8211; Inicial<\/h2>\n<p>Viernes 23 de agosto<\/p>\n<p>[\/et_pb_text][et_pb_gallery gallery_ids=\u00bb2169,2170,2171,2172,2173,2174&#8243; show_title_and_caption=\u00bboff\u00bb _builder_version=\u00bb4.21.0&#8243; _module_preset=\u00bbdefault\u00bb global_colors_info=\u00bb{}\u00bb][\/et_pb_gallery][\/et_pb_column][\/et_pb_row][et_pb_row _builder_version=\u00bb4.21.0&#8243; _module_preset=\u00bbdefault\u00bb global_colors_info=\u00bb{}\u00bb][et_pb_column type=\u00bb4_4&#8243; _builder_version=\u00bb4.21.0&#8243; _module_preset=\u00bbdefault\u00bb global_colors_info=\u00bb{}\u00bb][et_pb_text _builder_version=\u00bb4.21.0&#8243; _module_preset=\u00bbdefault\u00bb text_font_size=\u00bb18px\u00bb custom_padding=\u00bb9px|||||\u00bb global_colors_info=\u00bb{}\u00bb]<\/p>\n<h2>CAIF Lavalleja &#8211; Experiencias Oportunas<\/h2>\n<p>Jueves 29 de agosto<\/p>\n<p>[\/et_pb_text][et_pb_gallery gallery_ids=\u00bb2157,2158,2159,2160,2161,2162,2163,2164,2165,2166&#8243; show_title_and_caption=\u00bboff\u00bb _builder_version=\u00bb4.21.0&#8243; _module_preset=\u00bbdefault\u00bb global_colors_info=\u00bb{}\u00bb][\/et_pb_gallery][\/et_pb_column][\/et_pb_row][et_pb_row _builder_version=\u00bb4.21.0&#8243; _module_preset=\u00bbdefault\u00bb global_colors_info=\u00bb{}\u00bb][et_pb_column type=\u00bb4_4&#8243; _builder_version=\u00bb4.21.0&#8243; _module_preset=\u00bbdefault\u00bb global_colors_info=\u00bb{}\u00bb][et_pb_text _builder_version=\u00bb4.21.0&#8243; _module_preset=\u00bbdefault\u00bb text_font_size=\u00bb18px\u00bb custom_padding=\u00bb9px||0px|||\u00bb global_colors_info=\u00bb{}\u00bb]<\/p>\n<h2>CAIF El Ceibo &#8211; Dos instancias: Experiencias Oportunas e Inicial &#8211; Vergara<\/h2>\n<p>Lunes 2 de setiembre<\/p>\n<p>[\/et_pb_text][et_pb_gallery gallery_ids=\u00bb2238,2239,2240,2241,2242,2243,2244,2245&#8243; show_title_and_caption=\u00bboff\u00bb _builder_version=\u00bb4.21.0&#8243; _module_preset=\u00bbdefault\u00bb global_colors_info=\u00bb{}\u00bb][\/et_pb_gallery][\/et_pb_column][\/et_pb_row][et_pb_row _builder_version=\u00bb4.21.0&#8243; _module_preset=\u00bbdefault\u00bb custom_padding=\u00bb27px|||||\u00bb global_colors_info=\u00bb{}\u00bb][et_pb_column type=\u00bb4_4&#8243; _builder_version=\u00bb4.21.0&#8243; _module_preset=\u00bbdefault\u00bb global_colors_info=\u00bb{}\u00bb][et_pb_text _builder_version=\u00bb4.21.0&#8243; _module_preset=\u00bbdefault\u00bb text_font_size=\u00bb18px\u00bb custom_padding=\u00bb9px||0px|||\u00bb global_colors_info=\u00bb{}\u00bb]<\/p>\n<h2>CAIF Santa Mar\u00eda &#8211; Dos instancias: Experiencias Oportunas e Inicial<\/h2>\n<p>Jueves 7 de noviembre<\/p>\n<p>[\/et_pb_text][et_pb_gallery gallery_ids=\u00bb2248,2249,2250,2251,2252,2253,2254,2255,2256,2257,2258&#8243; show_title_and_caption=\u00bboff\u00bb _builder_version=\u00bb4.21.0&#8243; _module_preset=\u00bbdefault\u00bb global_colors_info=\u00bb{}\u00bb][\/et_pb_gallery][\/et_pb_column][\/et_pb_row][et_pb_row _builder_version=\u00bb4.21.0&#8243; _module_preset=\u00bbdefault\u00bb min_height=\u00bb387.5px\u00bb custom_padding=\u00bb27px|||||\u00bb global_colors_info=\u00bb{}\u00bb][et_pb_column type=\u00bb4_4&#8243; _builder_version=\u00bb4.21.0&#8243; _module_preset=\u00bbdefault\u00bb global_colors_info=\u00bb{}\u00bb][et_pb_text _builder_version=\u00bb4.21.0&#8243; _module_preset=\u00bbdefault\u00bb text_font_size=\u00bb18px\u00bb custom_padding=\u00bb9px||0px|||\u00bb global_colors_info=\u00bb{}\u00bb]<\/p>\n<h2>CAIF Los Cascabeles &#8211; Jos\u00e9 Pedro Varela<\/h2>\n<p>\u00a0Martes 29 de abril<\/p>\n<p>[\/et_pb_text][et_pb_gallery gallery_ids=\u00bb2310,2309,2308,2307&#8243; show_title_and_caption=\u00bboff\u00bb _builder_version=\u00bb4.21.0&#8243; _module_preset=\u00bbdefault\u00bb global_colors_info=\u00bb{}\u00bb][\/et_pb_gallery][\/et_pb_column][\/et_pb_row][et_pb_row _builder_version=\u00bb4.21.0&#8243; _module_preset=\u00bbdefault\u00bb global_colors_info=\u00bb{}\u00bb][et_pb_column type=\u00bb4_4&#8243; _builder_version=\u00bb4.21.0&#8243; _module_preset=\u00bbdefault\u00bb global_colors_info=\u00bb{}\u00bb][et_pb_text _builder_version=\u00bb4.21.0&#8243; _module_preset=\u00bbdefault\u00bb text_font=\u00bbRoboto||||||||\u00bb text_font_size=\u00bb18px\u00bb header_text_color=\u00bb#FFFFFF\u00bb background_color=\u00bb#ce721f\u00bb custom_margin=\u00bb||11px|||\u00bb hover_enabled=\u00bb0&#8243; global_colors_info=\u00bb{}\u00bb custom_padding=\u00bb12px|||10px|false|false\u00bb sticky_enabled=\u00bb0&#8243;]<\/p>\n<h1>\u00a0Capacitamos a nuestros recursos humanos<\/h1>\n<p>[\/et_pb_text][et_pb_text _builder_version=\u00bb4.21.0&#8243; _module_preset=\u00bbdefault\u00bb text_font_size=\u00bb18px\u00bb custom_padding=\u00bb9px|||16px||\u00bb global_colors_info=\u00bb{}\u00bb]<\/p>\n<p>El equipo de Pediatr\u00eda realiz\u00f3 charlas sobre vacunaci\u00f3n en la instituci\u00f3n. En las mismas participaron m\u00e9dicos, vacunadores y funcionarios.<\/p>\n<p>[\/et_pb_text][et_pb_text _builder_version=\u00bb4.21.0&#8243; _module_preset=\u00bbdefault\u00bb text_font_size=\u00bb18px\u00bb custom_padding=\u00bb9px||0px|||\u00bb global_colors_info=\u00bb{}\u00bb]<\/p>\n<p>Mi\u00e9rcoles 12 de junio<\/p>\n<p>[\/et_pb_text][et_pb_gallery gallery_ids=\u00bb2178,2179,2180,2181,2182,2183,2184,2185,2186,2187,2188,2189,2190,2191,2192,2193,2194,2195&#8243; show_title_and_caption=\u00bboff\u00bb _builder_version=\u00bb4.21.0&#8243; _module_preset=\u00bbdefault\u00bb global_colors_info=\u00bb{}\u00bb][\/et_pb_gallery][et_pb_text _builder_version=\u00bb4.21.0&#8243; _module_preset=\u00bbdefault\u00bb text_font_size=\u00bb18px\u00bb custom_padding=\u00bb9px||0px|||\u00bb global_colors_info=\u00bb{}\u00bb]<\/p>\n<p>Jueves 20 de junio<\/p>\n<p>[\/et_pb_text][et_pb_gallery gallery_ids=\u00bb2196,2197,2198,2199,2200,2201,2202,2203,2204,2205&#8243; show_title_and_caption=\u00bboff\u00bb _builder_version=\u00bb4.21.0&#8243; _module_preset=\u00bbdefault\u00bb global_colors_info=\u00bb{}\u00bb][\/et_pb_gallery][et_pb_text _builder_version=\u00bb4.21.0&#8243; _module_preset=\u00bbdefault\u00bb text_font_size=\u00bb18px\u00bb custom_padding=\u00bb9px||0px|||\u00bb global_colors_info=\u00bb{}\u00bb]<\/p>\n<p>Mi\u00e9rcoles 30 de octubre<\/p>\n<p>[\/et_pb_text][et_pb_gallery gallery_ids=\u00bb2259,2260,2261,2262,2283&#8243; show_title_and_caption=\u00bboff\u00bb _builder_version=\u00bb4.21.0&#8243; _module_preset=\u00bbdefault\u00bb global_colors_info=\u00bb{}\u00bb][\/et_pb_gallery][et_pb_text _builder_version=\u00bb4.21.0&#8243; _module_preset=\u00bbdefault\u00bb text_font_size=\u00bb18px\u00bb custom_padding=\u00bb9px||0px|||\u00bb global_colors_info=\u00bb{}\u00bb]<\/p>\n<p>Jueves 7 de noviembre<\/p>\n<p>[\/et_pb_text][et_pb_gallery gallery_ids=\u00bb2264,2263,2265,2266,2267,2268,2269,2270&#8243; show_title_and_caption=\u00bboff\u00bb _builder_version=\u00bb4.21.0&#8243; _module_preset=\u00bbdefault\u00bb global_colors_info=\u00bb{}\u00bb][\/et_pb_gallery][\/et_pb_column][\/et_pb_row][et_pb_row _builder_version=\u00bb4.21.0&#8243; _module_preset=\u00bbdefault\u00bb global_colors_info=\u00bb{}\u00bb][et_pb_column type=\u00bb4_4&#8243; _builder_version=\u00bb4.21.0&#8243; _module_preset=\u00bbdefault\u00bb global_colors_info=\u00bb{}\u00bb][et_pb_text _builder_version=\u00bb4.21.0&#8243; _module_preset=\u00bbdefault\u00bb text_font=\u00bbRoboto||||||||\u00bb text_font_size=\u00bb18px\u00bb header_font=\u00bbRoboto||||||||\u00bb header_text_color=\u00bb#FFFFFF\u00bb background_color=\u00bb#ce721f\u00bb custom_margin=\u00bb||11px|||\u00bb hover_enabled=\u00bb0&#8243; global_colors_info=\u00bb{}\u00bb custom_padding=\u00bb12px|||10px|false|false\u00bb sticky_enabled=\u00bb0&#8243;]<\/p>\n<h1>\u00a0Campa\u00f1a en territorio<\/h1>\n<p>[\/et_pb_text][et_pb_text _builder_version=\u00bb4.21.0&#8243; _module_preset=\u00bbdefault\u00bb text_font=\u00bb||||||||\u00bb text_font_size=\u00bb18px\u00bb custom_padding=\u00bb9px|||21px||\u00bb global_colors_info=\u00bb{}\u00bb]<\/p>\n<p>El 9\/12 se realiz\u00f3 junto a ASSE una jornada de asistencia comunitaria en las arroceras El Tigre, Los Ceibos y Zapata, en el interior del Departamento de Treinta y Tres.<\/p>\n<p>La misma se llev\u00f3 a cabo en el marco de la campa\u00f1a de vacunaci\u00f3n, acercando los servicios de salud a quienes m\u00e1s lo necesitan.<\/p>\n<p>Tambi\u00e9n se brind\u00f3 informaci\u00f3n a docentes y padres sobre la importancia de la vacunaci\u00f3n.<\/p>\n<p>[\/et_pb_text][et_pb_gallery gallery_ids=\u00bb2291,2290,2289,2288,2287,2286&#8243; show_title_and_caption=\u00bboff\u00bb _builder_version=\u00bb4.21.0&#8243; _module_preset=\u00bbdefault\u00bb global_colors_info=\u00bb{}\u00bb][\/et_pb_gallery][et_pb_video src=\u00bbhttps:\/\/www.youtube.com\/shorts\/tju7NoQfAwc\u00bb _builder_version=\u00bb4.21.0&#8243; _module_preset=\u00bbdefault\u00bb global_colors_info=\u00bb{}\u00bb][\/et_pb_video][\/et_pb_column][\/et_pb_row][et_pb_row _builder_version=\u00bb4.21.0&#8243; _module_preset=\u00bbdefault\u00bb custom_margin=\u00bb|auto|25px|auto||\u00bb custom_padding=\u00bb0px||1px|||\u00bb global_colors_info=\u00bb{}\u00bb][et_pb_column type=\u00bb4_4&#8243; _builder_version=\u00bb4.21.0&#8243; _module_preset=\u00bbdefault\u00bb global_colors_info=\u00bb{}\u00bb][\/et_pb_column][\/et_pb_row][et_pb_row _builder_version=\u00bb4.21.0&#8243; _module_preset=\u00bbdefault\u00bb global_colors_info=\u00bb{}\u00bb][et_pb_column type=\u00bb4_4&#8243; _builder_version=\u00bb4.21.0&#8243; _module_preset=\u00bbdefault\u00bb global_colors_info=\u00bb{}\u00bb][et_pb_text _builder_version=\u00bb4.21.0&#8243; _module_preset=\u00bbdefault\u00bb text_font=\u00bbRoboto||||||||\u00bb text_font_size=\u00bb18px\u00bb header_font=\u00bbRoboto||||||||\u00bb header_text_color=\u00bb#FFFFFF\u00bb background_color=\u00bb#ce721f\u00bb custom_margin=\u00bb||11px|||\u00bb hover_enabled=\u00bb0&#8243; global_colors_info=\u00bb{}\u00bb custom_padding=\u00bb12px|||10px|false|false\u00bb sticky_enabled=\u00bb0&#8243;]<\/p>\n<h1>\u00a0Campa\u00f1a en Festival 2025<\/h1>\n<p>[\/et_pb_text][et_pb_text _builder_version=\u00bb4.21.0&#8243; _module_preset=\u00bbdefault\u00bb text_font=\u00bb||||||||\u00bb text_font_size=\u00bb18px\u00bb custom_padding=\u00bb9px||50px|17px||\u00bb global_colors_info=\u00bb{}\u00bb]<\/p>\n<p>El 15 de abril participamos, junto al equipo de Pediatr\u00eda del IAC, en la propuesta infantil del Festival del Olimar 2025.<br \/>Estuvimos presentes en el parque del r\u00edo Olimar, donde se desarrollaban actividades para ni\u00f1os, y all\u00ed compartimos informaci\u00f3n con las familias. Entregamos folleter\u00eda y conversamos con madres y padres sobre la importancia de la vacunaci\u00f3n en la primera infancia.<\/p>\n<p>[\/et_pb_text][et_pb_video src=\u00bbhttps:\/\/www.youtube.com\/watch?v=gQ7cXq9HKDs\u00bb _builder_version=\u00bb4.21.0&#8243; _module_preset=\u00bbdefault\u00bb global_colors_info=\u00bb{}\u00bb][\/et_pb_video][\/et_pb_column][\/et_pb_row][et_pb_row _builder_version=\u00bb4.21.0&#8243; _module_preset=\u00bbdefault\u00bb custom_margin=\u00bb|auto|25px|auto||\u00bb custom_padding=\u00bb0px||1px|||\u00bb global_colors_info=\u00bb{}\u00bb][et_pb_column type=\u00bb4_4&#8243; _builder_version=\u00bb4.21.0&#8243; _module_preset=\u00bbdefault\u00bb global_colors_info=\u00bb{}\u00bb][\/et_pb_column][\/et_pb_row][et_pb_row _builder_version=\u00bb4.21.0&#8243; _module_preset=\u00bbdefault\u00bb min_height=\u00bb48px\u00bb global_colors_info=\u00bb{}\u00bb][et_pb_column type=\u00bb4_4&#8243; _builder_version=\u00bb4.21.0&#8243; _module_preset=\u00bbdefault\u00bb global_colors_info=\u00bb{}\u00bb][et_pb_text _builder_version=\u00bb4.21.0&#8243; _module_preset=\u00bbdefault\u00bb text_font_size=\u00bb18px\u00bb custom_padding=\u00bb9px||2px|||\u00bb global_colors_info=\u00bb{}\u00bb]<\/p>\n<h2>Nuestros profesionales nos cuentan sobre la importancia de las vacunas<\/h2>\n<p>[\/et_pb_text][\/et_pb_column][\/et_pb_row][et_pb_row column_structure=\u00bb1_4,1_4,1_4,1_4&#8243; _builder_version=\u00bb4.21.0&#8243; _module_preset=\u00bbdefault\u00bb custom_padding=\u00bb||0px|||\u00bb global_colors_info=\u00bb{}\u00bb][et_pb_column type=\u00bb1_4&#8243; _builder_version=\u00bb4.21.0&#8243; _module_preset=\u00bbdefault\u00bb global_colors_info=\u00bb{}\u00bb][et_pb_video src=\u00bbhttps:\/\/www.youtube.com\/watch?v=zvwAnv6rmlo\u00bb _builder_version=\u00bb4.21.0&#8243; _module_preset=\u00bbdefault\u00bb global_colors_info=\u00bb{}\u00bb][\/et_pb_video][\/et_pb_column][et_pb_column type=\u00bb1_4&#8243; _builder_version=\u00bb4.21.0&#8243; _module_preset=\u00bbdefault\u00bb global_colors_info=\u00bb{}\u00bb][et_pb_video src=\u00bbhttps:\/\/www.youtube.com\/watch?v=mXQhTMNc1OM\u00bb _builder_version=\u00bb4.21.0&#8243; _module_preset=\u00bbdefault\u00bb global_colors_info=\u00bb{}\u00bb][\/et_pb_video][\/et_pb_column][et_pb_column type=\u00bb1_4&#8243; _builder_version=\u00bb4.21.0&#8243; _module_preset=\u00bbdefault\u00bb global_colors_info=\u00bb{}\u00bb][et_pb_video src=\u00bbhttps:\/\/www.youtube.com\/watch?v=7ZoPLztHZjY\u00bb _builder_version=\u00bb4.21.0&#8243; _module_preset=\u00bbdefault\u00bb global_colors_info=\u00bb{}\u00bb][\/et_pb_video][\/et_pb_column][et_pb_column type=\u00bb1_4&#8243; _builder_version=\u00bb4.21.0&#8243; _module_preset=\u00bbdefault\u00bb global_colors_info=\u00bb{}\u00bb][et_pb_video src=\u00bbhttps:\/\/www.youtube.com\/watch?v=siWLFMUVp3g\u00bb admin_label=\u00bbV\u00eddeo\u00bb _builder_version=\u00bb4.21.0&#8243; _module_preset=\u00bbdefault\u00bb global_colors_info=\u00bb{}\u00bb][\/et_pb_video][\/et_pb_column][\/et_pb_row][et_pb_row column_structure=\u00bb1_4,1_4,1_4,1_4&#8243; _builder_version=\u00bb4.21.0&#8243; _module_preset=\u00bbdefault\u00bb global_colors_info=\u00bb{}\u00bb][et_pb_column type=\u00bb1_4&#8243; _builder_version=\u00bb4.21.0&#8243; _module_preset=\u00bbdefault\u00bb global_colors_info=\u00bb{}\u00bb][et_pb_video src=\u00bbhttps:\/\/www.youtube.com\/watch?v=be0vd9kW0LM\u00bb _builder_version=\u00bb4.21.0&#8243; _module_preset=\u00bbdefault\u00bb global_colors_info=\u00bb{}\u00bb][\/et_pb_video][\/et_pb_column][et_pb_column type=\u00bb1_4&#8243; _builder_version=\u00bb4.21.0&#8243; _module_preset=\u00bbdefault\u00bb global_colors_info=\u00bb{}\u00bb][et_pb_video src=\u00bbhttps:\/\/www.youtube.com\/watch?v=BBkOqbblwjs\u00bb _builder_version=\u00bb4.21.0&#8243; _module_preset=\u00bbdefault\u00bb global_colors_info=\u00bb{}\u00bb][\/et_pb_video][\/et_pb_column][et_pb_column type=\u00bb1_4&#8243; _builder_version=\u00bb4.21.0&#8243; _module_preset=\u00bbdefault\u00bb global_colors_info=\u00bb{}\u00bb][et_pb_video src=\u00bbhttps:\/\/www.youtube.com\/watch?v=O3l-QFDNG0Q\u00bb _builder_version=\u00bb4.21.0&#8243; _module_preset=\u00bbdefault\u00bb global_colors_info=\u00bb{}\u00bb][\/et_pb_video][\/et_pb_column][et_pb_column type=\u00bb1_4&#8243; _builder_version=\u00bb4.21.0&#8243; _module_preset=\u00bbdefault\u00bb global_colors_info=\u00bb{}\u00bb][\/et_pb_column][\/et_pb_row][et_pb_row _builder_version=\u00bb4.21.0&#8243; _module_preset=\u00bbdefault\u00bb global_colors_info=\u00bb{}\u00bb][et_pb_column type=\u00bb4_4&#8243; _builder_version=\u00bb4.21.0&#8243; _module_preset=\u00bbdefault\u00bb global_colors_info=\u00bb{}\u00bb][\/et_pb_column][\/et_pb_row][\/et_pb_section]<\/p>\n","protected":false},"excerpt":{"rendered":"<p>\u00a0Acciones en instituciones educativas Se realizaron durante el mes de abril charlas de promoci\u00f3n e informaci\u00f3n sobre\u00a0la vacunaci\u00f3n y la importancia de mantener el esquema al d\u00eda, en jardines y centros CAIF. Las mismas fueron brindadas por el equipo de Pediatr\u00eda y Metas de IAC a padres y docentes de las instituciones. Jard\u00edn 81 Jueves [&hellip;]<\/p>\n","protected":false},"author":4,"featured_media":0,"parent":0,"menu_order":0,"comment_status":"closed","ping_status":"closed","template":"","meta":{"_et_pb_use_builder":"on","_et_pb_old_content":"<!-- wp:divi\/placeholder \/-->","_et_gb_content_width":"","footnotes":""},"class_list":["post-2054","page","type-page","status-publish","hentry"],"_links":{"self":[{"href":"https:\/\/www.iac.com.uy\/iac\/wp-json\/wp\/v2\/pages\/2054","targetHints":{"allow":["GET"]}}],"collection":[{"href":"https:\/\/www.iac.com.uy\/iac\/wp-json\/wp\/v2\/pages"}],"about":[{"href":"https:\/\/www.iac.com.uy\/iac\/wp-json\/wp\/v2\/types\/page"}],"author":[{"embeddable":true,"href":"https:\/\/www.iac.com.uy\/iac\/wp-json\/wp\/v2\/users\/4"}],"replies":[{"embeddable":true,"href":"https:\/\/www.iac.com.uy\/iac\/wp-json\/wp\/v2\/comments?post=2054"}],"version-history":[{"count":38,"href":"https:\/\/www.iac.com.uy\/iac\/wp-json\/wp\/v2\/pages\/2054\/revisions"}],"predecessor-version":[{"id":2448,"href":"https:\/\/www.iac.com.uy\/iac\/wp-json\/wp\/v2\/pages\/2054\/revisions\/2448"}],"wp:attachment":[{"href":"https:\/\/www.iac.com.uy\/iac\/wp-json\/wp\/v2\/media?parent=2054"}],"curies":[{"name":"wp","href":"https:\/\/api.w.org\/{rel}","templated":true}]}}