{"id":1999,"date":"2024-01-31T19:20:50","date_gmt":"2024-01-31T19:20:50","guid":{"rendered":"https:\/\/www.iac.com.uy\/iac\/?page_id=1999"},"modified":"2024-05-10T18:32:38","modified_gmt":"2024-05-10T18:32:38","slug":"esquema-de-vacunacion-nacional","status":"publish","type":"page","link":"https:\/\/www.iac.com.uy\/iac\/esquema-de-vacunacion-nacional\/","title":{"rendered":"Esquema de Vacunaci\u00f3n Nacional"},"content":{"rendered":"<p>[et_pb_section fb_built=\u00bb1&#8243; fullwidth=\u00bbon\u00bb _builder_version=\u00bb4.16&#8243; bottom_divider_color=\u00bb#ff6000&#8243; bottom_divider_flip=\u00bbhorizontal\u00bb global_colors_info=\u00bb{}\u00bb][et_pb_fullwidth_header title=\u00bbIAC VACUNACI\u00d3N\u00bb text_orientation=\u00bbcenter\u00bb background_overlay_color=\u00bbrgba(96,0,0,0.45)\u00bb _builder_version=\u00bb4.21.0&#8243; title_font=\u00bbRoboto||||||||\u00bb title_text_align=\u00bbcenter\u00bb title_font_size=\u00bb46px\u00bb title_letter_spacing=\u00bb3px\u00bb title_line_height=\u00bb1.5em\u00bb content_font=\u00bbLato||||||||\u00bb content_font_size=\u00bb20px\u00bb content_line_height=\u00bb1.8em\u00bb subhead_font=\u00bbLato|700|||||||\u00bb subhead_font_size=\u00bb25px\u00bb subhead_line_height=\u00bb1.5em\u00bb background_enable_color=\u00bboff\u00bb background_image=\u00bbhttps:\/\/www.iac.com.uy\/iac\/wp-content\/uploads\/2024\/02\/51001885990_244ad00743_k-1-660&#215;350-1.jpg\u00bb custom_margin=\u00bb|||\u00bb custom_padding=\u00bb5vw||74px||false|\u00bb animation_style=\u00bbslide\u00bb animation_direction=\u00bbtop\u00bb animation_intensity_slide=\u00bb2%\u00bb hover_enabled=\u00bb0&#8243; title_font_size_tablet=\u00bb36px\u00bb title_font_size_phone=\u00bb30px\u00bb title_font_size_last_edited=\u00bbon|phone\u00bb title_text_shadow_style=\u00bbpreset5&#8243; global_colors_info=\u00bb{}\u00bb button_one_text_size__hover_enabled=\u00bboff\u00bb button_two_text_size__hover_enabled=\u00bboff\u00bb button_one_text_color__hover_enabled=\u00bboff\u00bb button_two_text_color__hover_enabled=\u00bboff\u00bb button_one_border_width__hover_enabled=\u00bboff\u00bb button_two_border_width__hover_enabled=\u00bboff\u00bb button_one_border_color__hover_enabled=\u00bboff\u00bb button_two_border_color__hover_enabled=\u00bboff\u00bb button_one_border_radius__hover_enabled=\u00bboff\u00bb button_two_border_radius__hover_enabled=\u00bboff\u00bb button_one_letter_spacing__hover_enabled=\u00bboff\u00bb button_two_letter_spacing__hover_enabled=\u00bboff\u00bb button_one_bg_color__hover_enabled=\u00bboff\u00bb button_two_bg_color__hover_enabled=\u00bboff\u00bb sticky_enabled=\u00bb0&#8243; title_line_height_last_edited=\u00bbon|phone\u00bb title_line_height_phone=\u00bb1.1em\u00bb custom_padding_last_edited=\u00bbon|phone\u00bb custom_padding_phone=\u00bb5vw||0px||false|false\u00bb title_line_height_tablet=\u00bb1.5em\u00bb custom_padding_tablet=\u00bb5vw||74px||false|\u00bb][\/et_pb_fullwidth_header][\/et_pb_section][et_pb_section fb_built=\u00bb1&#8243; admin_label=\u00bbAbout Me\u00bb _builder_version=\u00bb4.21.0&#8243; background_color=\u00bb#ffffff\u00bb custom_margin=\u00bb0px||||false|false\u00bb custom_padding=\u00bb2px||||false|false\u00bb bottom_divider_color=\u00bb#ff6000&#8243; bottom_divider_height=\u00bb55px\u00bb bottom_divider_flip=\u00bbvertical\u00bb global_colors_info=\u00bb{}\u00bb][et_pb_row _builder_version=\u00bb4.21.0&#8243; custom_margin=\u00bb|auto|30px|auto||\u00bb custom_padding=\u00bb0px||||false|false\u00bb global_colors_info=\u00bb{}\u00bb][et_pb_column type=\u00bb4_4&#8243; _builder_version=\u00bb4.16&#8243; custom_padding=\u00bb|||\u00bb global_colors_info=\u00bb{}\u00bb custom_padding__hover=\u00bb|||\u00bb][et_pb_image src=\u00bbhttps:\/\/www.iac.com.uy\/iac\/wp-content\/uploads\/2024\/05\/Esquema-vacunacion-web-iac.png\u00bb title_text=\u00bbEsquema vacunacion web iac\u00bb _builder_version=\u00bb4.21.0&#8243; _module_preset=\u00bbdefault\u00bb global_colors_info=\u00bb{}\u00bb][\/et_pb_image][\/et_pb_column][\/et_pb_row][et_pb_row _builder_version=\u00bb4.21.0&#8243; _module_preset=\u00bbdefault\u00bb global_colors_info=\u00bb{}\u00bb][et_pb_column type=\u00bb4_4&#8243; _builder_version=\u00bb4.21.0&#8243; _module_preset=\u00bbdefault\u00bb global_colors_info=\u00bb{}\u00bb][et_pb_blurb title=\u00bbAcced\u00e9 aqu\u00ed al Programa de Vacunaci\u00f3n Nacional del MSP. \u00bb url=\u00bbhttps:\/\/www.gub.uy\/ministerio-salud-publica\/comunicacion\/publicaciones\/vacunas\u00bb use_icon=\u00bbon\u00bb font_icon=\u00bb&#x62;||divi||400&#8243; icon_color=\u00bb#622626&#8243; icon_placement=\u00bbleft\u00bb image_icon_width=\u00bb22px\u00bb content_max_width=\u00bb1100px\u00bb _builder_version=\u00bb4.21.0&#8243; header_font=\u00bbRoboto|700|||||||\u00bb header_font_size=\u00bb16px\u00bb header_line_height=\u00bb1.4em\u00bb body_font=\u00bb||||||||\u00bb custom_margin=\u00bb|||\u00bb animation_style=\u00bbslide\u00bb animation_direction=\u00bbbottom\u00bb animation_intensity_slide=\u00bb5%\u00bb link_option_url_new_window=\u00bbon\u00bb icon_font_size=\u00bb22px\u00bb locked=\u00bboff\u00bb global_colors_info=\u00bb{}\u00bb][\/et_pb_blurb][\/et_pb_column][\/et_pb_row][\/et_pb_section]<\/p>\n","protected":false},"excerpt":{"rendered":"","protected":false},"author":4,"featured_media":0,"parent":0,"menu_order":0,"comment_status":"closed","ping_status":"closed","template":"","meta":{"_et_pb_use_builder":"on","_et_pb_old_content":"<!-- wp:divi\/placeholder \/-->","_et_gb_content_width":"","footnotes":""},"class_list":["post-1999","page","type-page","status-publish","hentry"],"_links":{"self":[{"href":"https:\/\/www.iac.com.uy\/iac\/wp-json\/wp\/v2\/pages\/1999","targetHints":{"allow":["GET"]}}],"collection":[{"href":"https:\/\/www.iac.com.uy\/iac\/wp-json\/wp\/v2\/pages"}],"about":[{"href":"https:\/\/www.iac.com.uy\/iac\/wp-json\/wp\/v2\/types\/page"}],"author":[{"embeddable":true,"href":"https:\/\/www.iac.com.uy\/iac\/wp-json\/wp\/v2\/users\/4"}],"replies":[{"embeddable":true,"href":"https:\/\/www.iac.com.uy\/iac\/wp-json\/wp\/v2\/comments?post=1999"}],"version-history":[{"count":14,"href":"https:\/\/www.iac.com.uy\/iac\/wp-json\/wp\/v2\/pages\/1999\/revisions"}],"predecessor-version":[{"id":2133,"href":"https:\/\/www.iac.com.uy\/iac\/wp-json\/wp\/v2\/pages\/1999\/revisions\/2133"}],"wp:attachment":[{"href":"https:\/\/www.iac.com.uy\/iac\/wp-json\/wp\/v2\/media?parent=1999"}],"curies":[{"name":"wp","href":"https:\/\/api.w.org\/{rel}","templated":true}]}}