{"id":1992,"date":"2024-01-31T18:10:36","date_gmt":"2024-01-31T18:10:36","guid":{"rendered":"https:\/\/www.iac.com.uy\/iac\/?page_id=1992"},"modified":"2025-06-26T16:39:40","modified_gmt":"2025-06-26T19:39:40","slug":"historia","status":"publish","type":"page","link":"https:\/\/www.iac.com.uy\/iac\/historia\/","title":{"rendered":"Historia"},"content":{"rendered":"<p>[et_pb_section fb_built=\u00bb1&#8243; fullwidth=\u00bbon\u00bb _builder_version=\u00bb4.16&#8243; background_enable_color=\u00bboff\u00bb bottom_divider_style=\u00bbarrow\u00bb bottom_divider_color=\u00bb#ffffff\u00bb bottom_divider_flip=\u00bbhorizontal\u00bb global_colors_info=\u00bb{}\u00bb][et_pb_fullwidth_header title=\u00bbHISTORIA\u00bb text_orientation=\u00bbcenter\u00bb background_overlay_color=\u00bbrgba(96,0,0,0.45)\u00bb content_max_width=\u00bb48%\u00bb _builder_version=\u00bb4.21.0&#8243; title_font=\u00bbRoboto|700|||||||\u00bb title_text_align=\u00bbcenter\u00bb title_font_size=\u00bb46px\u00bb title_letter_spacing=\u00bb3px\u00bb title_line_height=\u00bb1.5em\u00bb content_font=\u00bbArimo||||||||\u00bb content_font_size=\u00bb20px\u00bb content_line_height=\u00bb1.8em\u00bb subhead_font=\u00bbGlacial Indifference||||||||\u00bb subhead_text_align=\u00bbcenter\u00bb subhead_font_size=\u00bb27px\u00bb subhead_line_height=\u00bb1.5em\u00bb background_enable_color=\u00bboff\u00bb background_image=\u00bbhttps:\/\/www.iac.com.uy\/iac\/wp-content\/uploads\/2020\/09\/91462653_2696986557197799_5508240963790700544_o.jpg\u00bb width=\u00bb100%\u00bb max_width=\u00bb100%\u00bb custom_margin=\u00bb|||\u00bb custom_padding=\u00bb5vw||39px||false|\u00bb animation_style=\u00bbslide\u00bb animation_direction=\u00bbtop\u00bb animation_intensity_slide=\u00bb2%\u00bb title_font_size_tablet=\u00bb36px\u00bb title_font_size_phone=\u00bb\u00bb title_font_size_last_edited=\u00bbon|phone\u00bb title_text_shadow_style=\u00bbpreset5&#8243; global_colors_info=\u00bb{}\u00bb button_one_text_size__hover_enabled=\u00bboff\u00bb button_two_text_size__hover_enabled=\u00bboff\u00bb button_one_text_color__hover_enabled=\u00bboff\u00bb button_two_text_color__hover_enabled=\u00bboff\u00bb button_one_border_width__hover_enabled=\u00bboff\u00bb button_two_border_width__hover_enabled=\u00bboff\u00bb button_one_border_color__hover_enabled=\u00bboff\u00bb button_two_border_color__hover_enabled=\u00bboff\u00bb button_one_border_radius__hover_enabled=\u00bboff\u00bb button_two_border_radius__hover_enabled=\u00bboff\u00bb button_one_letter_spacing__hover_enabled=\u00bboff\u00bb button_two_letter_spacing__hover_enabled=\u00bboff\u00bb button_one_bg_color__hover_enabled=\u00bboff\u00bb button_two_bg_color__hover_enabled=\u00bboff\u00bb][\/et_pb_fullwidth_header][\/et_pb_section][et_pb_section fb_built=\u00bb1&#8243; admin_label=\u00bbAbout Me\u00bb _builder_version=\u00bb4.21.0&#8243; background_color=\u00bb#ffffff\u00bb custom_padding=\u00bb39px||3px||false|false\u00bb top_divider_style=\u00bbwaves2&#8243; top_divider_color=\u00bbRGBA(255,255,255,0)\u00bb top_divider_height=\u00bb69px\u00bb bottom_divider_color=\u00bb#ffffff\u00bb bottom_divider_height=\u00bb64px\u00bb bottom_divider_repeat=\u00bb0x\u00bb global_colors_info=\u00bb{}\u00bb][et_pb_row column_structure=\u00bb1_2,1_2&#8243; _builder_version=\u00bb4.16&#8243; custom_margin=\u00bb6px|auto||auto||\u00bb custom_padding=\u00bb44px||0px|||\u00bb global_colors_info=\u00bb{}\u00bb][et_pb_column type=\u00bb1_2&#8243; _builder_version=\u00bb4.16&#8243; custom_padding=\u00bb|||\u00bb global_colors_info=\u00bb{}\u00bb custom_padding__hover=\u00bb|||\u00bb][et_pb_text _builder_version=\u00bb4.21.0&#8243; text_font=\u00bbRoboto||||||||\u00bb text_text_color=\u00bb#363636&#8243; text_font_size=\u00bb16px\u00bb text_line_height=\u00bb1.8em\u00bb link_font=\u00bb||||||||\u00bb ul_font=\u00bb||||||||\u00bb ol_font=\u00bb||||||||\u00bb quote_font=\u00bb||||||||\u00bb header_font=\u00bb||||||||\u00bb header_2_font=\u00bbLato|700|||||||\u00bb header_2_font_size=\u00bb30px\u00bb header_2_letter_spacing=\u00bb1px\u00bb header_2_line_height=\u00bb1.5em\u00bb text_orientation=\u00bbjustified\u00bb custom_margin=\u00bb|-27px||||\u00bb custom_padding=\u00bb4px|27px||||\u00bb animation_style=\u00bbslide\u00bb animation_direction=\u00bbbottom\u00bb animation_intensity_slide=\u00bb5%\u00bb header_2_font_size_tablet=\u00bb\u00bb header_2_font_size_phone=\u00bb22px\u00bb header_2_font_size_last_edited=\u00bbon|phone\u00bb global_colors_info=\u00bb{}\u00bb]<\/p>\n<p class=\"p1\"><span class=\"s1\">El\u00a0moj\u00f3n fundacional de lo que hoy es el\u00a0<strong>Instituto Asistencial Colectivo<\/strong><span>\u00a0<\/span>(IAC) lo marc\u00f3 la visi\u00f3n de futuro\u00a0de prestigiosos profesionales m\u00e9dicos de Treinta y Tres, avizorando la evoluci\u00f3n de la sociedad en tiempos de un aumento poblacional y de la importancia que conllevar\u00eda a la b\u00fasqueda de otras propuestas para el cuidado de la salud.<\/span><\/p>\n<p class=\"p1\"><span class=\"s1\">Fue un largo proceso que demand\u00f3 un incremento de esfuerzos humanos, t\u00e9cnicos y econ\u00f3micos y que tuvo como punto culminante el 17 de noviembre de 1970 cuando se fund\u00f3 IAC, la\u00a0<strong>primera mutualista de atenci\u00f3n integral de salud<\/strong>\u00a0de car\u00e1cter privado.<\/span><\/p>\n<p class=\"p1\"><span class=\"s1\">En funci\u00f3n de la demanda creciente y constante, llev\u00f3 a que en el transcurrir del tiempo se procurara dotar de mayores comodidades en el nivel asistencial y de internaci\u00f3n, logrando nuevos objetivos en infraestructura t\u00e9cnica y humana, y la instauraci\u00f3n de policl\u00ednicos descentralizados en las localidades del departamento.<\/span><\/p>\n<p>[\/et_pb_text][\/et_pb_column][et_pb_column type=\u00bb1_2&#8243; _builder_version=\u00bb4.16&#8243; custom_padding=\u00bb|||\u00bb global_colors_info=\u00bb{}\u00bb custom_padding__hover=\u00bb|||\u00bb][et_pb_image src=\u00bbhttps:\/\/www.iac.com.uy\/iac\/wp-content\/uploads\/2020\/09\/imagenologia.png\u00bb title_text=\u00bbimagenologia\u00bb _builder_version=\u00bb4.21.0&#8243; _module_preset=\u00bbdefault\u00bb width=\u00bb69%\u00bb module_alignment=\u00bbcenter\u00bb custom_margin=\u00bb-5px|||71px||\u00bb custom_padding=\u00bb||0px|||\u00bb hover_enabled=\u00bb0&#8243; border_radii=\u00bbon|5px|5px|5px|5px\u00bb border_color_all=\u00bb#ff6000&#8243; box_shadow_style=\u00bbpreset2&#8243; global_colors_info=\u00bb{}\u00bb sticky_enabled=\u00bb0&#8243;][\/et_pb_image][\/et_pb_column][\/et_pb_row][et_pb_row _builder_version=\u00bb4.16&#8243; _module_preset=\u00bbdefault\u00bb custom_margin=\u00bb-1px|auto||auto||\u00bb custom_padding=\u00bb16px|||||\u00bb global_colors_info=\u00bb{}\u00bb min_height=\u00bb418.6px\u00bb][et_pb_column type=\u00bb4_4&#8243; _builder_version=\u00bb4.16&#8243; _module_preset=\u00bbdefault\u00bb global_colors_info=\u00bb{}\u00bb][et_pb_text _builder_version=\u00bb4.21.0&#8243; _module_preset=\u00bbdefault\u00bb text_font=\u00bbRoboto||||||||\u00bb text_text_color=\u00bb#363636&#8243; text_font_size=\u00bb16px\u00bb text_line_height=\u00bb1.8em\u00bb link_font=\u00bb||||||||\u00bb ul_font=\u00bb||||||||\u00bb ol_font=\u00bb||||||||\u00bb quote_font=\u00bb||||||||\u00bb header_font=\u00bb||||||||\u00bb header_2_font=\u00bbLato|700|||||||\u00bb header_2_font_size=\u00bb30px\u00bb header_2_letter_spacing=\u00bb1px\u00bb header_2_line_height=\u00bb1.5em\u00bb text_orientation=\u00bbjustified\u00bb animation_style=\u00bbslide\u00bb animation_direction=\u00bbbottom\u00bb animation_intensity_slide=\u00bb5%\u00bb header_2_font_size_tablet=\u00bb\u00bb header_2_font_size_phone=\u00bb22px\u00bb header_2_font_size_last_edited=\u00bbon|phone\u00bb global_colors_info=\u00bb{}\u00bb]<\/p>\n<p>Notoria era la superaci\u00f3n institucional\u00a0dada por la calificada atenci\u00f3n m\u00e9dica \u201ccasi personalizada\u201d que se reflejaba en el aumento permanente del padr\u00f3n de afiliados llevando a los directivos a plantear pol\u00edticas de crecimiento futuro en corto y mediano plazo.<br \/>Fue as\u00ed que en el a\u00f1o 1984 se adquiri\u00f3 la mayor\u00eda del paquete accionario del sanatorio CRAMQSA \u201cDr. Walter Buscasso\u201d iniciando el proceso de expansi\u00f3n.<br \/>En el a\u00f1o 1995, en tanto, se concret\u00f3 la primera de las dos partes que consist\u00eda\u00a0el Policl\u00ednico Central y oficinas administrativas.<br \/>Otro de los logros importantes llev\u00f3 al ordenamiento de las atenciones m\u00e9dicas ambulatorias por especialidades en modernos y amplios consultorios.<br \/>Posteriormente, por el a\u00f1o 2000, se lleg\u00f3 a la concreci\u00f3n final del proyecto, centraliz\u00e1ndose el aparato administrativo con la atenci\u00f3n m\u00e9dica, y un moderno y funcional expendio de medicamentos.<br \/>Con el tiempo se dotaron de mayores servicios, conform\u00e1ndose las \u00e1reas de Fisioterapia, con moderno y funcional equipamiento, Laboratorio de An\u00e1lisis Cl\u00ednicos, Laboratorio de Anatom\u00eda Patol\u00f3gica, Banco de Sangre, ampliaci\u00f3n de CTI y un alojamiento para familiares de pacientes del interior.<br \/>En el a\u00f1o 2010 se cre\u00f3 el Centro de Imagenolog\u00eda, en el anexo al Policl\u00ednico Central Dr. Eduardo P\u00e9rez, conformando el m\u00e1s moderno sistema de salud de asistencia integral de toda la zona.<\/p>\n<p>[\/et_pb_text][\/et_pb_column][\/et_pb_row][\/et_pb_section]<\/p>\n","protected":false},"excerpt":{"rendered":"<p>El\u00a0moj\u00f3n fundacional de lo que hoy es el\u00a0Instituto Asistencial Colectivo\u00a0(IAC) lo marc\u00f3 la visi\u00f3n de futuro\u00a0de prestigiosos profesionales m\u00e9dicos de Treinta y Tres, avizorando la evoluci\u00f3n de la sociedad en tiempos de un aumento poblacional y de la importancia que conllevar\u00eda a la b\u00fasqueda de otras propuestas para el cuidado de la salud. Fue un [&hellip;]<\/p>\n","protected":false},"author":4,"featured_media":0,"parent":0,"menu_order":0,"comment_status":"closed","ping_status":"closed","template":"","meta":{"_et_pb_use_builder":"on","_et_pb_old_content":"<!-- wp:divi\/placeholder \/-->","_et_gb_content_width":"","footnotes":""},"class_list":["post-1992","page","type-page","status-publish","hentry"],"_links":{"self":[{"href":"https:\/\/www.iac.com.uy\/iac\/wp-json\/wp\/v2\/pages\/1992","targetHints":{"allow":["GET"]}}],"collection":[{"href":"https:\/\/www.iac.com.uy\/iac\/wp-json\/wp\/v2\/pages"}],"about":[{"href":"https:\/\/www.iac.com.uy\/iac\/wp-json\/wp\/v2\/types\/page"}],"author":[{"embeddable":true,"href":"https:\/\/www.iac.com.uy\/iac\/wp-json\/wp\/v2\/users\/4"}],"replies":[{"embeddable":true,"href":"https:\/\/www.iac.com.uy\/iac\/wp-json\/wp\/v2\/comments?post=1992"}],"version-history":[{"count":7,"href":"https:\/\/www.iac.com.uy\/iac\/wp-json\/wp\/v2\/pages\/1992\/revisions"}],"predecessor-version":[{"id":2512,"href":"https:\/\/www.iac.com.uy\/iac\/wp-json\/wp\/v2\/pages\/1992\/revisions\/2512"}],"wp:attachment":[{"href":"https:\/\/www.iac.com.uy\/iac\/wp-json\/wp\/v2\/media?parent=1992"}],"curies":[{"name":"wp","href":"https:\/\/api.w.org\/{rel}","templated":true}]}}