{"id":1989,"date":"2024-01-31T17:56:08","date_gmt":"2024-01-31T17:56:08","guid":{"rendered":"https:\/\/www.iac.com.uy\/iac\/?page_id=1989"},"modified":"2025-06-09T16:02:24","modified_gmt":"2025-06-09T19:02:24","slug":"compromiso-vision-y-mision","status":"publish","type":"page","link":"https:\/\/www.iac.com.uy\/iac\/compromiso-vision-y-mision\/","title":{"rendered":"Compromiso, Visi\u00f3n y Misi\u00f3n"},"content":{"rendered":"<p>[et_pb_section fb_built=\u00bb1&#8243; fullwidth=\u00bbon\u00bb _builder_version=\u00bb4.16&#8243; background_enable_color=\u00bboff\u00bb bottom_divider_style=\u00bbarrow\u00bb bottom_divider_color=\u00bb#ffffff\u00bb bottom_divider_flip=\u00bbhorizontal\u00bb global_colors_info=\u00bb{}\u00bb][et_pb_fullwidth_header subhead=\u00bbMejorando la salud olimare\u00f1a desde 1970.\u00bb text_orientation=\u00bbcenter\u00bb background_overlay_color=\u00bbrgba(96,0,0,0.45)\u00bb logo_image_url=\u00bbhttps:\/\/www.iac.com.uy\/iac\/wp-content\/uploads\/2020\/09\/logoinicio.png\u00bb content_max_width=\u00bb48%\u00bb _builder_version=\u00bb4.16&#8243; title_font=\u00bbGlacial Indifference|700|||||||\u00bb title_text_align=\u00bbcenter\u00bb title_font_size=\u00bb46px\u00bb title_line_height=\u00bb1.5em\u00bb content_font=\u00bbArimo||||||||\u00bb content_font_size=\u00bb20px\u00bb content_line_height=\u00bb1.8em\u00bb subhead_font=\u00bbGlacial Indifference||||||||\u00bb subhead_text_align=\u00bbcenter\u00bb subhead_font_size=\u00bb27px\u00bb subhead_line_height=\u00bb1.5em\u00bb background_enable_color=\u00bboff\u00bb background_image=\u00bbhttps:\/\/www.iac.com.uy\/iac\/wp-content\/uploads\/2020\/09\/91462653_2696986557197799_5508240963790700544_o.jpg\u00bb width=\u00bb100%\u00bb max_width=\u00bb100%\u00bb custom_margin=\u00bb|||\u00bb custom_padding=\u00bb5vw||39px||false|\u00bb animation_style=\u00bbslide\u00bb animation_direction=\u00bbtop\u00bb animation_intensity_slide=\u00bb2%\u00bb title_font_size_tablet=\u00bb36px\u00bb title_font_size_phone=\u00bb\u00bb title_font_size_last_edited=\u00bbon|phone\u00bb global_colors_info=\u00bb{}\u00bb button_one_text_size__hover_enabled=\u00bboff\u00bb button_two_text_size__hover_enabled=\u00bboff\u00bb button_one_text_color__hover_enabled=\u00bboff\u00bb button_two_text_color__hover_enabled=\u00bboff\u00bb button_one_border_width__hover_enabled=\u00bboff\u00bb button_two_border_width__hover_enabled=\u00bboff\u00bb button_one_border_color__hover_enabled=\u00bboff\u00bb button_two_border_color__hover_enabled=\u00bboff\u00bb button_one_border_radius__hover_enabled=\u00bboff\u00bb button_two_border_radius__hover_enabled=\u00bboff\u00bb button_one_letter_spacing__hover_enabled=\u00bboff\u00bb button_two_letter_spacing__hover_enabled=\u00bboff\u00bb button_one_bg_color__hover_enabled=\u00bboff\u00bb button_two_bg_color__hover_enabled=\u00bboff\u00bb][\/et_pb_fullwidth_header][\/et_pb_section][et_pb_section fb_built=\u00bb1&#8243; admin_label=\u00bbQuote\u00bb _builder_version=\u00bb4.16&#8243; background_color=\u00bb#ffffff\u00bb custom_padding=\u00bb18px||50px||false|\u00bb bottom_divider_style=\u00bbwave2&#8243; bottom_divider_color=\u00bb#ff6000&#8243; bottom_divider_flip=\u00bbhorizontal\u00bb global_colors_info=\u00bb{}\u00bb min_height=\u00bb627.8px\u00bb][et_pb_row column_structure=\u00bb1_2,1_2&#8243; _builder_version=\u00bb4.16&#8243; custom_margin=\u00bb-8px|auto|87px|auto||\u00bb custom_padding=\u00bb40px||7px|||\u00bb global_colors_info=\u00bb{}\u00bb][et_pb_column type=\u00bb1_2&#8243; _builder_version=\u00bb4.16&#8243; custom_padding=\u00bb|||\u00bb global_colors_info=\u00bb{}\u00bb custom_padding__hover=\u00bb|||\u00bb][et_pb_text _builder_version=\u00bb4.21.0&#8243; text_font=\u00bbRoboto|700|||||||\u00bb text_text_color=\u00bb#ffffff\u00bb text_font_size=\u00bb41px\u00bb text_line_height=\u00bb1.5em\u00bb header_font=\u00bbGlacial Indifference|600|||||||\u00bb header_text_color=\u00bb#702f29&#8243; header_font_size=\u00bb46px\u00bb positioning=\u00bbrelative\u00bb position_origin_r=\u00bbtop_right\u00bb text_orientation=\u00bbcenter\u00bb width=\u00bb100%\u00bb max_width=\u00bb800px\u00bb module_alignment=\u00bbcenter\u00bb custom_margin=\u00bb||10px|||\u00bb custom_padding=\u00bb||0px|||\u00bb animation_style=\u00bbslide\u00bb text_font_size_tablet=\u00bb36px\u00bb text_font_size_phone=\u00bb26px\u00bb text_font_size_last_edited=\u00bbon|phone\u00bb global_colors_info=\u00bb{}\u00bb]<\/p>\n<h1><span>El compromiso<\/span><\/h1>\n<p>[\/et_pb_text][et_pb_text _builder_version=\u00bb4.21.0&#8243; _module_preset=\u00bbdefault\u00bb text_font=\u00bbRoboto||||||||\u00bb text_text_color=\u00bb#363636&#8243; text_font_size=\u00bb17px\u00bb header_font=\u00bbGlacial Indifference||||||||\u00bb text_orientation=\u00bbjustified\u00bb custom_padding=\u00bb||0px|||\u00bb global_colors_info=\u00bb{}\u00bb]<\/p>\n<ul>\n<li style=\"text-align: left;\">Atender el aporte comunitario a trav\u00e9s de la individualizaci\u00f3n de las necesidades que conforman la promoci\u00f3n de un acto responsable entre instituci\u00f3n-sociedad.<\/li>\n<li style=\"text-align: left;\">No cejar en los esfuerzos de promover acciones para mejorar la calidad asistencial teniendo como objetivo el trato personal, considerado y amable con el afiliado.<\/li>\n<li style=\"text-align: left;\">Continuar ampliando la capacitaci\u00f3n de todos los funcionarios, optimizando criterios para el cumplimiento de los objetivos institucionales.<\/li>\n<\/ul>\n<p style=\"text-align: left;\">La pol\u00edtica institucional ha sido y ser\u00e1 la b\u00fasqueda permanente y constante del perfeccionamiento de los recursos humanos, t\u00e9cnicos y materiales con el s\u00f3lo objetivo de considerar a la atenci\u00f3n de la salud humana dentro de los par\u00e1metros de la calidad y eficiencia bas\u00e1ndose en los principios de oportuna, continua, equitativa, accesible y eficaz.<\/p>\n<p>[\/et_pb_text][\/et_pb_column][et_pb_column type=\u00bb1_2&#8243; _builder_version=\u00bb4.16&#8243; _module_preset=\u00bbdefault\u00bb global_colors_info=\u00bb{}\u00bb][et_pb_blurb title=\u00bbNuestra visi\u00f3n\u00bb use_icon=\u00bbon\u00bb font_icon=\u00bb&#xe007;||divi||400&#8243; icon_placement=\u00bbleft\u00bb image_icon_width=\u00bb54px\u00bb _builder_version=\u00bb4.21.0&#8243; _module_preset=\u00bbdefault\u00bb header_level=\u00bbh2&#8243; header_font=\u00bbRoboto||||||||\u00bb header_text_align=\u00bbleft\u00bb header_text_color=\u00bb#702f29&#8243; header_font_size=\u00bb28px\u00bb body_font=\u00bbRoboto||||||||\u00bb body_text_align=\u00bbjustify\u00bb body_font_size=\u00bb16px\u00bb custom_padding=\u00bb66px|||||\u00bb icon_font_size=\u00bb54px\u00bb global_colors_info=\u00bb{}\u00bb]<\/p>\n<p><span>Liderar en servicios de asistencia integral de salud a nivel departamental y en el \u00e1rea de influencia de la regi\u00f3n, brindar la mayor cobertura de salud haciendo hincapi\u00e9 en la atenci\u00f3n primaria y prevenci\u00f3n de salud.<\/span><\/p>\n<p>[\/et_pb_blurb][et_pb_blurb title=\u00bbNuestra misi\u00f3n\u00bb use_icon=\u00bbon\u00bb font_icon=\u00bb&#xe030;||divi||400&#8243; icon_placement=\u00bbleft\u00bb image_icon_width=\u00bb54px\u00bb _builder_version=\u00bb4.21.0&#8243; _module_preset=\u00bbdefault\u00bb header_level=\u00bbh2&#8243; header_font=\u00bbRoboto||||||||\u00bb header_text_align=\u00bbleft\u00bb header_text_color=\u00bb#702f29&#8243; header_font_size=\u00bb28px\u00bb body_font=\u00bbRoboto||||||||\u00bb body_text_align=\u00bbjustify\u00bb body_font_size=\u00bb16px\u00bb custom_padding=\u00bb49px|||||\u00bb icon_font_size=\u00bb54px\u00bb global_colors_info=\u00bb{}\u00bb]<\/p>\n<div class=\"sppb-addon sppb-addon-feature sppb-text-center \">\n<div class=\"sppb-addon-content\">\n<div class=\"sppb-addon-text sppb-text-center\">Llevar adelante las pol\u00edticas de mejora permanente de la calidad de vida de todos los habitantes, optimizando esfuerzos t\u00e9cnicos y humanos en pos de una continua y constante superaci\u00f3n en la calidad de atenci\u00f3n utilizando los m\u00e1s amplios criterios de humanizaci\u00f3n y solidaridad.<\/div>\n<\/div>\n<\/div>\n<p>[\/et_pb_blurb][\/et_pb_column][\/et_pb_row][\/et_pb_section]<\/p>\n","protected":false},"excerpt":{"rendered":"<p>El compromiso Atender el aporte comunitario a trav\u00e9s de la individualizaci\u00f3n de las necesidades que conforman la promoci\u00f3n de un acto responsable entre instituci\u00f3n-sociedad. No cejar en los esfuerzos de promover acciones para mejorar la calidad asistencial teniendo como objetivo el trato personal, considerado y amable con el afiliado. Continuar ampliando la capacitaci\u00f3n de todos [&hellip;]<\/p>\n","protected":false},"author":4,"featured_media":0,"parent":0,"menu_order":0,"comment_status":"closed","ping_status":"closed","template":"","meta":{"_et_pb_use_builder":"on","_et_pb_old_content":"<!-- wp:divi\/placeholder \/-->","_et_gb_content_width":"","footnotes":""},"class_list":["post-1989","page","type-page","status-publish","hentry"],"_links":{"self":[{"href":"https:\/\/www.iac.com.uy\/iac\/wp-json\/wp\/v2\/pages\/1989","targetHints":{"allow":["GET"]}}],"collection":[{"href":"https:\/\/www.iac.com.uy\/iac\/wp-json\/wp\/v2\/pages"}],"about":[{"href":"https:\/\/www.iac.com.uy\/iac\/wp-json\/wp\/v2\/types\/page"}],"author":[{"embeddable":true,"href":"https:\/\/www.iac.com.uy\/iac\/wp-json\/wp\/v2\/users\/4"}],"replies":[{"embeddable":true,"href":"https:\/\/www.iac.com.uy\/iac\/wp-json\/wp\/v2\/comments?post=1989"}],"version-history":[{"count":4,"href":"https:\/\/www.iac.com.uy\/iac\/wp-json\/wp\/v2\/pages\/1989\/revisions"}],"predecessor-version":[{"id":2321,"href":"https:\/\/www.iac.com.uy\/iac\/wp-json\/wp\/v2\/pages\/1989\/revisions\/2321"}],"wp:attachment":[{"href":"https:\/\/www.iac.com.uy\/iac\/wp-json\/wp\/v2\/media?parent=1989"}],"curies":[{"name":"wp","href":"https:\/\/api.w.org\/{rel}","templated":true}]}}