{"id":1620,"date":"2022-07-15T14:07:34","date_gmt":"2022-07-15T14:07:34","guid":{"rendered":"http:\/\/www.iac.com.uy\/iac\/?page_id=1620"},"modified":"2025-06-26T16:52:25","modified_gmt":"2025-06-26T19:52:25","slug":"salud-mental","status":"publish","type":"page","link":"https:\/\/www.iac.com.uy\/iac\/salud-mental\/","title":{"rendered":"Salud Mental"},"content":{"rendered":"<p>[et_pb_section fb_built=\u00bb1&#8243; fullwidth=\u00bbon\u00bb _builder_version=\u00bb4.16.0&#8243; custom_margin=\u00bb||||false|false\u00bb custom_margin_tablet=\u00bb||||false|false\u00bb custom_margin_phone=\u00bb|||-4vw|false|false\u00bb custom_margin_last_edited=\u00bbon|phone\u00bb custom_padding=\u00bb||||false|false\u00bb bottom_divider_color=\u00bb#ff6000&#8243; bottom_divider_flip=\u00bbhorizontal\u00bb global_colors_info=\u00bb{}\u00bb][et_pb_fullwidth_header title=\u00bbSALUD MENTAL\u00bb text_orientation=\u00bbcenter\u00bb background_overlay_color=\u00bbrgba(96,0,0,0.45)\u00bb _builder_version=\u00bb4.17.6&#8243; title_font=\u00bbGlacial Indifference|700|||||||\u00bb title_text_align=\u00bbcenter\u00bb title_font_size=\u00bb46px\u00bb title_letter_spacing=\u00bb3px\u00bb title_line_height=\u00bb1.2em\u00bb content_font=\u00bbLato||||||||\u00bb content_font_size=\u00bb20px\u00bb content_line_height=\u00bb1.8em\u00bb subhead_font=\u00bbLato|700|||||||\u00bb subhead_font_size=\u00bb25px\u00bb subhead_line_height=\u00bb1.5em\u00bb background_enable_color=\u00bboff\u00bb background_image=\u00bbhttps:\/\/www.iac.com.uy\/iac\/wp-content\/uploads\/2020\/10\/fotoporser.jpg\u00bb custom_margin=\u00bb|||\u00bb custom_padding=\u00bb5vw||5vw||false|false\u00bb custom_padding_tablet=\u00bb5vw||5vw||false|false\u00bb custom_padding_phone=\u00bb3vw||3vw||true|false\u00bb custom_padding_last_edited=\u00bbon|phone\u00bb animation_style=\u00bbslide\u00bb animation_direction=\u00bbtop\u00bb animation_intensity_slide=\u00bb2%\u00bb title_text_align_tablet=\u00bbleft\u00bb title_text_align_phone=\u00bbleft\u00bb title_text_align_last_edited=\u00bbon|phone\u00bb title_font_size_tablet=\u00bb36px\u00bb title_font_size_phone=\u00bb\u00bb title_font_size_last_edited=\u00bbon|phone\u00bb title_text_shadow_style=\u00bbpreset5&#8243; global_colors_info=\u00bb{}\u00bb button_one_text_size__hover_enabled=\u00bboff\u00bb button_two_text_size__hover_enabled=\u00bboff\u00bb button_one_text_color__hover_enabled=\u00bboff\u00bb button_two_text_color__hover_enabled=\u00bboff\u00bb button_one_border_width__hover_enabled=\u00bboff\u00bb button_two_border_width__hover_enabled=\u00bboff\u00bb button_one_border_color__hover_enabled=\u00bboff\u00bb button_two_border_color__hover_enabled=\u00bboff\u00bb button_one_border_radius__hover_enabled=\u00bboff\u00bb button_two_border_radius__hover_enabled=\u00bboff\u00bb button_one_letter_spacing__hover_enabled=\u00bboff\u00bb button_two_letter_spacing__hover_enabled=\u00bboff\u00bb button_one_bg_color__hover_enabled=\u00bboff\u00bb button_two_bg_color__hover_enabled=\u00bboff\u00bb][\/et_pb_fullwidth_header][\/et_pb_section][et_pb_section fb_built=\u00bb1&#8243; admin_label=\u00bbAbout Me\u00bb _builder_version=\u00bb4.16&#8243; background_color=\u00bb#ffffff\u00bb custom_margin=\u00bb2px|||||\u00bb custom_padding=\u00bb||100px||false|false\u00bb bottom_divider_color=\u00bb#ff6000&#8243; bottom_divider_height=\u00bb55px\u00bb bottom_divider_flip=\u00bbvertical\u00bb global_colors_info=\u00bb{}\u00bb][et_pb_row disabled_on=\u00bbon|on|on\u00bb _builder_version=\u00bb4.16.0&#8243; custom_margin=\u00bb|auto|30px|auto||\u00bb custom_padding=\u00bb||6px|||\u00bb disabled=\u00bbon\u00bb global_colors_info=\u00bb{}\u00bb][et_pb_column type=\u00bb4_4&#8243; _builder_version=\u00bb4.16&#8243; custom_padding=\u00bb|||\u00bb global_colors_info=\u00bb{}\u00bb custom_padding__hover=\u00bb|||\u00bb][et_pb_text _builder_version=\u00bb4.21.0&#8243; text_font=\u00bbOpen Sans||||||||\u00bb text_font_size=\u00bb18px\u00bb text_line_height=\u00bb1.8em\u00bb link_font=\u00bb||||||||\u00bb ul_font=\u00bb||||||||\u00bb ol_font=\u00bb||||||||\u00bb quote_font=\u00bb||||||||\u00bb header_font=\u00bb||||||||\u00bb header_text_align=\u00bbcenter\u00bb header_2_font=\u00bbLato|700|||||||\u00bb header_2_font_size=\u00bb30px\u00bb header_2_letter_spacing=\u00bb1px\u00bb header_2_line_height=\u00bb1.5em\u00bb header_3_font=\u00bbRaleway||||||||\u00bb header_3_text_align=\u00bbjustify\u00bb header_3_line_height=\u00bb1.3em\u00bb header_4_font=\u00bbRaleway||||||||\u00bb custom_padding=\u00bb||||false|false\u00bb animation_style=\u00bbslide\u00bb animation_direction=\u00bbbottom\u00bb animation_intensity_slide=\u00bb5%\u00bb hover_enabled=\u00bb0&#8243; header_text_align_tablet=\u00bb\u00bb header_text_align_phone=\u00bbcenter\u00bb header_text_align_last_edited=\u00bbon|phone\u00bb header_2_font_size_tablet=\u00bb\u00bb header_2_font_size_phone=\u00bb22px\u00bb header_2_font_size_last_edited=\u00bbon|phone\u00bb header_3_text_align_tablet=\u00bbjustify\u00bb header_3_text_align_phone=\u00bbcenter\u00bb header_3_text_align_last_edited=\u00bbon|phone\u00bb border_radii=\u00bboff||||\u00bb border_width_bottom=\u00bb2px\u00bb border_color_bottom=\u00bbRGBA(255,255,255,0)\u00bb locked=\u00bboff\u00bb global_colors_info=\u00bb{}\u00bb sticky_enabled=\u00bb0&#8243;]<\/p>\n<h1>IAC ofrece un espacio de atenci\u00f3n dirigido a las mujeres que est\u00e1n sufriendo situaciones de Violencia basada en G\u00e9nero y Generaciones, atendido por un <strong><span style=\"color: #CD7220;\">Equipo de Referencia<\/span><\/strong>, integrado por:<\/h1>\n<p>[\/et_pb_text][\/et_pb_column][\/et_pb_row][et_pb_row _builder_version=\u00bb4.16.0&#8243; _module_preset=\u00bbdefault\u00bb global_colors_info=\u00bb{}\u00bb][et_pb_column type=\u00bb4_4&#8243; _builder_version=\u00bb4.16.0&#8243; _module_preset=\u00bbdefault\u00bb global_colors_info=\u00bb{}\u00bb][et_pb_cta _builder_version=\u00bb4.21.0&#8243; _module_preset=\u00bbdefault\u00bb header_level=\u00bbh1&#8243; header_font=\u00bbGlacial Indifference||||||||\u00bb header_text_align=\u00bbcenter\u00bb header_text_color=\u00bbRGBA(255,255,255,0)\u00bb body_font=\u00bbGlacial Indifference||||||||\u00bb body_text_align=\u00bbcenter\u00bb body_text_color=\u00bb#622626&#8243; body_font_size=\u00bb32px\u00bb body_line_height=\u00bb1.2em\u00bb background_color=\u00bbRGBA(255,255,255,0)\u00bb background_enable_pattern_style=\u00bbon\u00bb background_pattern_style=\u00bbcrosses\u00bb background_pattern_color=\u00bbRGBA(255,255,255,0)\u00bb custom_margin=\u00bb0px||||false|false\u00bb custom_padding=\u00bb0px||0px||true|false\u00bb hover_enabled=\u00bb0&#8243; border_color_all=\u00bbRGBA(255,255,255,0)\u00bb border_width_bottom=\u00bb3px\u00bb border_color_bottom=\u00bb#cd7220&#8243; global_colors_info=\u00bb{}\u00bb sticky_enabled=\u00bb0&#8243;]<\/p>\n<p>Comit\u00e9 de Salud Mental de Ni\u00f1os y Adolescentes<\/p>\n<p>[\/et_pb_cta][\/et_pb_column][\/et_pb_row][et_pb_row _builder_version=\u00bb4.16.0&#8243; _module_preset=\u00bbdefault\u00bb global_colors_info=\u00bb{}\u00bb][et_pb_column type=\u00bb4_4&#8243; _builder_version=\u00bb4.16.0&#8243; _module_preset=\u00bbdefault\u00bb global_colors_info=\u00bb{}\u00bb][et_pb_blurb title=\u00bbHorarios de atenci\u00f3n\u00bb use_icon=\u00bbon\u00bb font_icon=\u00bb&#xe60d;||divi||400&#8243; icon_color=\u00bb#cd7220&#8243; image_icon_width=\u00bb50px\u00bb icon_placement_tablet=\u00bbleft\u00bb icon_placement_phone=\u00bbtop\u00bb icon_placement_last_edited=\u00bbon|phone\u00bb image_icon_width_tablet=\u00bb100px\u00bb image_icon_width_phone=\u00bb69px\u00bb image_icon_width_last_edited=\u00bbon|phone\u00bb _builder_version=\u00bb4.21.0&#8243; _module_preset=\u00bbdefault\u00bb header_text_align=\u00bbcenter\u00bb header_text_color=\u00bb#622626&#8243; header_font_size=\u00bb31px\u00bb body_font_size=\u00bb18px\u00bb text_orientation=\u00bbcenter\u00bb hover_enabled=\u00bb0&#8243; global_colors_info=\u00bb{}\u00bb sticky_enabled=\u00bb0&#8243;]<\/p>\n<p>Jueves, 14:00 hrs.<\/p>\n<p>[\/et_pb_blurb][\/et_pb_column][\/et_pb_row][et_pb_row _builder_version=\u00bb4.16.0&#8243; _module_preset=\u00bbdefault\u00bb global_colors_info=\u00bb{}\u00bb][et_pb_column type=\u00bb4_4&#8243; _builder_version=\u00bb4.16.0&#8243; _module_preset=\u00bbdefault\u00bb global_colors_info=\u00bb{}\u00bb][et_pb_cta _builder_version=\u00bb4.21.0&#8243; _module_preset=\u00bbdefault\u00bb header_level=\u00bbh1&#8243; header_font=\u00bbGlacial Indifference||||||||\u00bb header_text_align=\u00bbcenter\u00bb header_text_color=\u00bbRGBA(255,255,255,0)\u00bb body_font=\u00bbGlacial Indifference||||||||\u00bb body_text_align=\u00bbcenter\u00bb body_text_color=\u00bb#622626&#8243; body_font_size=\u00bb32px\u00bb body_line_height=\u00bb1.2em\u00bb background_color=\u00bbRGBA(255,255,255,0)\u00bb background_enable_pattern_style=\u00bbon\u00bb background_pattern_style=\u00bbcrosses\u00bb background_pattern_color=\u00bbRGBA(255,255,255,0)\u00bb custom_margin=\u00bb0px||||false|false\u00bb custom_padding=\u00bb0px||0px||true|false\u00bb hover_enabled=\u00bb0&#8243; border_color_all=\u00bbRGBA(255,255,255,0)\u00bb border_width_bottom=\u00bb3px\u00bb border_color_bottom=\u00bb#cd7220&#8243; global_colors_info=\u00bb{}\u00bb sticky_enabled=\u00bb0&#8243;]<\/p>\n<p>Comit\u00e9 de Salud Mental de Adultos<\/p>\n<p>[\/et_pb_cta][\/et_pb_column][\/et_pb_row][et_pb_row _builder_version=\u00bb4.16.0&#8243; _module_preset=\u00bbdefault\u00bb global_colors_info=\u00bb{}\u00bb][et_pb_column type=\u00bb4_4&#8243; _builder_version=\u00bb4.16.0&#8243; _module_preset=\u00bbdefault\u00bb global_colors_info=\u00bb{}\u00bb][et_pb_blurb title=\u00bbHorarios de atenci\u00f3n\u00bb use_icon=\u00bbon\u00bb font_icon=\u00bb&#xe60d;||divi||400&#8243; icon_color=\u00bb#cd7220&#8243; image_icon_width=\u00bb50px\u00bb icon_placement_tablet=\u00bbleft\u00bb icon_placement_phone=\u00bbtop\u00bb icon_placement_last_edited=\u00bbon|phone\u00bb image_icon_width_tablet=\u00bb100px\u00bb image_icon_width_phone=\u00bb69px\u00bb image_icon_width_last_edited=\u00bbon|phone\u00bb _builder_version=\u00bb4.21.0&#8243; _module_preset=\u00bbdefault\u00bb header_text_align=\u00bbcenter\u00bb header_text_color=\u00bb#622626&#8243; header_font_size=\u00bb31px\u00bb body_font_size=\u00bb18px\u00bb text_orientation=\u00bbcenter\u00bb hover_enabled=\u00bb0&#8243; global_colors_info=\u00bb{}\u00bb sticky_enabled=\u00bb0&#8243;]<\/p>\n<p>Jueves, 17:00 hrs.<\/p>\n<p>[\/et_pb_blurb][\/et_pb_column][\/et_pb_row][et_pb_row _builder_version=\u00bb4.16.0&#8243; custom_margin=\u00bb1.3em|auto|23px|auto|false|false\u00bb custom_padding=\u00bb||6px|||\u00bb locked=\u00bboff\u00bb global_colors_info=\u00bb{}\u00bb][et_pb_column type=\u00bb4_4&#8243; _builder_version=\u00bb4.16&#8243; custom_padding=\u00bb|||\u00bb global_colors_info=\u00bb{}\u00bb custom_padding__hover=\u00bb|||\u00bb][et_pb_text _builder_version=\u00bb4.21.0&#8243; text_font=\u00bbOpen Sans||||||||\u00bb text_font_size=\u00bb18px\u00bb text_line_height=\u00bb1.8em\u00bb link_font=\u00bb||||||||\u00bb ul_font=\u00bb||||||||\u00bb ol_font=\u00bb||||||||\u00bb quote_font=\u00bb||||||||\u00bb header_font=\u00bb||||||||\u00bb header_text_align=\u00bbcenter\u00bb header_font_size=\u00bb40px\u00bb header_2_font=\u00bbLato|700|||||||\u00bb header_2_font_size=\u00bb30px\u00bb header_2_letter_spacing=\u00bb1px\u00bb header_2_line_height=\u00bb1.5em\u00bb header_3_font=\u00bbRaleway||||||||\u00bb header_3_text_align=\u00bbjustify\u00bb header_3_line_height=\u00bb1.3em\u00bb header_4_font=\u00bbRaleway||||||||\u00bb custom_padding=\u00bb||||false|false\u00bb animation_style=\u00bbslide\u00bb animation_direction=\u00bbbottom\u00bb animation_intensity_slide=\u00bb5%\u00bb hover_enabled=\u00bb0&#8243; header_text_align_tablet=\u00bb\u00bb header_text_align_phone=\u00bbcenter\u00bb header_text_align_last_edited=\u00bbon|phone\u00bb header_2_font_size_tablet=\u00bb\u00bb header_2_font_size_phone=\u00bb22px\u00bb header_2_font_size_last_edited=\u00bbon|phone\u00bb header_3_text_align_tablet=\u00bbjustify\u00bb header_3_text_align_phone=\u00bbcenter\u00bb header_3_text_align_last_edited=\u00bbon|phone\u00bb border_radii=\u00bboff||||\u00bb border_color_bottom=\u00bbRGBA(255,255,255,0)\u00bb locked=\u00bboff\u00bb global_colors_info=\u00bb{}\u00bb sticky_enabled=\u00bb0&#8243;]<\/p>\n<h1 style=\"text-align: center;\"><strong><span style=\"color: #cd7220;\">Equipo de Referencia:<\/span><\/strong><\/h1>\n<p>[\/et_pb_text][\/et_pb_column][\/et_pb_row][et_pb_row _builder_version=\u00bb4.16.0&#8243; _module_preset=\u00bbdefault\u00bb custom_margin=\u00bb1.5em||||false|false\u00bb border_width_top=\u00bb3px\u00bb border_color_top=\u00bb#622626&#8243; global_colors_info=\u00bb{}\u00bb][et_pb_column type=\u00bb4_4&#8243; _builder_version=\u00bb4.16.0&#8243; _module_preset=\u00bbdefault\u00bb global_colors_info=\u00bb{}\u00bb][et_pb_text _builder_version=\u00bb4.17.6&#8243; _module_preset=\u00bbdefault\u00bb text_font=\u00bbOpen Sans||||||||\u00bb text_font_size=\u00bb18px\u00bb text_orientation=\u00bbjustified\u00bb animation_style=\u00bbslide\u00bb animation_intensity_slide=\u00bb5%\u00bb text_orientation_tablet=\u00bbjustified\u00bb text_orientation_phone=\u00bbcenter\u00bb text_orientation_last_edited=\u00bbon|phone\u00bb global_colors_info=\u00bb{}\u00bb]<\/p>\n<ul>\n<li><strong>Psiquiatra Adultos:<\/strong> Carlos Loyarte<\/li>\n<li><strong>Psiquiatra Infantil:<\/strong> Geovana Andrade<\/li>\n<li><strong>Psic\u00f3loga de Adultos:<\/strong> Catalina Yapor<\/li>\n<li><strong>Psic\u00f3loga de Ni\u00f1os:<\/strong> Mabel Guillermo<\/li>\n<li><strong>Licenciada en Trabajo Social:<\/strong> Rosario Barreto<\/li>\n<\/ul>\n<p>[\/et_pb_text][\/et_pb_column][\/et_pb_row][et_pb_row disabled_on=\u00bboff|off|off\u00bb _builder_version=\u00bb4.16.0&#8243; _module_preset=\u00bbdefault\u00bb custom_margin=\u00bb-11px|auto||auto||\u00bb custom_padding=\u00bb20px||||false|false\u00bb border_color_top=\u00bbRGBA(255,255,255,0)\u00bb global_colors_info=\u00bb{}\u00bb][et_pb_column type=\u00bb4_4&#8243; _builder_version=\u00bb4.16&#8243; _module_preset=\u00bbdefault\u00bb global_colors_info=\u00bb{}\u00bb][et_pb_button button_text=\u00bbL\u00ednea Vida (MSP) &#8211; 0800 0767&#8243; button_alignment=\u00bbcenter\u00bb _builder_version=\u00bb4.17.6&#8243; _module_preset=\u00bbdefault\u00bb custom_button=\u00bbon\u00bb button_text_size=\u00bb25px\u00bb button_text_color=\u00bb#ffffff\u00bb button_bg_color=\u00bb#622626&#8243; button_font=\u00bbRaleway||||||||\u00bb button_text_color_last_edited=\u00bboff|desktop\u00bb global_colors_info=\u00bb{}\u00bb button_text_size__hover_enabled=\u00bbon|desktop\u00bb button_text_color__hover_enabled=\u00bbon|hover\u00bb button_text_color__hover=\u00bb#622626&#8243; button_bg_color__hover_enabled=\u00bbon|hover\u00bb button_bg_color__hover=\u00bb#FFFFFF\u00bb button_bg_enable_color__hover=\u00bbon\u00bb button_text_size__hover=\u00bb25px\u00bb][\/et_pb_button][\/et_pb_column][\/et_pb_row][\/et_pb_section]<\/p>\n","protected":false},"excerpt":{"rendered":"<p>IAC ofrece un espacio de atenci\u00f3n dirigido a las mujeres que est\u00e1n sufriendo situaciones de Violencia basada en G\u00e9nero y Generaciones, atendido por un Equipo de Referencia, integrado por:Comit\u00e9 de Salud Mental de Ni\u00f1os y AdolescentesJueves, 14:00 hrs.Comit\u00e9 de Salud Mental de AdultosJueves, 17:00 hrs.Equipo de Referencia: Psiquiatra Adultos: Carlos Loyarte Psiquiatra Infantil: Geovana Andrade [&hellip;]<\/p>\n","protected":false},"author":1,"featured_media":0,"parent":0,"menu_order":0,"comment_status":"closed","ping_status":"closed","template":"","meta":{"_et_pb_use_builder":"on","_et_pb_old_content":"<!-- wp:divi\/placeholder \/-->","_et_gb_content_width":"","footnotes":""},"class_list":["post-1620","page","type-page","status-publish","hentry"],"_links":{"self":[{"href":"https:\/\/www.iac.com.uy\/iac\/wp-json\/wp\/v2\/pages\/1620","targetHints":{"allow":["GET"]}}],"collection":[{"href":"https:\/\/www.iac.com.uy\/iac\/wp-json\/wp\/v2\/pages"}],"about":[{"href":"https:\/\/www.iac.com.uy\/iac\/wp-json\/wp\/v2\/types\/page"}],"author":[{"embeddable":true,"href":"https:\/\/www.iac.com.uy\/iac\/wp-json\/wp\/v2\/users\/1"}],"replies":[{"embeddable":true,"href":"https:\/\/www.iac.com.uy\/iac\/wp-json\/wp\/v2\/comments?post=1620"}],"version-history":[{"count":4,"href":"https:\/\/www.iac.com.uy\/iac\/wp-json\/wp\/v2\/pages\/1620\/revisions"}],"predecessor-version":[{"id":2521,"href":"https:\/\/www.iac.com.uy\/iac\/wp-json\/wp\/v2\/pages\/1620\/revisions\/2521"}],"wp:attachment":[{"href":"https:\/\/www.iac.com.uy\/iac\/wp-json\/wp\/v2\/media?parent=1620"}],"curies":[{"name":"wp","href":"https:\/\/api.w.org\/{rel}","templated":true}]}}