{"id":162,"date":"2020-09-11T21:53:40","date_gmt":"2020-09-11T21:53:40","guid":{"rendered":"http:\/\/www.iac.com.uy\/iac\/?page_id=162"},"modified":"2025-06-26T16:57:26","modified_gmt":"2025-06-26T19:57:26","slug":"contacto","status":"publish","type":"page","link":"https:\/\/www.iac.com.uy\/iac\/contacto\/","title":{"rendered":"Contacto"},"content":{"rendered":"<p>[et_pb_section fb_built=\u00bb1&#8243; fullwidth=\u00bbon\u00bb next_background_color=\u00bb#ffffff\u00bb _builder_version=\u00bb4.16&#8243; background_image=\u00bbhttps:\/\/www.iac.com.uy\/iac\/wp-content\/uploads\/2020\/09\/img-ambulancia-2.jpeg\u00bb bottom_divider_style=\u00bbramp2&#8243; bottom_divider_flip=\u00bbhorizontal\u00bb animation_style=\u00bbslide\u00bb animation_direction=\u00bbtop\u00bb animation_intensity_slide=\u00bb2%\u00bb global_colors_info=\u00bb{}\u00bb][et_pb_fullwidth_header title=\u00bbContactos\u00bb text_orientation=\u00bbcenter\u00bb background_overlay_color=\u00bbrgba(96,0,0,0.45)\u00bb _builder_version=\u00bb4.21.0&#8243; title_font=\u00bbGlacial Indifference|700|||||||\u00bb title_text_align=\u00bbcenter\u00bb title_font_size=\u00bb52px\u00bb title_line_height=\u00bb1.5em\u00bb content_font=\u00bbLato||||||||\u00bb content_font_size=\u00bb20px\u00bb content_line_height=\u00bb1.8em\u00bb subhead_font=\u00bbLato|700|||||||\u00bb subhead_font_size=\u00bb25px\u00bb subhead_line_height=\u00bb1.5em\u00bb background_color=\u00bbrgba(0,0,0,0)\u00bb background_enable_image=\u00bboff\u00bb custom_margin=\u00bb|||\u00bb custom_padding=\u00bb3vw||79px||false|\u00bb hover_enabled=\u00bb0&#8243; title_font_size_tablet=\u00bb36px\u00bb title_font_size_phone=\u00bb\u00bb title_font_size_last_edited=\u00bbon|phone\u00bb border_color_all_image=\u00bbrgba(0,0,0,0)\u00bb global_colors_info=\u00bb{}\u00bb button_one_text_size__hover_enabled=\u00bboff\u00bb button_two_text_size__hover_enabled=\u00bboff\u00bb button_one_text_color__hover_enabled=\u00bboff\u00bb button_two_text_color__hover_enabled=\u00bboff\u00bb button_one_border_width__hover_enabled=\u00bboff\u00bb button_two_border_width__hover_enabled=\u00bboff\u00bb button_one_border_color__hover_enabled=\u00bboff\u00bb button_two_border_color__hover_enabled=\u00bboff\u00bb button_one_border_radius__hover_enabled=\u00bboff\u00bb button_two_border_radius__hover_enabled=\u00bboff\u00bb button_one_letter_spacing__hover_enabled=\u00bboff\u00bb button_two_letter_spacing__hover_enabled=\u00bboff\u00bb button_one_bg_color__hover_enabled=\u00bboff\u00bb button_two_bg_color__hover_enabled=\u00bboff\u00bb sticky_enabled=\u00bb0&#8243;][\/et_pb_fullwidth_header][\/et_pb_section][et_pb_section fb_built=\u00bb1&#8243; admin_label=\u00bbContact Section\u00bb _builder_version=\u00bb4.16&#8243; custom_padding=\u00bb26px|0px|0|0px|false|false\u00bb bottom_divider_flip=\u00bbhorizontal\u00bb bottom_divider_arrangement=\u00bbabove_content\u00bb global_colors_info=\u00bb{}\u00bb][et_pb_row column_structure=\u00bb1_4,1_2,1_4&#8243; admin_label=\u00bbContact Area\u00bb _builder_version=\u00bb4.16&#8243; global_colors_info=\u00bb{}\u00bb][et_pb_column type=\u00bb1_4&#8243; _builder_version=\u00bb4.16&#8243; custom_padding=\u00bb|||\u00bb global_colors_info=\u00bb{}\u00bb custom_padding__hover=\u00bb|||\u00bb][et_pb_blurb title=\u00bbDirecciones\u00bb use_icon=\u00bbon\u00bb font_icon=\u00bb&#xe01d;||divi||400&#8243; icon_placement=\u00bbleft\u00bb _builder_version=\u00bb4.21.0&#8243; _module_preset=\u00bbdefault\u00bb header_level=\u00bbh1&#8243; header_font=\u00bbGlacial Indifference||||||||\u00bb header_text_color=\u00bb#702f29&#8243; body_font=\u00bbArimo||||||||\u00bb body_text_color=\u00bb#363636&#8243; custom_padding=\u00bb12px|||||\u00bb hover_enabled=\u00bb0&#8243; global_colors_info=\u00bb{}\u00bb sticky_enabled=\u00bb0&#8243;]<span style=\"color: #CD7220;\"><strong>Policl\u00ednico<\/strong><\/span><br \/>\nSim\u00f3n del Pino 1366.<br \/>\n<span style=\"color: #CD7220;\"><strong>\u00c1rea Sanatorial<\/strong><\/span><br \/>\nBasilio Ara\u00fajo 270.[\/et_pb_blurb][et_pb_blurb title=\u00bbTel\u00e9fonos\u00bb use_icon=\u00bbon\u00bb font_icon=\u00bb&#xe090;||divi||400&#8243; icon_placement=\u00bbleft\u00bb _builder_version=\u00bb4.21.0&#8243; _module_preset=\u00bbdefault\u00bb header_level=\u00bbh1&#8243; header_font=\u00bbGlacial Indifference||||||||\u00bb header_text_color=\u00bb#702f29&#8243; body_font=\u00bbArimo||||||||\u00bb body_text_color=\u00bb#363636&#8243; custom_padding=\u00bb14px|||||\u00bb hover_enabled=\u00bb0&#8243; global_colors_info=\u00bb{}\u00bb sticky_enabled=\u00bb0&#8243;]<\/p>\n<p><span style=\"color: #cd7220;\"><strong>Policl\u00ednico<\/strong><\/span>: 4452 2484<br \/><span style=\"color: #cd7220;\"><strong>\u00c1rea Sanatorial<\/strong><\/span>: 4452 2008<\/p>\n<p>[\/et_pb_blurb][et_pb_blurb title=\u00bbCorreo electr\u00f3nico\u00bb use_icon=\u00bbon\u00bb font_icon=\u00bb&#xe010;||divi||400&#8243; icon_placement=\u00bbleft\u00bb _builder_version=\u00bb4.16&#8243; _module_preset=\u00bbdefault\u00bb header_level=\u00bbh1&#8243; header_font=\u00bbGlacial Indifference||||||||\u00bb header_text_color=\u00bb#702f29&#8243; body_font=\u00bbArimo||||||||\u00bb body_text_color=\u00bb#363636&#8243; custom_padding=\u00bb14px|||||\u00bb global_colors_info=\u00bb{}\u00bb]<\/p>\n<p>info@iac.com.uy<\/p>\n<p>[\/et_pb_blurb][\/et_pb_column][et_pb_column type=\u00bb1_2&#8243; _builder_version=\u00bb4.16&#8243; background_color=\u00bbrgba(0,0,0,0)\u00bb custom_padding=\u00bb|||\u00bb hover_enabled=\u00bb0&#8243; global_colors_info=\u00bb{}\u00bb custom_padding__hover=\u00bb|||\u00bb sticky_enabled=\u00bb0&#8243;][et_pb_text _builder_version=\u00bb4.16&#8243; text_font=\u00bbLato||||||||\u00bb text_font_size=\u00bb18px\u00bb text_line_height=\u00bb1.8em\u00bb link_font=\u00bb||||||||\u00bb ul_font=\u00bb||||||||\u00bb ol_font=\u00bb||||||||\u00bb quote_font=\u00bb||||||||\u00bb header_font=\u00bb||||||||\u00bb header_2_font=\u00bbLato|700|||||||\u00bb header_2_font_size=\u00bb30px\u00bb header_2_letter_spacing=\u00bb1px\u00bb header_2_line_height=\u00bb1.5em\u00bb header_3_font=\u00bb||||||||\u00bb header_4_font=\u00bb||||||||\u00bb header_5_font=\u00bb||||||||\u00bb header_6_font=\u00bb||||||||\u00bb custom_margin=\u00bb-10px|||||\u00bb custom_padding=\u00bb0px|||||\u00bb animation_style=\u00bbslide\u00bb animation_direction=\u00bbbottom\u00bb animation_intensity_slide=\u00bb5%\u00bb header_2_font_size_tablet=\u00bb\u00bb header_2_font_size_phone=\u00bb22px\u00bb header_2_font_size_last_edited=\u00bbon|phone\u00bb locked=\u00bboff\u00bb global_colors_info=\u00bb{}\u00bb]<\/p>\n<h2>Env\u00eda un mensaje<\/h2>\n<p>[\/et_pb_text][et_pb_contact_form captcha=\u00bboff\u00bb email=\u00bbinfo@iac.com.uy\u00bb custom_message=\u00bbNombre: %%Full_Name%%||et_pb_line_break_holder||Celular: %%Phone_Number%%||et_pb_line_break_holder||Correo electr\u00f3nico: %%Email%%||et_pb_line_break_holder||Mensaje o consulta: %%Message%%.\u00bb submit_button_text=\u00bbEnviar\u00bb module_id=\u00bbet_pb_contact_form_0&#8243; _builder_version=\u00bb4.16&#8243; _unique_id=\u00bbb4686dc3-8176-494b-9280-11baf6769edf\u00bb form_field_background_color=\u00bb#edf0f7&#8243; title_font=\u00bb||||||||\u00bb form_field_font=\u00bbLato||||||||\u00bb form_field_font_size=\u00bb16px\u00bb custom_button=\u00bbon\u00bb button_text_size=\u00bb14px\u00bb button_text_color=\u00bb#ffffff\u00bb button_bg_color=\u00bb#702f29&#8243; button_border_width=\u00bb12px\u00bb button_border_color=\u00bb#702f29&#8243; button_border_radius=\u00bb50px\u00bb button_letter_spacing=\u00bb2px\u00bb button_font=\u00bbGlacial Indifference|900||on|||||\u00bb button_icon=\u00bb&#x24;||divi||400&#8243; max_width=\u00bb700px\u00bb module_alignment=\u00bbcenter\u00bb animation_style=\u00bbslide\u00bb animation_direction=\u00bbbottom\u00bb animation_intensity_slide=\u00bb5%\u00bb border_radii=\u00bbon|3px|3px|3px|3px\u00bb form_background_color=\u00bb#edf0f7&#8243; locked=\u00bboff\u00bb global_colors_info=\u00bb{}\u00bb][et_pb_contact_field field_id=\u00bbEmail\u00bb field_title=\u00bbCorreo electr\u00f3nico\u00bb field_type=\u00bbemail\u00bb fullwidth_field=\u00bbon\u00bb _builder_version=\u00bb4.16&#8243; global_colors_info=\u00bb{}\u00bb button_text_size__hover_enabled=\u00bboff\u00bb button_one_text_size__hover_enabled=\u00bboff\u00bb button_two_text_size__hover_enabled=\u00bboff\u00bb button_text_color__hover_enabled=\u00bboff\u00bb button_one_text_color__hover_enabled=\u00bboff\u00bb button_two_text_color__hover_enabled=\u00bboff\u00bb button_border_width__hover_enabled=\u00bboff\u00bb button_one_border_width__hover_enabled=\u00bboff\u00bb button_two_border_width__hover_enabled=\u00bboff\u00bb button_border_color__hover_enabled=\u00bboff\u00bb button_one_border_color__hover_enabled=\u00bboff\u00bb button_two_border_color__hover_enabled=\u00bboff\u00bb button_border_radius__hover_enabled=\u00bboff\u00bb button_one_border_radius__hover_enabled=\u00bboff\u00bb button_two_border_radius__hover_enabled=\u00bboff\u00bb button_letter_spacing__hover_enabled=\u00bboff\u00bb button_one_letter_spacing__hover_enabled=\u00bboff\u00bb button_two_letter_spacing__hover_enabled=\u00bboff\u00bb button_bg_color__hover_enabled=\u00bboff\u00bb button_one_bg_color__hover_enabled=\u00bboff\u00bb button_two_bg_color__hover_enabled=\u00bboff\u00bb][\/et_pb_contact_field][et_pb_contact_field field_id=\u00bbFull_Name\u00bb field_title=\u00bbNombre completo\u00bb _builder_version=\u00bb4.16&#8243; global_colors_info=\u00bb{}\u00bb button_text_size__hover_enabled=\u00bboff\u00bb button_one_text_size__hover_enabled=\u00bboff\u00bb button_two_text_size__hover_enabled=\u00bboff\u00bb button_text_color__hover_enabled=\u00bboff\u00bb button_one_text_color__hover_enabled=\u00bboff\u00bb button_two_text_color__hover_enabled=\u00bboff\u00bb button_border_width__hover_enabled=\u00bboff\u00bb button_one_border_width__hover_enabled=\u00bboff\u00bb button_two_border_width__hover_enabled=\u00bboff\u00bb button_border_color__hover_enabled=\u00bboff\u00bb button_one_border_color__hover_enabled=\u00bboff\u00bb button_two_border_color__hover_enabled=\u00bboff\u00bb button_border_radius__hover_enabled=\u00bboff\u00bb button_one_border_radius__hover_enabled=\u00bboff\u00bb button_two_border_radius__hover_enabled=\u00bboff\u00bb button_letter_spacing__hover_enabled=\u00bboff\u00bb button_one_letter_spacing__hover_enabled=\u00bboff\u00bb button_two_letter_spacing__hover_enabled=\u00bboff\u00bb button_bg_color__hover_enabled=\u00bboff\u00bb button_one_bg_color__hover_enabled=\u00bboff\u00bb button_two_bg_color__hover_enabled=\u00bboff\u00bb][\/et_pb_contact_field][et_pb_contact_field field_id=\u00bbPhone_Number\u00bb field_title=\u00bbN\u00famero de tel\u00e9fono\u00bb min_length=\u00bb9&#8243; max_length=\u00bb9&#8243; _builder_version=\u00bb4.16&#8243; global_colors_info=\u00bb{}\u00bb button_text_size__hover_enabled=\u00bboff\u00bb button_one_text_size__hover_enabled=\u00bboff\u00bb button_two_text_size__hover_enabled=\u00bboff\u00bb button_text_color__hover_enabled=\u00bboff\u00bb button_one_text_color__hover_enabled=\u00bboff\u00bb button_two_text_color__hover_enabled=\u00bboff\u00bb button_border_width__hover_enabled=\u00bboff\u00bb button_one_border_width__hover_enabled=\u00bboff\u00bb button_two_border_width__hover_enabled=\u00bboff\u00bb button_border_color__hover_enabled=\u00bboff\u00bb button_one_border_color__hover_enabled=\u00bboff\u00bb button_two_border_color__hover_enabled=\u00bboff\u00bb button_border_radius__hover_enabled=\u00bboff\u00bb button_one_border_radius__hover_enabled=\u00bboff\u00bb button_two_border_radius__hover_enabled=\u00bboff\u00bb button_letter_spacing__hover_enabled=\u00bboff\u00bb button_one_letter_spacing__hover_enabled=\u00bboff\u00bb button_two_letter_spacing__hover_enabled=\u00bboff\u00bb button_bg_color__hover_enabled=\u00bboff\u00bb button_one_bg_color__hover_enabled=\u00bboff\u00bb button_two_bg_color__hover_enabled=\u00bboff\u00bb][\/et_pb_contact_field][et_pb_contact_field field_id=\u00bbMessage\u00bb field_title=\u00bbMensaje\u00bb field_type=\u00bbtext\u00bb fullwidth_field=\u00bbon\u00bb _builder_version=\u00bb4.16&#8243; global_colors_info=\u00bb{}\u00bb button_text_size__hover_enabled=\u00bboff\u00bb button_one_text_size__hover_enabled=\u00bboff\u00bb button_two_text_size__hover_enabled=\u00bboff\u00bb button_text_color__hover_enabled=\u00bboff\u00bb button_one_text_color__hover_enabled=\u00bboff\u00bb button_two_text_color__hover_enabled=\u00bboff\u00bb button_border_width__hover_enabled=\u00bboff\u00bb button_one_border_width__hover_enabled=\u00bboff\u00bb button_two_border_width__hover_enabled=\u00bboff\u00bb button_border_color__hover_enabled=\u00bboff\u00bb button_one_border_color__hover_enabled=\u00bboff\u00bb button_two_border_color__hover_enabled=\u00bboff\u00bb button_border_radius__hover_enabled=\u00bboff\u00bb button_one_border_radius__hover_enabled=\u00bboff\u00bb button_two_border_radius__hover_enabled=\u00bboff\u00bb button_letter_spacing__hover_enabled=\u00bboff\u00bb button_one_letter_spacing__hover_enabled=\u00bboff\u00bb button_two_letter_spacing__hover_enabled=\u00bboff\u00bb button_bg_color__hover_enabled=\u00bboff\u00bb button_one_bg_color__hover_enabled=\u00bboff\u00bb button_two_bg_color__hover_enabled=\u00bboff\u00bb][\/et_pb_contact_field][\/et_pb_contact_form][\/et_pb_column][et_pb_column type=\u00bb1_4&#8243; _builder_version=\u00bb4.16&#8243; background_color=\u00bbrgba(0,0,0,0)\u00bb custom_padding=\u00bb|||\u00bb global_colors_info=\u00bb{}\u00bb custom_padding__hover=\u00bb|||\u00bb][et_pb_toggle title=\u00bbPOLICL\u00cdNICO VERGARA\u00bb open_toggle_text_color=\u00bb#702f29&#8243; open_toggle_background_color=\u00bb#ffb089&#8243; closed_toggle_background_color=\u00bb#ffb089&#8243; icon_color=\u00bb#702f29&#8243; open_icon_color=\u00bb#702f29&#8243; _builder_version=\u00bb4.16&#8243; title_text_color=\u00bb#702f29&#8243; title_font=\u00bbGlacial Indifference|700|||||||\u00bb title_line_height=\u00bb1.5em\u00bb body_font=\u00bb||||||||\u00bb body_text_color=\u00bb#363636&#8243; body_font_size=\u00bb16px\u00bb body_line_height=\u00bb2em\u00bb custom_margin=\u00bb||0px|\u00bb animation_style=\u00bbslide\u00bb animation_direction=\u00bbtop\u00bb animation_intensity_slide=\u00bb10%\u00bb border_width_all=\u00bb0px\u00bb locked=\u00bboff\u00bb global_colors_info=\u00bb{}\u00bb]<\/p>\n<p>Marcelo Barreto 1101<br \/> <strong>Horarios de atenci\u00f3n<\/strong><br \/> Lunes a Viernes de 06:30 a 21:30 horas<br \/> S\u00e1bado de 10:00 a 16:00 horas<\/p>\n<p>[\/et_pb_toggle][et_pb_toggle title=\u00bbPOLICL\u00cdNICO CHARQUEADA\u00bb open_toggle_text_color=\u00bb#702f29&#8243; open_toggle_background_color=\u00bb#ffb793&#8243; closed_toggle_background_color=\u00bb#ffb793&#8243; icon_color=\u00bb#702f29&#8243; open_icon_color=\u00bb#702f29&#8243; _builder_version=\u00bb4.16&#8243; title_text_color=\u00bb#702f29&#8243; title_font=\u00bbGlacial Indifference|700|||||||\u00bb title_line_height=\u00bb1.5em\u00bb body_font=\u00bb||||||||\u00bb body_text_color=\u00bb#363636&#8243; body_font_size=\u00bb16px\u00bb body_line_height=\u00bb2em\u00bb custom_margin=\u00bb||0px|\u00bb animation_style=\u00bbslide\u00bb animation_direction=\u00bbtop\u00bb animation_intensity_slide=\u00bb10%\u00bb border_width_all=\u00bb0px\u00bb locked=\u00bboff\u00bb global_colors_info=\u00bb{}\u00bb]<\/p>\n<p>Gral. Leonardo Olivera S\/N<br \/> <strong>Medicina General<\/strong><br \/> Dra.Conde | Lunes a Viernes 14:00 horas<br \/> <strong>Laboratorio<\/strong><br \/> Extracciones | Lunes a viernes de 07:30 a 10:30 horas<\/p>\n<p>[\/et_pb_toggle][et_pb_toggle title=\u00bbPOLICL\u00cdNICO SANTA CLARA DE OLIMAR\u00bb open_toggle_text_color=\u00bb#702f29&#8243; open_toggle_background_color=\u00bb#ffc1a3&#8243; closed_toggle_background_color=\u00bb#ffc1a3&#8243; icon_color=\u00bb#702f29&#8243; open_icon_color=\u00bb#702f29&#8243; _builder_version=\u00bb4.16&#8243; title_text_color=\u00bb#702f29&#8243; title_font=\u00bbGlacial Indifference|700|||||||\u00bb title_line_height=\u00bb1.5em\u00bb body_font=\u00bb||||||||\u00bb body_text_color=\u00bb#363636&#8243; body_font_size=\u00bb16px\u00bb body_line_height=\u00bb2em\u00bb custom_margin=\u00bb||0px|\u00bb animation_style=\u00bbslide\u00bb animation_direction=\u00bbtop\u00bb animation_intensity_slide=\u00bb10%\u00bb border_width_all=\u00bb0px\u00bb locked=\u00bboff\u00bb global_colors_info=\u00bb{}\u00bb]<\/p>\n<p><strong>Dir:<\/strong> 25 de Agosto S\/N<br \/> <strong>Policlinica Medicina General<\/strong><br \/> Lunes a Jueves 15:00 horas<br \/> Viernes 09:00 horas<br \/> <strong>Odontolog\u00eda<\/strong><br \/> Dra. Irabedra | Martes y Mi\u00e9rcoles de 08:00 a 12:00 horas<br \/> Lunes de 10:00 a 21:00 horas<br \/> <strong>Laboratorio<\/strong><br \/> Extracciones | Lunes a viernes de 06:00 a 07:00 horas<\/p>\n<p>[\/et_pb_toggle][et_pb_toggle title=\u00bbPOLICL\u00cdNICO CERRO CHATO\u00bb open_toggle_text_color=\u00bb#702f29&#8243; open_toggle_background_color=\u00bb#ffcfb7&#8243; closed_toggle_background_color=\u00bb#ffcfb7&#8243; icon_color=\u00bb#702f29&#8243; open_icon_color=\u00bb#702f29&#8243; _builder_version=\u00bb4.16&#8243; title_text_color=\u00bb#702f29&#8243; title_font=\u00bbGlacial Indifference|700|||||||\u00bb title_line_height=\u00bb1.5em\u00bb body_font=\u00bb||||||||\u00bb body_text_color=\u00bb#363636&#8243; body_font_size=\u00bb16px\u00bb body_line_height=\u00bb2em\u00bb custom_margin=\u00bb||0px|\u00bb animation_style=\u00bbslide\u00bb animation_direction=\u00bbtop\u00bb animation_intensity_slide=\u00bb10%\u00bb border_width_all=\u00bb0px\u00bb locked=\u00bboff\u00bb global_colors_info=\u00bb{}\u00bb]<\/p>\n<p>Julio Alberto Goday S\/N<br \/> <strong>Medicina General<\/strong><br \/> Dr. Soto | Martes, Jueves y Viernes 15:00 \/ Mi\u00e9rcoles 16:00hs \/ Viernes 11:00 horas<br \/> Dr. Gorgoroso<br \/> <strong>Odontolog\u00eda<\/strong><br \/> Dra. Irabedra | Martes y Mi\u00e9rcoles de 14:00 a 21:00 horas<br \/> <strong>Laboratorio<\/strong><br \/> Extracciones | Martes y jueves de 06:00 a 07:00 horas<\/p>\n<p>[\/et_pb_toggle][et_pb_toggle title=\u00bbPOLICL\u00cdNICO JOS\u00c9 PEDRO VARELA\u00bb open_toggle_text_color=\u00bb#702f29&#8243; open_toggle_background_color=\u00bb#ffddd3&#8243; closed_toggle_background_color=\u00bb#ffddd3&#8243; icon_color=\u00bb#702f29&#8243; open_icon_color=\u00bb#702f29&#8243; _builder_version=\u00bb4.16&#8243; title_text_color=\u00bb#702f29&#8243; title_font=\u00bbGlacial Indifference|700|||||||\u00bb title_line_height=\u00bb1.5em\u00bb body_font=\u00bb||||||||\u00bb body_text_color=\u00bb#363636&#8243; body_font_size=\u00bb16px\u00bb body_line_height=\u00bb2em\u00bb custom_margin=\u00bb||0px|\u00bb animation_style=\u00bbslide\u00bb animation_direction=\u00bbtop\u00bb animation_intensity_slide=\u00bb10%\u00bb border_width_all=\u00bb0px\u00bb locked=\u00bboff\u00bb global_colors_info=\u00bb{}\u00bb]<\/p>\n<p>Soriano S\/N<br \/> <strong>Medicina General<\/strong><br \/> Dr. Fabeiro | Lunes 08:00 y 15:00 \/ Jueves 08:00 horas<br \/> Dra. Cabral | Martes 15:30hs \/ Mi\u00e9coles 10:30 horas<br \/> Dra. Vilari\u00f1o | Martes 08:00 \/ Mi\u00e9rcoles 15:00 horas<br \/> Dra. Jure | Jueves 14:00 \/ Viernes 10:30 y 14:30 horas<br \/> <strong>Ginecolog\u00eda<\/strong><br \/> Dra.Tr\u00edpodi | Martes 14:30 y 16:30 horas<br \/> <strong>Pediatr\u00eda<\/strong><br \/> Dra. Ferrari | Lunes 08:00 horas<br \/> <strong>Odontolog\u00eda<\/strong><br \/> Dra. Rocha | de Lunes a Viernes 08:00 y 15:00 horas<\/p>\n<p>[\/et_pb_toggle][\/et_pb_column][\/et_pb_row][\/et_pb_section][et_pb_section fb_built=\u00bb1&#8243; _builder_version=\u00bb4.16&#8243; _module_preset=\u00bbdefault\u00bb global_colors_info=\u00bb{}\u00bb][et_pb_row _builder_version=\u00bb4.16&#8243; _module_preset=\u00bbdefault\u00bb width=\u00bb100%\u00bb module_alignment=\u00bbcenter\u00bb global_colors_info=\u00bb{}\u00bb][et_pb_column type=\u00bb4_4&#8243; _builder_version=\u00bb4.16&#8243; _module_preset=\u00bbdefault\u00bb global_colors_info=\u00bb{}\u00bb][et_pb_code _builder_version=\u00bb4.16&#8243; _module_preset=\u00bbdefault\u00bb text_orientation=\u00bbcenter\u00bb width=\u00bb100%\u00bb module_alignment=\u00bbcenter\u00bb global_colors_info=\u00bb{}\u00bb]<iframe loading=\"lazy\" src=\"https:\/\/www.google.com\/maps\/embed?pb=!1m18!1m12!1m3!1d701.5797473572783!2d-54.38446837206029!3d-33.2325870548201!2m3!1f0!2f0!3f0!3m2!1i1024!2i768!4f13.1!3m3!1m2!1s0x950be903fcbd6dd7%3A0xa7bfe91d3840dbf0!2sIAC%20Policl%C3%ADnico!5e0!3m2!1sen!2suy!4v1601413621920!5m2!1sen!2suy\" width=\"1000\" height=\"300\" frameborder=\"0\" style=\"border:0;\" allowfullscreen=\"\" aria-hidden=\"false\" tabindex=\"0\"><\/iframe>[\/et_pb_code][\/et_pb_column][\/et_pb_row][\/et_pb_section]<\/p>\n","protected":false},"excerpt":{"rendered":"<p>Policl\u00ednico Sim\u00f3n del Pino 1366. \u00c1rea Sanatorial Basilio Ara\u00fajo 270.Policl\u00ednico: 4452 2484\u00c1rea Sanatorial: 4452 2008info@iac.com.uyEnv\u00eda un mensajeMarcelo Barreto 1101 Horarios de atenci\u00f3n Lunes a Viernes de 06:30 a 21:30 horas S\u00e1bado de 10:00 a 16:00 horasGral. Leonardo Olivera S\/N Medicina General Dra.Conde | Lunes a Viernes 14:00 horas Laboratorio Extracciones | Lunes a viernes de [&hellip;]<\/p>\n","protected":false},"author":1,"featured_media":0,"parent":0,"menu_order":0,"comment_status":"closed","ping_status":"closed","template":"","meta":{"_et_pb_use_builder":"on","_et_pb_old_content":"<!-- wp:divi\/placeholder \/-->","_et_gb_content_width":"","footnotes":""},"class_list":["post-162","page","type-page","status-publish","hentry"],"_links":{"self":[{"href":"https:\/\/www.iac.com.uy\/iac\/wp-json\/wp\/v2\/pages\/162","targetHints":{"allow":["GET"]}}],"collection":[{"href":"https:\/\/www.iac.com.uy\/iac\/wp-json\/wp\/v2\/pages"}],"about":[{"href":"https:\/\/www.iac.com.uy\/iac\/wp-json\/wp\/v2\/types\/page"}],"author":[{"embeddable":true,"href":"https:\/\/www.iac.com.uy\/iac\/wp-json\/wp\/v2\/users\/1"}],"replies":[{"embeddable":true,"href":"https:\/\/www.iac.com.uy\/iac\/wp-json\/wp\/v2\/comments?post=162"}],"version-history":[{"count":15,"href":"https:\/\/www.iac.com.uy\/iac\/wp-json\/wp\/v2\/pages\/162\/revisions"}],"predecessor-version":[{"id":2523,"href":"https:\/\/www.iac.com.uy\/iac\/wp-json\/wp\/v2\/pages\/162\/revisions\/2523"}],"wp:attachment":[{"href":"https:\/\/www.iac.com.uy\/iac\/wp-json\/wp\/v2\/media?parent=162"}],"curies":[{"name":"wp","href":"https:\/\/api.w.org\/{rel}","templated":true}]}}