{"id":146,"date":"2020-09-11T21:50:00","date_gmt":"2020-09-11T21:50:00","guid":{"rendered":"http:\/\/www.iac.com.uy\/iac\/?page_id=146"},"modified":"2025-07-01T16:36:19","modified_gmt":"2025-07-01T19:36:19","slug":"institucional","status":"publish","type":"page","link":"https:\/\/www.iac.com.uy\/iac\/institucional\/","title":{"rendered":"Institucional"},"content":{"rendered":"<p>[et_pb_section fb_built=\u00bb1&#8243; fullwidth=\u00bbon\u00bb _builder_version=\u00bb4.16&#8243; background_enable_color=\u00bboff\u00bb bottom_divider_style=\u00bbarrow\u00bb bottom_divider_color=\u00bb#ffffff\u00bb bottom_divider_flip=\u00bbhorizontal\u00bb global_colors_info=\u00bb{}\u00bb][et_pb_fullwidth_header subhead=\u00bbMejorando la salud olimare\u00f1a desde 1970.\u00bb text_orientation=\u00bbcenter\u00bb background_overlay_color=\u00bbrgba(96,0,0,0.45)\u00bb logo_image_url=\u00bbhttps:\/\/www.iac.com.uy\/iac\/wp-content\/uploads\/2020\/09\/logoinicio.png\u00bb content_max_width=\u00bb48%\u00bb _builder_version=\u00bb4.16&#8243; title_font=\u00bbGlacial Indifference|700|||||||\u00bb title_text_align=\u00bbcenter\u00bb title_font_size=\u00bb46px\u00bb title_line_height=\u00bb1.5em\u00bb content_font=\u00bbArimo||||||||\u00bb content_font_size=\u00bb20px\u00bb content_line_height=\u00bb1.8em\u00bb subhead_font=\u00bbGlacial Indifference||||||||\u00bb subhead_text_align=\u00bbcenter\u00bb subhead_font_size=\u00bb27px\u00bb subhead_line_height=\u00bb1.5em\u00bb background_enable_color=\u00bboff\u00bb background_image=\u00bbhttps:\/\/www.iac.com.uy\/iac\/wp-content\/uploads\/2020\/09\/91462653_2696986557197799_5508240963790700544_o.jpg\u00bb width=\u00bb100%\u00bb max_width=\u00bb100%\u00bb custom_margin=\u00bb|||\u00bb custom_padding=\u00bb5vw||39px||false|\u00bb animation_style=\u00bbslide\u00bb animation_direction=\u00bbtop\u00bb animation_intensity_slide=\u00bb2%\u00bb title_font_size_tablet=\u00bb36px\u00bb title_font_size_phone=\u00bb\u00bb title_font_size_last_edited=\u00bbon|phone\u00bb global_colors_info=\u00bb{}\u00bb button_one_text_size__hover_enabled=\u00bboff\u00bb button_two_text_size__hover_enabled=\u00bboff\u00bb button_one_text_color__hover_enabled=\u00bboff\u00bb button_two_text_color__hover_enabled=\u00bboff\u00bb button_one_border_width__hover_enabled=\u00bboff\u00bb button_two_border_width__hover_enabled=\u00bboff\u00bb button_one_border_color__hover_enabled=\u00bboff\u00bb button_two_border_color__hover_enabled=\u00bboff\u00bb button_one_border_radius__hover_enabled=\u00bboff\u00bb button_two_border_radius__hover_enabled=\u00bboff\u00bb button_one_letter_spacing__hover_enabled=\u00bboff\u00bb button_two_letter_spacing__hover_enabled=\u00bboff\u00bb button_one_bg_color__hover_enabled=\u00bboff\u00bb button_two_bg_color__hover_enabled=\u00bboff\u00bb][\/et_pb_fullwidth_header][\/et_pb_section][et_pb_section fb_built=\u00bb1&#8243; next_background_color=\u00bb#ffffff\u00bb admin_label=\u00bbApproach\u00bb _builder_version=\u00bb4.16&#8243; background_color=\u00bbrgba(0,0,0,0)\u00bb custom_padding=\u00bb31px|0px|26px|0px|false|false\u00bb bottom_divider_style=\u00bbwaves2&#8243; bottom_divider_height=\u00bb49px\u00bb bottom_divider_flip=\u00bbvertical\u00bb global_colors_info=\u00bb{}\u00bb][et_pb_row _builder_version=\u00bb4.16&#8243; _module_preset=\u00bbdefault\u00bb custom_padding=\u00bb5px||3px|||\u00bb global_colors_info=\u00bb{}\u00bb][et_pb_column type=\u00bb4_4&#8243; _builder_version=\u00bb4.16&#8243; _module_preset=\u00bbdefault\u00bb global_colors_info=\u00bb{}\u00bb][et_pb_text _builder_version=\u00bb4.16&#8243; _module_preset=\u00bbdefault\u00bb text_font=\u00bbArimo||||||||\u00bb header_font=\u00bbGlacial Indifference|600|||||||\u00bb header_text_align=\u00bbcenter\u00bb header_text_color=\u00bb#702f29&#8243; header_font_size=\u00bb52px\u00bb header_5_font=\u00bbGlacial Indifference||||||||\u00bb text_orientation=\u00bbcenter\u00bb global_colors_info=\u00bb{}\u00bb]<\/p>\n<h1>Consejo Directivo<\/h1>\n<h5>Nuestros l\u00edderes a su servicio.<\/h5>\n<p>[\/et_pb_text][\/et_pb_column][\/et_pb_row][et_pb_row column_structure=\u00bb1_4,1_4,1_4,1_4&#8243; use_custom_gutter=\u00bbon\u00bb gutter_width=\u00bb1&#8243; _builder_version=\u00bb4.21.0&#8243; custom_margin=\u00bb|||\u00bb custom_padding=\u00bb31px|||||\u00bb global_colors_info=\u00bb{}\u00bb][et_pb_column type=\u00bb1_4&#8243; _builder_version=\u00bb4.16&#8243; custom_padding=\u00bb|||\u00bb custom_padding_tablet=\u00bb|40px||40px||true\u00bb custom_padding_last_edited=\u00bboff|desktop\u00bb global_colors_info=\u00bb{}\u00bb padding_tablet=\u00bb|40px||40px||true\u00bb padding_last_edited=\u00bboff|desktop\u00bb custom_padding__hover=\u00bb|||\u00bb][et_pb_text _builder_version=\u00bb4.21.0&#8243; _module_preset=\u00bbdefault\u00bb text_font=\u00bbArimo||||||||\u00bb text_text_color=\u00bb#363636&#8243; header_4_font=\u00bbGlacial Indifference||||||||\u00bb header_4_text_align=\u00bbcenter\u00bb text_orientation=\u00bbcenter\u00bb custom_margin=\u00bb0px||-25px||false|false\u00bb custom_padding=\u00bb5px||12px||false|false\u00bb border_width_bottom=\u00bb2px\u00bb border_color_bottom=\u00bb#cd7220&#8243; global_colors_info=\u00bb{}\u00bb]<\/p>\n<h3>Dr. Horacio PAGLIOTTI<\/h3>\n<p><span style=\"color: #cd7220;\">\/<\/span> PRESIDENTE <span style=\"color: #cd7220;\">\/<\/span><\/p>\n<p>[\/et_pb_text][\/et_pb_column][et_pb_column type=\u00bb1_4&#8243; _builder_version=\u00bb4.16&#8243; custom_padding=\u00bb|||\u00bb global_colors_info=\u00bb{}\u00bb custom_padding__hover=\u00bb|||\u00bb][et_pb_text _builder_version=\u00bb4.21.0&#8243; _module_preset=\u00bbdefault\u00bb text_font=\u00bbArimo||||||||\u00bb text_text_color=\u00bb#363636&#8243; header_4_font=\u00bbGlacial Indifference||||||||\u00bb header_4_text_align=\u00bbcenter\u00bb text_orientation=\u00bbcenter\u00bb custom_margin=\u00bb0px||0px||false|false\u00bb custom_padding=\u00bb5px||12px||false|false\u00bb border_width_bottom=\u00bb2px\u00bb border_color_bottom=\u00bb#cd7220&#8243; locked=\u00bboff\u00bb global_colors_info=\u00bb{}\u00bb]<\/p>\n<h3>Dra. Ana TRIPODI<\/h3>\n<p><span style=\"color: #cd7220;\">\/<\/span>\u00a0SECRETARIO\u00a0<span style=\"color: #cd7220;\">\/<\/span><\/p>\n<p>[\/et_pb_text][\/et_pb_column][et_pb_column type=\u00bb1_4&#8243; _builder_version=\u00bb4.16&#8243; custom_padding=\u00bb|||\u00bb global_colors_info=\u00bb{}\u00bb custom_padding__hover=\u00bb|||\u00bb][et_pb_text _builder_version=\u00bb4.21.0&#8243; _module_preset=\u00bbdefault\u00bb text_font=\u00bbArimo||||||||\u00bb text_text_color=\u00bb#363636&#8243; header_4_font=\u00bbGlacial Indifference||||||||\u00bb header_4_text_align=\u00bbcenter\u00bb text_orientation=\u00bbcenter\u00bb custom_margin=\u00bb0px||0px||false|false\u00bb custom_padding=\u00bb5px||12px||false|false\u00bb border_width_bottom=\u00bb2px\u00bb border_color_bottom=\u00bb#cd7220&#8243; locked=\u00bboff\u00bb global_colors_info=\u00bb{}\u00bb]<\/p>\n<h3>Dra. Cristina URDANGAR\u00cdN<\/h3>\n<p><span style=\"color: #cd7220;\">\/<\/span> TESORERO\u00a0<span style=\"color: #cd7220;\">\/<\/span><\/p>\n<p>[\/et_pb_text][\/et_pb_column][et_pb_column type=\u00bb1_4&#8243; _builder_version=\u00bb4.16&#8243; custom_padding=\u00bb|||\u00bb global_colors_info=\u00bb{}\u00bb custom_padding__hover=\u00bb|||\u00bb][et_pb_text _builder_version=\u00bb4.21.0&#8243; _module_preset=\u00bbdefault\u00bb text_font=\u00bbArimo||||||||\u00bb text_text_color=\u00bb#363636&#8243; header_4_font=\u00bbGlacial Indifference||||||||\u00bb header_4_text_align=\u00bbcenter\u00bb text_orientation=\u00bbcenter\u00bb custom_margin=\u00bb0px||0px||false|false\u00bb custom_padding=\u00bb5px||12px||false|false\u00bb border_width_bottom=\u00bb2px\u00bb border_color_bottom=\u00bb#cd7220&#8243; locked=\u00bboff\u00bb global_colors_info=\u00bb{}\u00bb]<\/p>\n<h3>Dr. Mario MOTTA<\/h3>\n<p><span style=\"color: #cd7220;\">\/<\/span> DIRECTOR T\u00c9CNICO\u00a0<span style=\"color: #cd7220;\">\/<\/span><\/p>\n<p>[\/et_pb_text][\/et_pb_column][\/et_pb_row][\/et_pb_section][et_pb_section fb_built=\u00bb1&#8243; admin_label=\u00bbQuote\u00bb _builder_version=\u00bb4.21.0&#8243; background_color=\u00bb#ffffff\u00bb custom_padding=\u00bb18px||26px||false|\u00bb bottom_divider_style=\u00bbwave2&#8243; bottom_divider_color=\u00bb#cd7220&#8243; bottom_divider_flip=\u00bbhorizontal\u00bb hover_enabled=\u00bb0&#8243; global_colors_info=\u00bb{}\u00bb sticky_enabled=\u00bb0&#8243; custom_margin=\u00bb||-41px|||\u00bb][et_pb_row column_structure=\u00bb1_2,1_2&#8243; _builder_version=\u00bb4.16&#8243; custom_margin=\u00bb-8px|auto||auto||\u00bb custom_padding=\u00bb8px||30px|||\u00bb global_colors_info=\u00bb{}\u00bb][et_pb_column type=\u00bb1_2&#8243; _builder_version=\u00bb4.16&#8243; custom_padding=\u00bb|||\u00bb global_colors_info=\u00bb{}\u00bb custom_padding__hover=\u00bb|||\u00bb][et_pb_text _builder_version=\u00bb4.16&#8243; text_font=\u00bbCaveat|700|||||||\u00bb text_text_color=\u00bb#ffffff\u00bb text_font_size=\u00bb41px\u00bb text_line_height=\u00bb1.5em\u00bb header_font=\u00bbGlacial Indifference|600|||||||\u00bb header_text_color=\u00bb#702f29&#8243; header_font_size=\u00bb46px\u00bb positioning=\u00bbrelative\u00bb position_origin_r=\u00bbtop_right\u00bb text_orientation=\u00bbcenter\u00bb width=\u00bb100%\u00bb max_width=\u00bb800px\u00bb module_alignment=\u00bbcenter\u00bb custom_margin=\u00bb||10px|||\u00bb custom_padding=\u00bb||0px|||\u00bb animation_style=\u00bbslide\u00bb text_font_size_tablet=\u00bb36px\u00bb text_font_size_phone=\u00bb26px\u00bb text_font_size_last_edited=\u00bbon|phone\u00bb global_colors_info=\u00bb{}\u00bb]<\/p>\n<h1><span>El compromiso<\/span><\/h1>\n<p>[\/et_pb_text][et_pb_text _builder_version=\u00bb4.16&#8243; _module_preset=\u00bbdefault\u00bb text_font=\u00bbArimo||||||||\u00bb text_text_color=\u00bb#363636&#8243; text_font_size=\u00bb17px\u00bb header_font=\u00bbGlacial Indifference||||||||\u00bb text_orientation=\u00bbjustified\u00bb custom_padding=\u00bb||0px|||\u00bb global_colors_info=\u00bb{}\u00bb]<\/p>\n<ul>\n<li style=\"text-align: left;\">Atender el aporte comunitario a trav\u00e9s de la individualizaci\u00f3n de las necesidades que conforman la promoci\u00f3n de un acto responsable entre instituci\u00f3n-sociedad.<\/li>\n<li style=\"text-align: left;\">No cejar en los esfuerzos de promover acciones para mejorar la calidad asistencial teniendo como objetivo el trato personal, considerado y amable con el afiliado.<\/li>\n<li style=\"text-align: left;\">Continuar ampliando la capacitaci\u00f3n de todos los funcionarios, optimizando criterios para el cumplimiento de los objetivos institucionales.<\/li>\n<\/ul>\n<p style=\"text-align: left;\">La pol\u00edtica institucional ha sido y ser\u00e1 la b\u00fasqueda permanente y constante del perfeccionamiento de los recursos humanos, t\u00e9cnicos y materiales con el s\u00f3lo objetivo de considerar a la atenci\u00f3n de la salud humana dentro de los par\u00e1metros de la calidad y eficiencia bas\u00e1ndose en los principios de oportuna, continua, equitativa, accesible y eficaz.<\/p>\n<p>[\/et_pb_text][\/et_pb_column][et_pb_column type=\u00bb1_2&#8243; _builder_version=\u00bb4.16&#8243; _module_preset=\u00bbdefault\u00bb global_colors_info=\u00bb{}\u00bb][et_pb_blurb title=\u00bbNuestra visi\u00f3n\u00bb use_icon=\u00bbon\u00bb font_icon=\u00bb&#xe007;||divi||400&#8243; icon_placement=\u00bbleft\u00bb image_icon_width=\u00bb45px\u00bb _builder_version=\u00bb4.21.0&#8243; _module_preset=\u00bbdefault\u00bb header_level=\u00bbh2&#8243; header_font=\u00bbGlacial Indifference||||||||\u00bb header_text_align=\u00bbleft\u00bb header_text_color=\u00bb#702f29&#8243; header_font_size=\u00bb28px\u00bb body_font=\u00bbArimo||||||||\u00bb body_text_align=\u00bbjustify\u00bb body_font_size=\u00bb16px\u00bb custom_padding=\u00bb66px|||||\u00bb icon_font_size=\u00bb54px\u00bb global_colors_info=\u00bb{}\u00bb]<\/p>\n<p><span>Liderar en servicios de asistencia integral de salud a nivel departamental y en el \u00e1rea de influencia de la regi\u00f3n, brindar la mayor cobertura de salud haciendo hincapi\u00e9 en la atenci\u00f3n primaria y prevenci\u00f3n de salud.<\/span><\/p>\n<p>[\/et_pb_blurb][et_pb_blurb title=\u00bbNuestra misi\u00f3n\u00bb use_icon=\u00bbon\u00bb font_icon=\u00bb&#xe030;||divi||400&#8243; icon_placement=\u00bbleft\u00bb image_icon_width=\u00bb45px\u00bb _builder_version=\u00bb4.21.0&#8243; _module_preset=\u00bbdefault\u00bb header_level=\u00bbh2&#8243; header_font=\u00bbGlacial Indifference||||||||\u00bb header_text_align=\u00bbleft\u00bb header_text_color=\u00bb#702f29&#8243; header_font_size=\u00bb28px\u00bb body_font=\u00bbArimo||||||||\u00bb body_text_align=\u00bbjustify\u00bb body_font_size=\u00bb16px\u00bb custom_padding=\u00bb49px|||||\u00bb icon_font_size=\u00bb54px\u00bb global_colors_info=\u00bb{}\u00bb]<\/p>\n<div class=\"sppb-addon sppb-addon-feature sppb-text-center \">\n<div class=\"sppb-addon-content\">\n<div class=\"sppb-addon-text sppb-text-center\">Llevar adelante las pol\u00edticas de mejora permanente de la calidad de vida de todos los habitantes, optimizando esfuerzos t\u00e9cnicos y humanos en pos de una continua y constante superaci\u00f3n en la calidad de atenci\u00f3n utilizando los m\u00e1s amplios criterios de humanizaci\u00f3n y solidaridad.<\/div>\n<\/div>\n<\/div>\n<p>[\/et_pb_blurb][\/et_pb_column][\/et_pb_row][et_pb_row column_structure=\u00bb1_2,1_2&#8243; _builder_version=\u00bb4.16&#8243; _module_preset=\u00bbdefault\u00bb min_height=\u00bb431.3px\u00bb custom_padding=\u00bb||78px|||\u00bb global_colors_info=\u00bb{}\u00bb][et_pb_column type=\u00bb1_2&#8243; _builder_version=\u00bb4.16&#8243; _module_preset=\u00bbdefault\u00bb global_colors_info=\u00bb{}\u00bb][et_pb_video src=\u00bbhttps:\/\/youtu.be\/BJ_UvROA7Ro\u00bb _builder_version=\u00bb4.16&#8243; _module_preset=\u00bbdefault\u00bb global_colors_info=\u00bb{}\u00bb][\/et_pb_video][\/et_pb_column][et_pb_column type=\u00bb1_2&#8243; _builder_version=\u00bb4.16&#8243; _module_preset=\u00bbdefault\u00bb global_colors_info=\u00bb{}\u00bb][et_pb_video src=\u00bbhttps:\/\/youtu.be\/36HoBzxI-2s\u00bb _builder_version=\u00bb4.16&#8243; _module_preset=\u00bbdefault\u00bb global_colors_info=\u00bb{}\u00bb][\/et_pb_video][\/et_pb_column][\/et_pb_row][\/et_pb_section][et_pb_section fb_built=\u00bb1&#8243; admin_label=\u00bbAbout Me\u00bb _builder_version=\u00bb4.21.0&#8243; background_color=\u00bb#ffffff\u00bb custom_margin=\u00bb40px|||||\u00bb custom_padding=\u00bb39px||37px||false|false\u00bb top_divider_style=\u00bbwaves2&#8243; top_divider_height=\u00bb69px\u00bb bottom_divider_color=\u00bb#ffffff\u00bb bottom_divider_height=\u00bb64px\u00bb bottom_divider_repeat=\u00bb0x\u00bb hover_enabled=\u00bb0&#8243; global_colors_info=\u00bb{}\u00bb top_divider_color=\u00bb#cd7220&#8243; sticky_enabled=\u00bb0&#8243; min_height=\u00bb1244.9px\u00bb][et_pb_row _builder_version=\u00bb4.16&#8243; _module_preset=\u00bbdefault\u00bb min_height=\u00bb38px\u00bb custom_padding=\u00bb4px||3px|||\u00bb global_colors_info=\u00bb{}\u00bb][et_pb_column type=\u00bb4_4&#8243; _builder_version=\u00bb4.16&#8243; _module_preset=\u00bbdefault\u00bb global_colors_info=\u00bb{}\u00bb][et_pb_text _builder_version=\u00bb4.16&#8243; _module_preset=\u00bbdefault\u00bb text_font=\u00bbArimo||||||||\u00bb text_text_color=\u00bb#363636&#8243; header_font=\u00bbGlacial Indifference|600|||||||\u00bb header_text_align=\u00bbcenter\u00bb header_text_color=\u00bb#702f29&#8243; header_font_size=\u00bb52px\u00bb header_2_font=\u00bbGlacial Indifference||||||||\u00bb min_height=\u00bb53.8px\u00bb custom_margin=\u00bb||33px|||\u00bb custom_padding=\u00bb0px|||||\u00bb global_colors_info=\u00bb{}\u00bb][\/et_pb_text][\/et_pb_column][\/et_pb_row][et_pb_row _builder_version=\u00bb4.16&#8243; _module_preset=\u00bbdefault\u00bb min_height=\u00bb38px\u00bb custom_padding=\u00bb4px||3px|||\u00bb global_colors_info=\u00bb{}\u00bb][et_pb_column type=\u00bb4_4&#8243; _builder_version=\u00bb4.16&#8243; _module_preset=\u00bbdefault\u00bb global_colors_info=\u00bb{}\u00bb][et_pb_text _builder_version=\u00bb4.16&#8243; _module_preset=\u00bbdefault\u00bb text_font=\u00bbArimo||||||||\u00bb text_text_color=\u00bb#363636&#8243; header_font=\u00bbGlacial Indifference|600|||||||\u00bb header_text_align=\u00bbcenter\u00bb header_text_color=\u00bb#702f29&#8243; header_font_size=\u00bb52px\u00bb header_2_font=\u00bbGlacial Indifference||||||||\u00bb custom_padding=\u00bb0px||28px|||\u00bb global_colors_info=\u00bb{}\u00bb]<\/p>\n<h1>Historia<\/h1>\n<p>[\/et_pb_text][\/et_pb_column][\/et_pb_row][et_pb_row column_structure=\u00bb1_2,1_2&#8243; _builder_version=\u00bb4.16&#8243; min_height=\u00bb445px\u00bb custom_margin=\u00bb6px|auto||auto||\u00bb custom_padding=\u00bb5px||0px|||\u00bb global_colors_info=\u00bb{}\u00bb][et_pb_column type=\u00bb1_2&#8243; _builder_version=\u00bb4.16&#8243; custom_padding=\u00bb|||\u00bb global_colors_info=\u00bb{}\u00bb custom_padding__hover=\u00bb|||\u00bb][et_pb_text _builder_version=\u00bb4.16&#8243; text_font=\u00bbArimo||||||||\u00bb text_text_color=\u00bb#363636&#8243; text_font_size=\u00bb16px\u00bb text_line_height=\u00bb1.8em\u00bb link_font=\u00bb||||||||\u00bb ul_font=\u00bb||||||||\u00bb ol_font=\u00bb||||||||\u00bb quote_font=\u00bb||||||||\u00bb header_font=\u00bb||||||||\u00bb header_2_font=\u00bbLato|700|||||||\u00bb header_2_font_size=\u00bb30px\u00bb header_2_letter_spacing=\u00bb1px\u00bb header_2_line_height=\u00bb1.5em\u00bb text_orientation=\u00bbjustified\u00bb custom_margin=\u00bb|-27px||||\u00bb custom_padding=\u00bb4px|27px||||\u00bb animation_style=\u00bbslide\u00bb animation_direction=\u00bbbottom\u00bb animation_intensity_slide=\u00bb5%\u00bb header_2_font_size_tablet=\u00bb\u00bb header_2_font_size_phone=\u00bb22px\u00bb header_2_font_size_last_edited=\u00bbon|phone\u00bb global_colors_info=\u00bb{}\u00bb]<\/p>\n<p class=\"p1\"><span class=\"s1\">El\u00a0moj\u00f3n fundacional de lo que hoy es el\u00a0<strong>Instituto Asistencial Colectivo<\/strong><span>\u00a0<\/span>(IAC) lo marc\u00f3 la visi\u00f3n de futuro\u00a0de prestigiosos profesionales m\u00e9dicos de Treinta y Tres, avizorando la evoluci\u00f3n de la sociedad en tiempos de un aumento poblacional y de la importancia que conllevar\u00eda a la b\u00fasqueda de otras propuestas para el cuidado de la salud.<\/span><\/p>\n<p class=\"p1\"><span class=\"s1\">Fue un largo proceso que demand\u00f3 un incremento de esfuerzos humanos, t\u00e9cnicos y econ\u00f3micos y que tuvo como punto culminante el 17 de noviembre de 1970 cuando se fund\u00f3 IAC, la\u00a0<strong>primera mutualista de atenci\u00f3n integral de salud<\/strong>\u00a0de car\u00e1cter privado.<\/span><\/p>\n<p class=\"p1\"><span class=\"s1\">En funci\u00f3n de la demanda creciente y constante, llev\u00f3 a que en el transcurrir del tiempo se procurara dotar de mayores comodidades en el nivel asistencial y de internaci\u00f3n, logrando nuevos objetivos en infraestructura t\u00e9cnica y humana, y la instauraci\u00f3n de policl\u00ednicos descentralizados en las localidades del departamento.<\/span><\/p>\n<p>[\/et_pb_text][\/et_pb_column][et_pb_column type=\u00bb1_2&#8243; _builder_version=\u00bb4.16&#8243; custom_padding=\u00bb|||\u00bb global_colors_info=\u00bb{}\u00bb custom_padding__hover=\u00bb|||\u00bb][et_pb_image src=\u00bbhttps:\/\/www.iac.com.uy\/iac\/wp-content\/uploads\/2020\/09\/imagenologia.png\u00bb title_text=\u00bbimagenologia\u00bb _builder_version=\u00bb4.21.0&#8243; _module_preset=\u00bbdefault\u00bb width=\u00bb69%\u00bb module_alignment=\u00bbcenter\u00bb custom_margin=\u00bb-5px|||71px||\u00bb custom_padding=\u00bb||0px|||\u00bb border_radii=\u00bbon|5px|5px|5px|5px\u00bb border_color_all=\u00bb#ff6000&#8243; box_shadow_style=\u00bbpreset2&#8243; global_colors_info=\u00bb{}\u00bb][\/et_pb_image][\/et_pb_column][\/et_pb_row][et_pb_row _builder_version=\u00bb4.16&#8243; _module_preset=\u00bbdefault\u00bb custom_margin=\u00bb-1px|auto||auto||\u00bb custom_padding=\u00bb16px|||||\u00bb global_colors_info=\u00bb{}\u00bb][et_pb_column type=\u00bb4_4&#8243; _builder_version=\u00bb4.16&#8243; _module_preset=\u00bbdefault\u00bb global_colors_info=\u00bb{}\u00bb][et_pb_text _builder_version=\u00bb4.16&#8243; _module_preset=\u00bbdefault\u00bb text_font=\u00bbArimo||||||||\u00bb text_text_color=\u00bb#363636&#8243; text_font_size=\u00bb16px\u00bb text_line_height=\u00bb1.8em\u00bb link_font=\u00bb||||||||\u00bb ul_font=\u00bb||||||||\u00bb ol_font=\u00bb||||||||\u00bb quote_font=\u00bb||||||||\u00bb header_font=\u00bb||||||||\u00bb header_2_font=\u00bbLato|700|||||||\u00bb header_2_font_size=\u00bb30px\u00bb header_2_letter_spacing=\u00bb1px\u00bb header_2_line_height=\u00bb1.5em\u00bb text_orientation=\u00bbjustified\u00bb animation_style=\u00bbslide\u00bb animation_direction=\u00bbbottom\u00bb animation_intensity_slide=\u00bb5%\u00bb header_2_font_size_tablet=\u00bb\u00bb header_2_font_size_phone=\u00bb22px\u00bb header_2_font_size_last_edited=\u00bbon|phone\u00bb global_colors_info=\u00bb{}\u00bb]<\/p>\n<p>Notoria era la superaci\u00f3n institucional\u00a0dada por la calificada atenci\u00f3n m\u00e9dica \u201ccasi personalizada\u201d que se reflejaba en el aumento permanente del padr\u00f3n de afiliados llevando a los directivos a plantear pol\u00edticas de crecimiento futuro en corto y mediano plazo.<br \/> Fue as\u00ed que en el a\u00f1o 1984 se adquiri\u00f3 la mayor\u00eda del paquete accionario del sanatorio CRAMQSA \u201cDr. Walter Buscasso\u201d iniciando el proceso de expansi\u00f3n.<br \/> En el a\u00f1o 1995, en tanto, se concret\u00f3 la primera de las dos partes que consist\u00eda\u00a0el Policl\u00ednico Central y oficinas administrativas.<br \/> Otro de los logros importantes llev\u00f3 al ordenamiento de las atenciones m\u00e9dicas ambulatorias por especialidades en modernos y amplios consultorios.<br \/> Posteriormente, por el a\u00f1o 2000, se lleg\u00f3 a la concreci\u00f3n final del proyecto, centraliz\u00e1ndose el aparato administrativo con la atenci\u00f3n m\u00e9dica, y un moderno y funcional expendio de medicamentos.<br \/> Con el tiempo se dotaron de mayores servicios, conform\u00e1ndose las \u00e1reas de Fisioterapia, con moderno y funcional equipamiento, Laboratorio de An\u00e1lisis Cl\u00ednicos, Laboratorio de Anatom\u00eda Patol\u00f3gica, Banco de Sangre, ampliaci\u00f3n de CTI y un alojamiento para familiares de pacientes del interior.<br \/> En el a\u00f1o 2010 se cre\u00f3 el Centro de Imagenolog\u00eda, en el anexo al Policl\u00ednico Central Dr. Eduardo P\u00e9rez, conformando el m\u00e1s moderno sistema de salud de asistencia integral de toda la zona.<\/p>\n<p>[\/et_pb_text][\/et_pb_column][\/et_pb_row][\/et_pb_section]<\/p>\n","protected":false},"excerpt":{"rendered":"<p>Consejo Directivo Nuestros l\u00edderes a su servicio.Dr. Horacio PAGLIOTTI \/ PRESIDENTE \/Dra. Ana TRIPODI \/\u00a0SECRETARIO\u00a0\/Dra. Cristina URDANGAR\u00cdN \/ TESORERO\u00a0\/Dr. Mario MOTTA \/ DIRECTOR T\u00c9CNICO\u00a0\/El compromiso Atender el aporte comunitario a trav\u00e9s de la individualizaci\u00f3n de las necesidades que conforman la promoci\u00f3n de un acto responsable entre instituci\u00f3n-sociedad. No cejar en los esfuerzos de promover acciones [&hellip;]<\/p>\n","protected":false},"author":1,"featured_media":0,"parent":0,"menu_order":0,"comment_status":"closed","ping_status":"closed","template":"","meta":{"_et_pb_use_builder":"on","_et_pb_old_content":"<!-- wp:divi\/placeholder \/-->","_et_gb_content_width":"","footnotes":""},"class_list":["post-146","page","type-page","status-publish","hentry"],"_links":{"self":[{"href":"https:\/\/www.iac.com.uy\/iac\/wp-json\/wp\/v2\/pages\/146","targetHints":{"allow":["GET"]}}],"collection":[{"href":"https:\/\/www.iac.com.uy\/iac\/wp-json\/wp\/v2\/pages"}],"about":[{"href":"https:\/\/www.iac.com.uy\/iac\/wp-json\/wp\/v2\/types\/page"}],"author":[{"embeddable":true,"href":"https:\/\/www.iac.com.uy\/iac\/wp-json\/wp\/v2\/users\/1"}],"replies":[{"embeddable":true,"href":"https:\/\/www.iac.com.uy\/iac\/wp-json\/wp\/v2\/comments?post=146"}],"version-history":[{"count":38,"href":"https:\/\/www.iac.com.uy\/iac\/wp-json\/wp\/v2\/pages\/146\/revisions"}],"predecessor-version":[{"id":2533,"href":"https:\/\/www.iac.com.uy\/iac\/wp-json\/wp\/v2\/pages\/146\/revisions\/2533"}],"wp:attachment":[{"href":"https:\/\/www.iac.com.uy\/iac\/wp-json\/wp\/v2\/media?parent=146"}],"curies":[{"name":"wp","href":"https:\/\/api.w.org\/{rel}","templated":true}]}}